{"id":3217126,"date":"2025-12-18T00:26:35","date_gmt":"2025-12-17T23:26:35","guid":{"rendered":"https:\/\/streetmarkets.fr\/app\/produit\/bague-saila-pierres-au-choix-la-boutique-de-louise\/"},"modified":"2026-01-05T00:27:22","modified_gmt":"2026-01-04T23:27:22","slug":"bague-saila-pierres-au-choix-la-boutique-de-louise","status":"publish","type":"product","link":"https:\/\/streetmarkets.fr\/app\/produit\/bague-saila-pierres-au-choix-la-boutique-de-louise\/","title":{"rendered":"Bague Sa\u00efla (Pierres au choix) &#8211; La boutique de Louise"},"content":{"rendered":"<p>Bague ouverte en acier inoxydable compos\u00e9e de 3 pierres rondes (\u00e0 choisir dans le menu d\u00e9roulant).Ajustable, la bague se resserre ou s\u2019agrandit de la taille 52 \u00e0 56.Hauteur de la bague :\u00a019.5 mm.Epaisseur de l&#8217;anneau : 5 mm.Dimension\u00a0des pierres :\u00a08 mm.Trois combinaisons de pierres au choix :-\u00a0Jaspe paysage, Ivory Cream et agate-\u00a0Unakite, rhodonite et agate blanche-\u00a0Howlite, turquoise africaine et\u00a0 amazoniteGarantie sans nickel, sans cadmium, sans sel de plomb.R\u00e9siste \u00e0 l\u2019eau et\u00a0au temps\u00c9tant des pierres naturelles, leurs couleurs et leur taille peuvent varier d\u2019une pierre \u00e0 l\u2019autre.Bohm est une marque parisienne de bijoux en acier inoxydable, r\u00e9sistant au temps et \u00e0 l&#8217;eau.Alliant des mod\u00e8les tr\u00e8s modes et des pierres naturelles, la femme Bohm est \u00e0 la fois authentique et\u00a0originale avec un temp\u00e9rament passionn\u00e9 et un caract\u00e8re affirm\u00e9.<\/p>\n","protected":false},"excerpt":{"rendered":"<p>Bague ouverte en acier inoxydable compos\u00e9e de 3 pierres rondes (\u00e0 choisir dans le menu d\u00e9roulant).Ajustable, la bague se resserre ou s\u2019agrandit de la taille 52 \u00e0 56.Hauteur de la bague :\u00a019.5 mm.Epaisseur de l&#8217;anneau : 5 mm.Dimension\u00a0des pierres :\u00a08 mm.Trois combinaisons de pierres au choix :-\u00a0Jaspe paysage, Ivory Cream et agate-\u00a0Unakite, rhodonite et agate [&hellip;]<\/p>\n","protected":false},"featured_media":3217127,"comment_status":"open","ping_status":"closed","template":"","meta":[],"product_brand":[],"product_cat":[],"product_tag":[],"acf":[],"_links":{"self":[{"href":"https:\/\/streetmarkets.fr\/app\/wp-json\/wp\/v2\/product\/3217126"}],"collection":[{"href":"https:\/\/streetmarkets.fr\/app\/wp-json\/wp\/v2\/product"}],"about":[{"href":"https:\/\/streetmarkets.fr\/app\/wp-json\/wp\/v2\/types\/product"}],"replies":[{"embeddable":true,"href":"https:\/\/streetmarkets.fr\/app\/wp-json\/wp\/v2\/comments?post=3217126"}],"wp:featuredmedia":[{"embeddable":true,"href":"https:\/\/streetmarkets.fr\/app\/wp-json\/wp\/v2\/media\/3217127"}],"wp:attachment":[{"href":"https:\/\/streetmarkets.fr\/app\/wp-json\/wp\/v2\/media?parent=3217126"}],"wp:term":[{"taxonomy":"product_brand","embeddable":true,"href":"https:\/\/streetmarkets.fr\/app\/wp-json\/wp\/v2\/product_brand?post=3217126"},{"taxonomy":"product_cat","embeddable":true,"href":"https:\/\/streetmarkets.fr\/app\/wp-json\/wp\/v2\/product_cat?post=3217126"},{"taxonomy":"product_tag","embeddable":true,"href":"https:\/\/streetmarkets.fr\/app\/wp-json\/wp\/v2\/product_tag?post=3217126"}],"curies":[{"name":"wp","href":"https:\/\/api.w.org\/{rel}","templated":true}]}}