{"id":3206630,"date":"2025-12-16T00:53:26","date_gmt":"2025-12-15T23:53:26","guid":{"rendered":"https:\/\/streetmarkets.fr\/app\/produit\/pull-col-camionneur-cachemire-brosse-s26-femme-ecru\/"},"modified":"2026-05-11T01:54:07","modified_gmt":"2026-05-10T23:54:07","slug":"pull-col-camionneur-cachemire-brosse-s26-femme-ecru","status":"publish","type":"product","link":"https:\/\/streetmarkets.fr\/app\/produit\/pull-col-camionneur-cachemire-brosse-s26-femme-ecru\/","title":{"rendered":"Pull Col Camionneur Cachemire Bross\u00e9 (S26\/HOMME \/ ECRU)"},"content":{"rendered":"<p>Un pull camionneur en cachemire \u00e0 l\u2019allure affirm\u00e9e, m\u00ealant volume cosy, toucher duveteux et d\u00e9tails c\u00f4tel\u00e9s contrast\u00e9s.<br \/>\n<br \/>&#8211; Pull en cachemire 4 fils certifi\u00e9 GCS<br \/>\n<br \/>&#8211; Col camionneur zipp\u00e9<br \/>\n<br \/>&#8211; Texture hairy duveteuse<br \/>\n<br \/>&#8211; Maille hairy<br \/>\n<br \/>&#8211; Cachemire 4 fils<br \/>\n<br \/>&#8211; Le Good Cashmere Standard\u00ae (GCS) est un standard ind\u00e9pendant pour un cachemire plus durable et responsable, visant \u00e0 am\u00e9liorer le bien-\u00eatre des ch\u00e8vres cachemire, les conditions de travail des \u00e9leveurs et \u00e0 prot\u00e9ger l\u2019environnement.<\/p>\n","protected":false},"excerpt":{"rendered":"<p>Un pull camionneur en cachemire \u00e0 l\u2019allure affirm\u00e9e, m\u00ealant volume cosy, toucher duveteux et d\u00e9tails c\u00f4tel\u00e9s contrast\u00e9s. &#8211; Pull en cachemire 4 fils certifi\u00e9 GCS &#8211; Col camionneur zipp\u00e9 &#8211; Texture hairy duveteuse &#8211; Maille hairy &#8211; Cachemire 4 fils &#8211; Le Good Cashmere Standard\u00ae (GCS) est un standard ind\u00e9pendant pour un cachemire plus durable [&hellip;]<\/p>\n","protected":false},"featured_media":3206631,"comment_status":"open","ping_status":"closed","template":"","meta":[],"product_brand":[6868],"product_cat":[],"product_tag":[],"acf":[],"_links":{"self":[{"href":"https:\/\/streetmarkets.fr\/app\/wp-json\/wp\/v2\/product\/3206630"}],"collection":[{"href":"https:\/\/streetmarkets.fr\/app\/wp-json\/wp\/v2\/product"}],"about":[{"href":"https:\/\/streetmarkets.fr\/app\/wp-json\/wp\/v2\/types\/product"}],"replies":[{"embeddable":true,"href":"https:\/\/streetmarkets.fr\/app\/wp-json\/wp\/v2\/comments?post=3206630"}],"wp:featuredmedia":[{"embeddable":true,"href":"https:\/\/streetmarkets.fr\/app\/wp-json\/wp\/v2\/media\/3206631"}],"wp:attachment":[{"href":"https:\/\/streetmarkets.fr\/app\/wp-json\/wp\/v2\/media?parent=3206630"}],"wp:term":[{"taxonomy":"product_brand","embeddable":true,"href":"https:\/\/streetmarkets.fr\/app\/wp-json\/wp\/v2\/product_brand?post=3206630"},{"taxonomy":"product_cat","embeddable":true,"href":"https:\/\/streetmarkets.fr\/app\/wp-json\/wp\/v2\/product_cat?post=3206630"},{"taxonomy":"product_tag","embeddable":true,"href":"https:\/\/streetmarkets.fr\/app\/wp-json\/wp\/v2\/product_tag?post=3206630"}],"curies":[{"name":"wp","href":"https:\/\/api.w.org\/{rel}","templated":true}]}}