{"id":3189838,"date":"2025-12-13T00:52:09","date_gmt":"2025-12-12T23:52:09","guid":{"rendered":"https:\/\/streetmarkets.fr\/app\/produit\/bague-marcie\/"},"modified":"2026-05-14T01:49:44","modified_gmt":"2026-05-13T23:49:44","slug":"bague-marcie","status":"publish","type":"product","link":"https:\/\/streetmarkets.fr\/app\/produit\/bague-marcie\/","title":{"rendered":"Bague &#8211; Marcie"},"content":{"rendered":"<p>La bague <span>Marcie <\/span>est parfaite pour se rem\u00e9morer les doux souvenirs de l&#8217;\u00e9t\u00e9.<\/p>\n<p><span>Une bague minimaliste qui illuminera votre look et est parfaitement con\u00e7ue pour s&#8217;harmoniser avec vos autres bagues !<\/span><\/p>\n<p><strong>Ce mod\u00e8<\/strong><strong>le vous pla\u00eet mais n&#8217;est plus disponible ? Contactez-nous \u00e0 bonjour@nadyut.com pour le pr\u00e9commander ! Vous le recevrez entre 1 et 2 semaines.<\/strong><\/p>\n","protected":false},"excerpt":{"rendered":"<p>La bague Marcie est parfaite pour se rem\u00e9morer les doux souvenirs de l&#8217;\u00e9t\u00e9. Une bague minimaliste qui illuminera votre look et est parfaitement con\u00e7ue pour s&#8217;harmoniser avec vos autres bagues ! Ce mod\u00e8le vous pla\u00eet mais n&#8217;est plus disponible ? Contactez-nous \u00e0 bonjour@nadyut.com pour le pr\u00e9commander ! Vous le recevrez entre 1 et 2 semaines.<\/p>\n","protected":false},"featured_media":3189839,"comment_status":"open","ping_status":"closed","template":"","meta":[],"product_brand":[],"product_cat":[],"product_tag":[],"acf":[],"_links":{"self":[{"href":"https:\/\/streetmarkets.fr\/app\/wp-json\/wp\/v2\/product\/3189838"}],"collection":[{"href":"https:\/\/streetmarkets.fr\/app\/wp-json\/wp\/v2\/product"}],"about":[{"href":"https:\/\/streetmarkets.fr\/app\/wp-json\/wp\/v2\/types\/product"}],"replies":[{"embeddable":true,"href":"https:\/\/streetmarkets.fr\/app\/wp-json\/wp\/v2\/comments?post=3189838"}],"wp:featuredmedia":[{"embeddable":true,"href":"https:\/\/streetmarkets.fr\/app\/wp-json\/wp\/v2\/media\/3189839"}],"wp:attachment":[{"href":"https:\/\/streetmarkets.fr\/app\/wp-json\/wp\/v2\/media?parent=3189838"}],"wp:term":[{"taxonomy":"product_brand","embeddable":true,"href":"https:\/\/streetmarkets.fr\/app\/wp-json\/wp\/v2\/product_brand?post=3189838"},{"taxonomy":"product_cat","embeddable":true,"href":"https:\/\/streetmarkets.fr\/app\/wp-json\/wp\/v2\/product_cat?post=3189838"},{"taxonomy":"product_tag","embeddable":true,"href":"https:\/\/streetmarkets.fr\/app\/wp-json\/wp\/v2\/product_tag?post=3189838"}],"curies":[{"name":"wp","href":"https:\/\/api.w.org\/{rel}","templated":true}]}}