{"id":3189830,"date":"2025-12-13T00:51:35","date_gmt":"2025-12-12T23:51:35","guid":{"rendered":"https:\/\/streetmarkets.fr\/app\/produit\/bague-florine\/"},"modified":"2026-05-14T01:49:33","modified_gmt":"2026-05-13T23:49:33","slug":"bague-florine","status":"publish","type":"product","link":"https:\/\/streetmarkets.fr\/app\/produit\/bague-florine\/","title":{"rendered":"Bague &#8211; Florine"},"content":{"rendered":"<p>La bague intemporelle Florine, des<span> billes revisit\u00e9es ici en superposition. Une bague classique au quotidien, qui s&#8217;accordera parfaitement avec tous les styles !<\/span><\/p>\n<p><strong>Ce mod\u00e8<\/strong><strong>le vous pla\u00eet mais n&#8217;est plus disponible ? Contactez-nous \u00e0 bonjour@nadyut.com pour le pr\u00e9commander ! Vous le recevrez entre 1 et 2 semaines.<\/strong><\/p>\n","protected":false},"excerpt":{"rendered":"<p>La bague intemporelle Florine, des billes revisit\u00e9es ici en superposition. Une bague classique au quotidien, qui s&#8217;accordera parfaitement avec tous les styles ! Ce mod\u00e8le vous pla\u00eet mais n&#8217;est plus disponible ? Contactez-nous \u00e0 bonjour@nadyut.com pour le pr\u00e9commander ! Vous le recevrez entre 1 et 2 semaines.<\/p>\n","protected":false},"featured_media":3189831,"comment_status":"open","ping_status":"closed","template":"","meta":[],"product_brand":[],"product_cat":[],"product_tag":[],"acf":[],"_links":{"self":[{"href":"https:\/\/streetmarkets.fr\/app\/wp-json\/wp\/v2\/product\/3189830"}],"collection":[{"href":"https:\/\/streetmarkets.fr\/app\/wp-json\/wp\/v2\/product"}],"about":[{"href":"https:\/\/streetmarkets.fr\/app\/wp-json\/wp\/v2\/types\/product"}],"replies":[{"embeddable":true,"href":"https:\/\/streetmarkets.fr\/app\/wp-json\/wp\/v2\/comments?post=3189830"}],"wp:featuredmedia":[{"embeddable":true,"href":"https:\/\/streetmarkets.fr\/app\/wp-json\/wp\/v2\/media\/3189831"}],"wp:attachment":[{"href":"https:\/\/streetmarkets.fr\/app\/wp-json\/wp\/v2\/media?parent=3189830"}],"wp:term":[{"taxonomy":"product_brand","embeddable":true,"href":"https:\/\/streetmarkets.fr\/app\/wp-json\/wp\/v2\/product_brand?post=3189830"},{"taxonomy":"product_cat","embeddable":true,"href":"https:\/\/streetmarkets.fr\/app\/wp-json\/wp\/v2\/product_cat?post=3189830"},{"taxonomy":"product_tag","embeddable":true,"href":"https:\/\/streetmarkets.fr\/app\/wp-json\/wp\/v2\/product_tag?post=3189830"}],"curies":[{"name":"wp","href":"https:\/\/api.w.org\/{rel}","templated":true}]}}