{"id":3189486,"date":"2025-12-13T00:28:02","date_gmt":"2025-12-12T23:28:02","guid":{"rendered":"https:\/\/streetmarkets.fr\/app\/produit\/barrette-voiture-sapin-la-boutique-de-louise\/"},"modified":"2026-01-05T00:27:48","modified_gmt":"2026-01-04T23:27:48","slug":"barrette-voiture-sapin-la-boutique-de-louise","status":"publish","type":"product","link":"https:\/\/streetmarkets.fr\/app\/produit\/barrette-voiture-sapin-la-boutique-de-louise\/","title":{"rendered":"Barrette Voiture sapin &#8211; La boutique de Louise"},"content":{"rendered":"<p>Barrette Voiture\u00a0sapinVous voyez cette sc\u00e8ne dans les t\u00e9l\u00e9films de No\u00ebl romantiques ?Quand les personnages vont choisir leur sapin dans une sublime for\u00eat et le hissent sur le toit de leur voiture (juste avant le French kiss sous la neige\u2026).Nous y voil\u00e0 ! Cette belle barrette \u00e0 cheveux rouge et vert est pr\u00eate \u00e0 sillonner entre nos petites m\u00e8ches rebelles.- Composition : ac\u00e9tate de cellulose- Type d\u2019attache :clip plat- Longueur :\u00a04.5 cm- Largeur : 3.5 cm- Chaque cr\u00e9ation est unique, la couleur peut varier l\u00e9g\u00e8rement selon le morceau d&#8217;ac\u00e9tate utilis\u00e9.- Fabriqu\u00e9e en Chine dans une usine audit\u00e9e.Coucou Suzette est la marque fran\u00e7aise qui met du fun dans vos accessoires, lanc\u00e9e par la p\u00e9tillante Juliette Mallet.Connue pour ses cr\u00e9ations originales et color\u00e9es, elle transforme des objets du quotidien en petites merveilles d\u00e9cal\u00e9es. Des\u00a0pinces \u00e0 cheveux rigolotes, de chaussettes d\u00e9jant\u00e9es et des accessoires\u00a0fantaisie qui ne se prennent pas au s\u00e9rieux.Si vous aimez les animaux, les fleurs et g\u00e2teaux\u00a0ou tout ce qui sort de l&#8217;ordinaire, vous allez adorer l&#8217;univers espi\u00e8gle de Coucou Suzette !Pr\u00e9parez-vous \u00e0 sourire : c&#8217;est la marque parfaite pour trouver des\u00a0cadeaux pleins d&#8217;humour\u00a0et de bonne humeur.<\/p>\n","protected":false},"excerpt":{"rendered":"<p>Barrette Voiture\u00a0sapinVous voyez cette sc\u00e8ne dans les t\u00e9l\u00e9films de No\u00ebl romantiques ?Quand les personnages vont choisir leur sapin dans une sublime for\u00eat et le hissent sur le toit de leur voiture (juste avant le French kiss sous la neige\u2026).Nous y voil\u00e0 ! Cette belle barrette \u00e0 cheveux rouge et vert est pr\u00eate \u00e0 sillonner entre [&hellip;]<\/p>\n","protected":false},"featured_media":3189487,"comment_status":"open","ping_status":"closed","template":"","meta":[],"product_brand":[],"product_cat":[],"product_tag":[],"acf":[],"_links":{"self":[{"href":"https:\/\/streetmarkets.fr\/app\/wp-json\/wp\/v2\/product\/3189486"}],"collection":[{"href":"https:\/\/streetmarkets.fr\/app\/wp-json\/wp\/v2\/product"}],"about":[{"href":"https:\/\/streetmarkets.fr\/app\/wp-json\/wp\/v2\/types\/product"}],"replies":[{"embeddable":true,"href":"https:\/\/streetmarkets.fr\/app\/wp-json\/wp\/v2\/comments?post=3189486"}],"wp:featuredmedia":[{"embeddable":true,"href":"https:\/\/streetmarkets.fr\/app\/wp-json\/wp\/v2\/media\/3189487"}],"wp:attachment":[{"href":"https:\/\/streetmarkets.fr\/app\/wp-json\/wp\/v2\/media?parent=3189486"}],"wp:term":[{"taxonomy":"product_brand","embeddable":true,"href":"https:\/\/streetmarkets.fr\/app\/wp-json\/wp\/v2\/product_brand?post=3189486"},{"taxonomy":"product_cat","embeddable":true,"href":"https:\/\/streetmarkets.fr\/app\/wp-json\/wp\/v2\/product_cat?post=3189486"},{"taxonomy":"product_tag","embeddable":true,"href":"https:\/\/streetmarkets.fr\/app\/wp-json\/wp\/v2\/product_tag?post=3189486"}],"curies":[{"name":"wp","href":"https:\/\/api.w.org\/{rel}","templated":true}]}}