{"id":3182995,"date":"2025-12-12T00:00:15","date_gmt":"2025-12-11T23:00:15","guid":{"rendered":"https:\/\/streetmarkets.fr\/app\/produit\/bague-rhoda-strass-crystal\/"},"modified":"2026-05-05T00:59:10","modified_gmt":"2026-05-04T22:59:10","slug":"bague-rhoda-strass-crystal","status":"publish","type":"product","link":"https:\/\/streetmarkets.fr\/app\/produit\/bague-rhoda-strass-crystal\/","title":{"rendered":"Bague Rhoda Strass Crystal"},"content":{"rendered":"<p>Bague Rhoda Strass Crystal : La ligne pr\u00e9cieuse qui joue avec nos doigts !\u00a0<br \/>Avec cette bague, on entre dans l\u2019univers singulier de la cr\u00e9atrice, entre r\u00e9f\u00e9rences anciennes et esprit ludique.<br data-end=\"210\" data-start=\"207\">Fabriqu\u00e9e en laiton plaqu\u00e9 or et orn\u00e9e de strass en cristal Swarovski, cette bague dessine une ligne de cristaux courb\u00e9e, comme un arc lumineux qui remonte ou descend sur le doigt selon la fa\u00e7on dont on choisit de la porter.<\/p>\n<p>On aime son allure presque antique, revisit\u00e9e avec une vraie libert\u00e9 de style. Cette bague se porte seule pour souligner la main avec caract\u00e8re, ou s\u2019associe \u00e0 une autre bague pour cr\u00e9er un jeu d\u2019assemblage. Les formes s\u2019imbriquent, se r\u00e9pondent, et donnent l\u2019impression que les bijoux se suivent naturellement, comme s\u2019ils avaient toujours \u00e9t\u00e9 pens\u00e9s ensemble.<\/p>\n<p>R\u00e9alis\u00e9e \u00e0 la main dans un atelier parisien\u00a0 cette bague refl\u00e8te un savoir-faire artisanal soign\u00e9 et un go\u00fbt affirm\u00e9 pour les bijoux qui racontent quelque chose.<\/p>\n<p>Le d\u00e9tail qu\u2019on adore observer :\u00a0La courbe de cristaux qui \u00e9pouse le doigt et s\u2019aligne parfaitement avec d\u2019autres bagues, comme une composition pens\u00e9e sur mesure.<\/p>\n","protected":false},"excerpt":{"rendered":"<p>Bague Rhoda Strass Crystal : La ligne pr\u00e9cieuse qui joue avec nos doigts !\u00a0Avec cette bague, on entre dans l\u2019univers singulier de la cr\u00e9atrice, entre r\u00e9f\u00e9rences anciennes et esprit ludique.Fabriqu\u00e9e en laiton plaqu\u00e9 or et orn\u00e9e de strass en cristal Swarovski, cette bague dessine une ligne de cristaux courb\u00e9e, comme un arc lumineux qui remonte [&hellip;]<\/p>\n","protected":false},"featured_media":3182996,"comment_status":"open","ping_status":"closed","template":"","meta":[],"product_brand":[],"product_cat":[],"product_tag":[],"acf":[],"_links":{"self":[{"href":"https:\/\/streetmarkets.fr\/app\/wp-json\/wp\/v2\/product\/3182995"}],"collection":[{"href":"https:\/\/streetmarkets.fr\/app\/wp-json\/wp\/v2\/product"}],"about":[{"href":"https:\/\/streetmarkets.fr\/app\/wp-json\/wp\/v2\/types\/product"}],"replies":[{"embeddable":true,"href":"https:\/\/streetmarkets.fr\/app\/wp-json\/wp\/v2\/comments?post=3182995"}],"wp:featuredmedia":[{"embeddable":true,"href":"https:\/\/streetmarkets.fr\/app\/wp-json\/wp\/v2\/media\/3182996"}],"wp:attachment":[{"href":"https:\/\/streetmarkets.fr\/app\/wp-json\/wp\/v2\/media?parent=3182995"}],"wp:term":[{"taxonomy":"product_brand","embeddable":true,"href":"https:\/\/streetmarkets.fr\/app\/wp-json\/wp\/v2\/product_brand?post=3182995"},{"taxonomy":"product_cat","embeddable":true,"href":"https:\/\/streetmarkets.fr\/app\/wp-json\/wp\/v2\/product_cat?post=3182995"},{"taxonomy":"product_tag","embeddable":true,"href":"https:\/\/streetmarkets.fr\/app\/wp-json\/wp\/v2\/product_tag?post=3182995"}],"curies":[{"name":"wp","href":"https:\/\/api.w.org\/{rel}","templated":true}]}}