{"id":3173268,"date":"2025-12-10T01:04:13","date_gmt":"2025-12-10T00:04:13","guid":{"rendered":"https:\/\/streetmarkets.fr\/app\/produit\/t-shirt-73-skyline-organic-homme-coton-bio-patagonia\/"},"modified":"2026-05-06T02:01:22","modified_gmt":"2026-05-06T00:01:22","slug":"t-shirt-73-skyline-organic-homme-coton-bio-patagonia","status":"publish","type":"product","link":"https:\/\/streetmarkets.fr\/app\/produit\/t-shirt-73-skyline-organic-homme-coton-bio-patagonia\/","title":{"rendered":"T-shirt &#8217;73 Skyline Organic homme coton bio &#8211; Patagonia"},"content":{"rendered":"<h2>T-shirt &#8217;73 Skyline Organic homme coton bio &#8211; Patagonia<\/h2>\n<p><img decoding=\"async\" alt=\"\" src=\"https:\/\/cdn.shopify.com\/s\/files\/1\/0593\/7093\/0335\/files\/Patagonia-logo_480x480.jpg?v=1678193525\"><img decoding=\"async\" src=\"https:\/\/cdn.shopify.com\/s\/files\/1\/0593\/7093\/0335\/files\/Picto_Mode_Textile_480x480.jpg?v=1677763747\" alt=\"\"><img decoding=\"async\" src=\"https:\/\/cdn.shopify.com\/s\/files\/1\/0593\/7093\/0335\/files\/Picto_Fair_Trade_480x480.jpg?v=1677763747\" alt=\"\"><img decoding=\"async\" src=\"https:\/\/cdn.shopify.com\/s\/files\/1\/0593\/7093\/0335\/files\/Picto_Bio_480x480.jpg?v=1677763747\" alt=\"\"><\/p>\n<p data-start=\"59\" data-end=\"340\">Hommage aux origines de la marque, le graphisme <strong data-start=\"107\" data-end=\"122\">\u201973 Skyline<\/strong> reprend le logo historique Patagonia sur un <strong data-start=\"167\" data-end=\"201\">t-shirt 100 % coton biologique<\/strong> au tomb\u00e9 naturel. Coupe standard, col rond confortable et finitions soign\u00e9es aux \u00e9paules pour durer. Confection <strong data-start=\"314\" data-end=\"339\">Fair Trade Certified\u2122<\/strong>.<\/p>\n<p data-start=\"342\" data-end=\"753\"><strong data-start=\"342\" data-end=\"366\">\u2728 Pourquoi l\u2019adopter<\/strong><br data-start=\"366\" data-end=\"369\">\ud83c\udf31 Coton biologique: douceur naturelle et meilleure respirabilit\u00e9<br data-start=\"434\" data-end=\"437\">\ud83d\udc55 Coupe standard polyvalente: facile \u00e0 porter au quotidien<br data-start=\"496\" data-end=\"499\">\ud83e\uddf5 Finitions soign\u00e9es: encolure c\u00f4tel\u00e9e et coutures \u00e9paules renforc\u00e9es<br data-start=\"569\" data-end=\"572\">\ud83c\udfa8 Esprit iconique: motif \u201973 Skyline inspir\u00e9 des archives Patagonia<br data-start=\"640\" data-end=\"643\">\ud83d\udcaa Jersey 156 g-m\u00b2: tenue stable, agr\u00e9able toute l\u2019ann\u00e9e<br data-start=\"699\" data-end=\"702\">\ud83e\udd1d Confection \u00e9thique: atelier Fair Trade Certified<\/p>\n<p data-start=\"755\" data-end=\"900\"><strong data-start=\"755\" data-end=\"773\">\ud83e\udded Id\u00e9al pour\u2026<\/strong><br data-start=\"773\" data-end=\"776\">Les journ\u00e9es cool, le layering sous une surchemise, les week-ends au vert, les trajets \u00e0 v\u00e9lo et toute tenue casual soign\u00e9e.<\/p>\n<p data-start=\"902\" data-end=\"1031\"><strong data-start=\"902\" data-end=\"918\">\ud83e\uddfc Entretien<\/strong><br data-start=\"918\" data-end=\"921\">Lavage en machine \u00e0 froid avec couleurs similaires. Pas de javel. S\u00e8che-linge doux. Ne pas repasser l\u2019imprim\u00e9.<\/p>\n<h3>PATAGONIA<\/h3>\n<p><span><em>\u00ab Acheter pour vivre, au lieu de vivre pour acheter \u00bb, cette phrase\u00a0<\/em>d&#8217;Yvon Chouinard, fondateur peu conventionnel de la marque Patagonia illustre bien le positionnement de la marque.<\/span><\/p>\n<p><span>Depuis 1973, Patagonia propose des v\u00eatements techniques \u00e9co-con\u00e7us de sports de montagne, de surf,\u00a0pour d\u00e9couvrir les grands espaces naturels sauvages.\u00a0Pour concevoir ses v\u00eatements, Patagonia utilise uniquement du coton biologique et des chlorofibres (mati\u00e8res recycl\u00e9es). On pourrait r\u00e9sumer ainsi la philosophie de\u00a0PATAGONIA\u00a0:<em> &#8220;Fabriquer les meilleurs produits en causant le moindre impact environnemental, utiliser le monde des affaires pour inspirer et mettre en place des solutions \u00e0 la crise environnementale.&#8221;<\/em><\/span><\/p>\n<h3>INFORMATIONS<\/h3>\n<p>Mati\u00e8re: jersey 100 % coton biologique 156 g-m\u00b2<br data-start=\"1416\" data-end=\"1419\">Origine du coton: coop\u00e9ratives Texas Organic Cotton Marketing Cooperative<br data-start=\"1492\" data-end=\"1495\">Coupe: standard, col ras du cou<br data-start=\"1526\" data-end=\"1529\">Finitions: encolure c\u00f4tel\u00e9e, coutures \u00e9paules avec liser\u00e9 de propret\u00e9, bas droit<br data-start=\"1609\" data-end=\"1612\">Poids: 153 g<br data-start=\"1624\" data-end=\"1627\">Pays de fabrication: Mexique<br data-start=\"1655\" data-end=\"1658\">Certification sociale: Fair Trade Certified\u2122<\/p>\n","protected":false},"excerpt":{"rendered":"<p>T-shirt &#8217;73 Skyline Organic homme coton bio &#8211; Patagonia Hommage aux origines de la marque, le graphisme \u201973 Skyline reprend le logo historique Patagonia sur un t-shirt 100 % coton biologique au tomb\u00e9 naturel. Coupe standard, col rond confortable et finitions soign\u00e9es aux \u00e9paules pour durer. Confection Fair Trade Certified\u2122. \u2728 Pourquoi l\u2019adopter\ud83c\udf31 Coton biologique: [&hellip;]<\/p>\n","protected":false},"featured_media":3173269,"comment_status":"open","ping_status":"closed","template":"","meta":[],"product_brand":[7133],"product_cat":[],"product_tag":[],"acf":[],"_links":{"self":[{"href":"https:\/\/streetmarkets.fr\/app\/wp-json\/wp\/v2\/product\/3173268"}],"collection":[{"href":"https:\/\/streetmarkets.fr\/app\/wp-json\/wp\/v2\/product"}],"about":[{"href":"https:\/\/streetmarkets.fr\/app\/wp-json\/wp\/v2\/types\/product"}],"replies":[{"embeddable":true,"href":"https:\/\/streetmarkets.fr\/app\/wp-json\/wp\/v2\/comments?post=3173268"}],"wp:featuredmedia":[{"embeddable":true,"href":"https:\/\/streetmarkets.fr\/app\/wp-json\/wp\/v2\/media\/3173269"}],"wp:attachment":[{"href":"https:\/\/streetmarkets.fr\/app\/wp-json\/wp\/v2\/media?parent=3173268"}],"wp:term":[{"taxonomy":"product_brand","embeddable":true,"href":"https:\/\/streetmarkets.fr\/app\/wp-json\/wp\/v2\/product_brand?post=3173268"},{"taxonomy":"product_cat","embeddable":true,"href":"https:\/\/streetmarkets.fr\/app\/wp-json\/wp\/v2\/product_cat?post=3173268"},{"taxonomy":"product_tag","embeddable":true,"href":"https:\/\/streetmarkets.fr\/app\/wp-json\/wp\/v2\/product_tag?post=3173268"}],"curies":[{"name":"wp","href":"https:\/\/api.w.org\/{rel}","templated":true}]}}