{"id":3168441,"date":"2025-12-08T05:53:17","date_gmt":"2025-12-08T04:53:17","guid":{"rendered":"https:\/\/streetmarkets.fr\/app\/produit\/new-chambre-noire\/"},"modified":"2026-03-16T05:50:24","modified_gmt":"2026-03-16T04:50:24","slug":"new-chambre-noire","status":"publish","type":"product","link":"https:\/\/streetmarkets.fr\/app\/produit\/new-chambre-noire\/","title":{"rendered":"New Chambre Noire"},"content":{"rendered":"<p data-start=\"182\" data-end=\"601\"><strong data-start=\"182\" data-end=\"199\">Chambre Noire<\/strong> d\u2019Olfactive Studio est un parfum \u00e9nigmatique, sensuel et profond\u00e9ment textur\u00e9, pens\u00e9 comme une photo prise dans la p\u00e9nombre. Myst\u00e9rieux mais r\u00e9confortant, il \u00e9voque le velours sombre d\u2019une pi\u00e8ce intime, \u00e9clair\u00e9e par une lumi\u00e8re douce, o\u00f9 les \u00e9motions volent la vedette. \u00c0 la mani\u00e8re d\u2019un clich\u00e9 argentique, la fragrance r\u00e9v\u00e8le progressivement ses contrastes, entre ombre et chaleur, cuir et lumi\u00e8re.<\/p>\n<p data-start=\"603\" data-end=\"971\">L\u2019ouverture se fait discr\u00e8te, presque feutr\u00e9e, avant de laisser place \u00e0 un c\u0153ur charnel o\u00f9 dominent <strong data-start=\"703\" data-end=\"740\">le cuir, le patchouli et l\u2019encens<\/strong>, envelopp\u00e9s de notes chaudes et \u00e9pic\u00e9es. Au fil du temps, <strong data-start=\"799\" data-end=\"862\">des bois pr\u00e9cieux, une vanille ambr\u00e9e et un fond balsamique<\/strong> se d\u00e9voilent, cr\u00e9ant un sillage profond, enveloppant et addictif. Un parfum de peau, de nuit et de secret.<\/p>\n<p data-start=\"973\" data-end=\"1314\">Chambre Noire est un parfum unisexe, intense et magn\u00e9tique. Il s\u2019adresse \u00e0 celles et ceux qui aiment les fragrances chaudes, sensuelles et orient\u00e9es vers la mati\u00e8re. Id\u00e9al pour les soir\u00e9es, l\u2019hiver ou les moments o\u00f9 l\u2019on cherche une pr\u00e9sence olfactive marquante. Chez Harold, il s\u2019impose comme une signature \u00e9l\u00e9gante, intime et captivante.<\/p>\n<p data-start=\"1316\" data-end=\"1430\"><strong data-start=\"1316\" data-end=\"1352\">Notes olfactives (indicatives) :<\/strong><br data-start=\"1352\" data-end=\"1355\">Cuir \u2013 Patchouli \u2013 Encens \u2013 Vanille \u2013 Bois pr\u00e9cieux \u2013 R\u00e9sines balsamiques<\/p>\n<p data-start=\"1432\" data-end=\"1579\"><strong data-start=\"1432\" data-end=\"1443\">Style :<\/strong> sensuel, sombre, chaleureux, myst\u00e9rieux<br data-start=\"1483\" data-end=\"1486\"><strong data-start=\"1486\" data-end=\"1496\">Pour :<\/strong> femme &amp; homme<br data-start=\"1510\" data-end=\"1513\"><strong data-start=\"1513\" data-end=\"1531\">Moment id\u00e9al :<\/strong> soir\u00e9e, hiver, tenue \u00e9l\u00e9gante ou sophistiqu\u00e9e<\/p>\n","protected":false},"excerpt":{"rendered":"<p>Chambre Noire d\u2019Olfactive Studio est un parfum \u00e9nigmatique, sensuel et profond\u00e9ment textur\u00e9, pens\u00e9 comme une photo prise dans la p\u00e9nombre. Myst\u00e9rieux mais r\u00e9confortant, il \u00e9voque le velours sombre d\u2019une pi\u00e8ce intime, \u00e9clair\u00e9e par une lumi\u00e8re douce, o\u00f9 les \u00e9motions volent la vedette. \u00c0 la mani\u00e8re d\u2019un clich\u00e9 argentique, la fragrance r\u00e9v\u00e8le progressivement ses contrastes, entre [&hellip;]<\/p>\n","protected":false},"featured_media":3168442,"comment_status":"open","ping_status":"closed","template":"","meta":[],"product_brand":[],"product_cat":[],"product_tag":[],"acf":[],"_links":{"self":[{"href":"https:\/\/streetmarkets.fr\/app\/wp-json\/wp\/v2\/product\/3168441"}],"collection":[{"href":"https:\/\/streetmarkets.fr\/app\/wp-json\/wp\/v2\/product"}],"about":[{"href":"https:\/\/streetmarkets.fr\/app\/wp-json\/wp\/v2\/types\/product"}],"replies":[{"embeddable":true,"href":"https:\/\/streetmarkets.fr\/app\/wp-json\/wp\/v2\/comments?post=3168441"}],"wp:featuredmedia":[{"embeddable":true,"href":"https:\/\/streetmarkets.fr\/app\/wp-json\/wp\/v2\/media\/3168442"}],"wp:attachment":[{"href":"https:\/\/streetmarkets.fr\/app\/wp-json\/wp\/v2\/media?parent=3168441"}],"wp:term":[{"taxonomy":"product_brand","embeddable":true,"href":"https:\/\/streetmarkets.fr\/app\/wp-json\/wp\/v2\/product_brand?post=3168441"},{"taxonomy":"product_cat","embeddable":true,"href":"https:\/\/streetmarkets.fr\/app\/wp-json\/wp\/v2\/product_cat?post=3168441"},{"taxonomy":"product_tag","embeddable":true,"href":"https:\/\/streetmarkets.fr\/app\/wp-json\/wp\/v2\/product_tag?post=3168441"}],"curies":[{"name":"wp","href":"https:\/\/api.w.org\/{rel}","templated":true}]}}