{"id":3163836,"date":"2025-12-08T01:09:05","date_gmt":"2025-12-08T00:09:05","guid":{"rendered":"https:\/\/streetmarkets.fr\/app\/produit\/nouveau-re-done-jean-low-rise-micro-boot-smoke-water-precommande\/"},"modified":"2026-05-09T02:04:24","modified_gmt":"2026-05-09T00:04:24","slug":"nouveau-re-done-jean-low-rise-micro-boot-smoke-water-precommande","status":"publish","type":"product","link":"https:\/\/streetmarkets.fr\/app\/produit\/nouveau-re-done-jean-low-rise-micro-boot-smoke-water-precommande\/","title":{"rendered":"Nouveau ! RE\/DONE Jean Low RIse Micro Boot Smoke Water"},"content":{"rendered":"<p data-rte-preserve-empty=\"true\">Le jean Low Rise Micro Boot, en Smoke Water, taille basse, coupe pr\u00e9s du corps, l\u00e9g\u00e8rement \u00e9vas\u00e9 dans le bas pour affiner la silhouette, coton hyper souple et confortable. \u00c9galement disponible dans la couleur Rustic Indigo. <\/p>\n<p data-rte-preserve-empty=\"true\">D\u00e9tail : 96% coton, 3% polyesthere, 1% \u00e9lasthanne<\/p>\n","protected":false},"excerpt":{"rendered":"<p>Le jean Low Rise Micro Boot, en Smoke Water, taille basse, coupe pr\u00e9s du corps, l\u00e9g\u00e8rement \u00e9vas\u00e9 dans le bas pour affiner la silhouette, coton hyper souple et confortable. \u00c9galement disponible dans la couleur Rustic Indigo. D\u00e9tail : 96% coton, 3% polyesthere, 1% \u00e9lasthanne<\/p>\n","protected":false},"featured_media":3163837,"comment_status":"open","ping_status":"closed","template":"","meta":[],"product_brand":[],"product_cat":[],"product_tag":[],"acf":[],"_links":{"self":[{"href":"https:\/\/streetmarkets.fr\/app\/wp-json\/wp\/v2\/product\/3163836"}],"collection":[{"href":"https:\/\/streetmarkets.fr\/app\/wp-json\/wp\/v2\/product"}],"about":[{"href":"https:\/\/streetmarkets.fr\/app\/wp-json\/wp\/v2\/types\/product"}],"replies":[{"embeddable":true,"href":"https:\/\/streetmarkets.fr\/app\/wp-json\/wp\/v2\/comments?post=3163836"}],"wp:featuredmedia":[{"embeddable":true,"href":"https:\/\/streetmarkets.fr\/app\/wp-json\/wp\/v2\/media\/3163837"}],"wp:attachment":[{"href":"https:\/\/streetmarkets.fr\/app\/wp-json\/wp\/v2\/media?parent=3163836"}],"wp:term":[{"taxonomy":"product_brand","embeddable":true,"href":"https:\/\/streetmarkets.fr\/app\/wp-json\/wp\/v2\/product_brand?post=3163836"},{"taxonomy":"product_cat","embeddable":true,"href":"https:\/\/streetmarkets.fr\/app\/wp-json\/wp\/v2\/product_cat?post=3163836"},{"taxonomy":"product_tag","embeddable":true,"href":"https:\/\/streetmarkets.fr\/app\/wp-json\/wp\/v2\/product_tag?post=3163836"}],"curies":[{"name":"wp","href":"https:\/\/api.w.org\/{rel}","templated":true}]}}