{"id":3162519,"date":"2025-12-08T00:46:34","date_gmt":"2025-12-07T23:46:34","guid":{"rendered":"https:\/\/streetmarkets.fr\/app\/produit\/collier-avery-en-ivoire-vegetal\/"},"modified":"2026-05-06T01:44:36","modified_gmt":"2026-05-05T23:44:36","slug":"collier-avery-en-ivoire-vegetal","status":"publish","type":"product","link":"https:\/\/streetmarkets.fr\/app\/produit\/collier-avery-en-ivoire-vegetal\/","title":{"rendered":"Collier Avery en ivoire v\u00e9g\u00e9tal"},"content":{"rendered":"<ul>\n<li>collier double en\u00a0<strong>ivoire v\u00e9g\u00e9tal<\/strong>\n<\/li>\n<li>noix de<strong><span>\u00a0<\/span>tagua<\/strong> : albumen durci du fruit d&#8217;un palmier d&#8217;Am\u00e9rique du sud\u00a0<\/li>\n<li>perles coloris <strong>rouge<\/strong> ou <strong>vert \u00e9meraude<\/strong>\u00a0<\/li>\n<li>r\u00e9alis\u00e9 par des artisan.e.s en <strong>Equateur<\/strong>\n<\/li>\n<li>cordon r\u00e9glable<\/li>\n<li><strong style=\"font-size: 0.875rem\">commerce \u00e9quitable\u00a0<\/strong><\/li>\n<\/ul>\n","protected":false},"excerpt":{"rendered":"<p>collier double en\u00a0ivoire v\u00e9g\u00e9tal noix de\u00a0tagua : albumen durci du fruit d&#8217;un palmier d&#8217;Am\u00e9rique du sud\u00a0 perles coloris rouge ou vert \u00e9meraude\u00a0 r\u00e9alis\u00e9 par des artisan.e.s en Equateur cordon r\u00e9glable commerce \u00e9quitable\u00a0<\/p>\n","protected":false},"featured_media":3162520,"comment_status":"open","ping_status":"closed","template":"","meta":[],"product_brand":[],"product_cat":[],"product_tag":[],"acf":[],"_links":{"self":[{"href":"https:\/\/streetmarkets.fr\/app\/wp-json\/wp\/v2\/product\/3162519"}],"collection":[{"href":"https:\/\/streetmarkets.fr\/app\/wp-json\/wp\/v2\/product"}],"about":[{"href":"https:\/\/streetmarkets.fr\/app\/wp-json\/wp\/v2\/types\/product"}],"replies":[{"embeddable":true,"href":"https:\/\/streetmarkets.fr\/app\/wp-json\/wp\/v2\/comments?post=3162519"}],"wp:featuredmedia":[{"embeddable":true,"href":"https:\/\/streetmarkets.fr\/app\/wp-json\/wp\/v2\/media\/3162520"}],"wp:attachment":[{"href":"https:\/\/streetmarkets.fr\/app\/wp-json\/wp\/v2\/media?parent=3162519"}],"wp:term":[{"taxonomy":"product_brand","embeddable":true,"href":"https:\/\/streetmarkets.fr\/app\/wp-json\/wp\/v2\/product_brand?post=3162519"},{"taxonomy":"product_cat","embeddable":true,"href":"https:\/\/streetmarkets.fr\/app\/wp-json\/wp\/v2\/product_cat?post=3162519"},{"taxonomy":"product_tag","embeddable":true,"href":"https:\/\/streetmarkets.fr\/app\/wp-json\/wp\/v2\/product_tag?post=3162519"}],"curies":[{"name":"wp","href":"https:\/\/api.w.org\/{rel}","templated":true}]}}