{"id":3157458,"date":"2025-12-07T01:12:05","date_gmt":"2025-12-07T00:12:05","guid":{"rendered":"https:\/\/streetmarkets.fr\/app\/produit\/short-court-cachemire-brosse-s26-femme-cloudy-pink\/"},"modified":"2026-05-08T01:56:02","modified_gmt":"2026-05-07T23:56:02","slug":"short-court-cachemire-brosse-s26-femme-cloudy-pink","status":"publish","type":"product","link":"https:\/\/streetmarkets.fr\/app\/produit\/short-court-cachemire-brosse-s26-femme-cloudy-pink\/","title":{"rendered":"Short Court Cachemire Bross\u00e9 (S26\/ FEMME\/ CLOUDY PINK)"},"content":{"rendered":"<p>Un short en cachemire bross\u00e9 au style affirm\u00e9, pens\u00e9 pour offrir douceur et confort au quotidien. <br \/>&#8211; Short en 100% cachemire bross\u00e9 2 fils certifi\u00e9 GCS\u00a0<br \/>&#8211; Plaque m\u00e9tallique dor\u00e9e du logo<br \/>&#8211; Coupe courte\u00a0<br \/>&#8211; Le cachemire certifi\u00e9 Good Cashmere Standard\u00ae garantit une fibre produite dans le respect du bien-\u00eatre animal, de l\u2019environnement et des communaut\u00e9s locales.<\/p>\n","protected":false},"excerpt":{"rendered":"<p>Un short en cachemire bross\u00e9 au style affirm\u00e9, pens\u00e9 pour offrir douceur et confort au quotidien. &#8211; Short en 100% cachemire bross\u00e9 2 fils certifi\u00e9 GCS\u00a0&#8211; Plaque m\u00e9tallique dor\u00e9e du logo&#8211; Coupe courte\u00a0&#8211; Le cachemire certifi\u00e9 Good Cashmere Standard\u00ae garantit une fibre produite dans le respect du bien-\u00eatre animal, de l\u2019environnement et des communaut\u00e9s locales.<\/p>\n","protected":false},"featured_media":3157459,"comment_status":"open","ping_status":"closed","template":"","meta":[],"product_brand":[6868],"product_cat":[],"product_tag":[],"acf":[],"_links":{"self":[{"href":"https:\/\/streetmarkets.fr\/app\/wp-json\/wp\/v2\/product\/3157458"}],"collection":[{"href":"https:\/\/streetmarkets.fr\/app\/wp-json\/wp\/v2\/product"}],"about":[{"href":"https:\/\/streetmarkets.fr\/app\/wp-json\/wp\/v2\/types\/product"}],"replies":[{"embeddable":true,"href":"https:\/\/streetmarkets.fr\/app\/wp-json\/wp\/v2\/comments?post=3157458"}],"wp:featuredmedia":[{"embeddable":true,"href":"https:\/\/streetmarkets.fr\/app\/wp-json\/wp\/v2\/media\/3157459"}],"wp:attachment":[{"href":"https:\/\/streetmarkets.fr\/app\/wp-json\/wp\/v2\/media?parent=3157458"}],"wp:term":[{"taxonomy":"product_brand","embeddable":true,"href":"https:\/\/streetmarkets.fr\/app\/wp-json\/wp\/v2\/product_brand?post=3157458"},{"taxonomy":"product_cat","embeddable":true,"href":"https:\/\/streetmarkets.fr\/app\/wp-json\/wp\/v2\/product_cat?post=3157458"},{"taxonomy":"product_tag","embeddable":true,"href":"https:\/\/streetmarkets.fr\/app\/wp-json\/wp\/v2\/product_tag?post=3157458"}],"curies":[{"name":"wp","href":"https:\/\/api.w.org\/{rel}","templated":true}]}}