{"id":3157439,"date":"2025-12-07T01:12:03","date_gmt":"2025-12-07T00:12:03","guid":{"rendered":"https:\/\/streetmarkets.fr\/app\/produit\/pull-cardigan-cachemire-brosse-dos-nu-s26-femme-baby-blue\/"},"modified":"2026-05-07T01:43:30","modified_gmt":"2026-05-06T23:43:30","slug":"pull-cardigan-cachemire-brosse-dos-nu-s26-femme-baby-blue","status":"publish","type":"product","link":"https:\/\/streetmarkets.fr\/app\/produit\/pull-cardigan-cachemire-brosse-dos-nu-s26-femme-baby-blue\/","title":{"rendered":"Cardigan Court Cachemire Bross\u00e9 Fermeture Bijou (S26\/ FEMME\/ BABY BLUE)"},"content":{"rendered":"<p><span data-sheets-root=\"1\">Un cardigan en cachemire au style d\u00e9licat, sublim\u00e9 par une fermeture \u00e9l\u00e9gante orn\u00e9e du logo Double F.<br \/>&#8211; Cardigan en cachemire 2 fils certifi\u00e9 GCS<br \/>&#8211; Col rond<br \/>&#8211; Fermeture bijou logo Double F dor\u00e9<br \/>&#8211; Maille bross\u00e9e<br \/>&#8211; Coupe regular<br \/>&#8211; Cachemire 2 fils<br \/>&#8211; Le cachemire certifi\u00e9 Good Cashmere Standard\u00ae garantit une fibre produite dans le respect du bien-\u00eatre animal, de l\u2019environnement et des communaut\u00e9s locales.<\/span><\/p>\n","protected":false},"excerpt":{"rendered":"<p>Un cardigan en cachemire au style d\u00e9licat, sublim\u00e9 par une fermeture \u00e9l\u00e9gante orn\u00e9e du logo Double F.&#8211; Cardigan en cachemire 2 fils certifi\u00e9 GCS&#8211; Col rond&#8211; Fermeture bijou logo Double F dor\u00e9&#8211; Maille bross\u00e9e&#8211; Coupe regular&#8211; Cachemire 2 fils&#8211; Le cachemire certifi\u00e9 Good Cashmere Standard\u00ae garantit une fibre produite dans le respect du bien-\u00eatre animal, [&hellip;]<\/p>\n","protected":false},"featured_media":3157440,"comment_status":"open","ping_status":"closed","template":"","meta":[],"product_brand":[6868],"product_cat":[],"product_tag":[],"acf":[],"_links":{"self":[{"href":"https:\/\/streetmarkets.fr\/app\/wp-json\/wp\/v2\/product\/3157439"}],"collection":[{"href":"https:\/\/streetmarkets.fr\/app\/wp-json\/wp\/v2\/product"}],"about":[{"href":"https:\/\/streetmarkets.fr\/app\/wp-json\/wp\/v2\/types\/product"}],"replies":[{"embeddable":true,"href":"https:\/\/streetmarkets.fr\/app\/wp-json\/wp\/v2\/comments?post=3157439"}],"wp:featuredmedia":[{"embeddable":true,"href":"https:\/\/streetmarkets.fr\/app\/wp-json\/wp\/v2\/media\/3157440"}],"wp:attachment":[{"href":"https:\/\/streetmarkets.fr\/app\/wp-json\/wp\/v2\/media?parent=3157439"}],"wp:term":[{"taxonomy":"product_brand","embeddable":true,"href":"https:\/\/streetmarkets.fr\/app\/wp-json\/wp\/v2\/product_brand?post=3157439"},{"taxonomy":"product_cat","embeddable":true,"href":"https:\/\/streetmarkets.fr\/app\/wp-json\/wp\/v2\/product_cat?post=3157439"},{"taxonomy":"product_tag","embeddable":true,"href":"https:\/\/streetmarkets.fr\/app\/wp-json\/wp\/v2\/product_tag?post=3157439"}],"curies":[{"name":"wp","href":"https:\/\/api.w.org\/{rel}","templated":true}]}}