{"id":3157430,"date":"2025-12-07T01:12:01","date_gmt":"2025-12-07T00:12:01","guid":{"rendered":"https:\/\/streetmarkets.fr\/app\/produit\/top-brassiere-cachemire-brosse-s26-femme-cloudy-pink\/"},"modified":"2026-05-07T01:43:30","modified_gmt":"2026-05-06T23:43:30","slug":"top-brassiere-cachemire-brosse-s26-femme-cloudy-pink","status":"publish","type":"product","link":"https:\/\/streetmarkets.fr\/app\/produit\/top-brassiere-cachemire-brosse-s26-femme-cloudy-pink\/","title":{"rendered":"Top Brassi\u00e8re Cachemire Bross\u00e9 (S26\/ FEMME\/ CLOUDY PINK)"},"content":{"rendered":"<p>Une brassi\u00e8re en cachemire qui allie douceur, modernit\u00e9 et allure, pens\u00e9e pour se porter seule ou en superposition et offrir un confort irr\u00e9sistible au quotidien. <br \/>&#8211; Brassi\u00e8re en 100% cachemire bross\u00e9 2 fils certifi\u00e9 GCS\u00a0<br \/>&#8211; Plaque m\u00e9tallique dor\u00e9e du logo<br \/>&#8211; Coupe ajust\u00e9e\u00a0<br \/>&#8211; Le cachemire certifi\u00e9 Good Cashmere Standard\u00ae garantit une fibre produite dans le respect du bien-\u00eatre animal, de l\u2019environnement et des communaut\u00e9s locales.<\/p>\n","protected":false},"excerpt":{"rendered":"<p>Une brassi\u00e8re en cachemire qui allie douceur, modernit\u00e9 et allure, pens\u00e9e pour se porter seule ou en superposition et offrir un confort irr\u00e9sistible au quotidien. &#8211; Brassi\u00e8re en 100% cachemire bross\u00e9 2 fils certifi\u00e9 GCS\u00a0&#8211; Plaque m\u00e9tallique dor\u00e9e du logo&#8211; Coupe ajust\u00e9e\u00a0&#8211; Le cachemire certifi\u00e9 Good Cashmere Standard\u00ae garantit une fibre produite dans le respect [&hellip;]<\/p>\n","protected":false},"featured_media":3157431,"comment_status":"open","ping_status":"closed","template":"","meta":[],"product_brand":[6868],"product_cat":[],"product_tag":[],"acf":[],"_links":{"self":[{"href":"https:\/\/streetmarkets.fr\/app\/wp-json\/wp\/v2\/product\/3157430"}],"collection":[{"href":"https:\/\/streetmarkets.fr\/app\/wp-json\/wp\/v2\/product"}],"about":[{"href":"https:\/\/streetmarkets.fr\/app\/wp-json\/wp\/v2\/types\/product"}],"replies":[{"embeddable":true,"href":"https:\/\/streetmarkets.fr\/app\/wp-json\/wp\/v2\/comments?post=3157430"}],"wp:featuredmedia":[{"embeddable":true,"href":"https:\/\/streetmarkets.fr\/app\/wp-json\/wp\/v2\/media\/3157431"}],"wp:attachment":[{"href":"https:\/\/streetmarkets.fr\/app\/wp-json\/wp\/v2\/media?parent=3157430"}],"wp:term":[{"taxonomy":"product_brand","embeddable":true,"href":"https:\/\/streetmarkets.fr\/app\/wp-json\/wp\/v2\/product_brand?post=3157430"},{"taxonomy":"product_cat","embeddable":true,"href":"https:\/\/streetmarkets.fr\/app\/wp-json\/wp\/v2\/product_cat?post=3157430"},{"taxonomy":"product_tag","embeddable":true,"href":"https:\/\/streetmarkets.fr\/app\/wp-json\/wp\/v2\/product_tag?post=3157430"}],"curies":[{"name":"wp","href":"https:\/\/api.w.org\/{rel}","templated":true}]}}