{"id":3157419,"date":"2025-12-07T01:12:00","date_gmt":"2025-12-07T00:12:00","guid":{"rendered":"https:\/\/streetmarkets.fr\/app\/produit\/pull-col-rond-cachemire-brosse-s26-femme-star-yellow\/"},"modified":"2026-05-12T01:53:09","modified_gmt":"2026-05-11T23:53:09","slug":"pull-col-rond-cachemire-brosse-s26-femme-star-yellow","status":"publish","type":"product","link":"https:\/\/streetmarkets.fr\/app\/produit\/pull-col-rond-cachemire-brosse-s26-femme-star-yellow\/","title":{"rendered":"Pull Col Rond Cachemire Bross\u00e9 (S26\/ FEMME\/ STAR YELLOW)"},"content":{"rendered":"<p>Un pull en cachemire \u00e0 l\u2019allure modernis\u00e9e, pens\u00e9 pour offrir douceur et confort au quotidien. <br \/>&#8211; Pull en 100% cachemire 2 fils certifi\u00e9 GCS\u00a0<br \/>&#8211; Col rond<br \/>&#8211; Coupe oversize\u00a0<br \/>&#8211; Cachemire 2 fils <br \/>&#8211; Le cachemire certifi\u00e9 Good Cashmere Standard\u00ae garantit une fibre produite dans le respect du bien-\u00eatre animal, de l\u2019environnement et des communaut\u00e9s locales.<\/p>\n","protected":false},"excerpt":{"rendered":"<p>Un pull en cachemire \u00e0 l\u2019allure modernis\u00e9e, pens\u00e9 pour offrir douceur et confort au quotidien. &#8211; Pull en 100% cachemire 2 fils certifi\u00e9 GCS\u00a0&#8211; Col rond&#8211; Coupe oversize\u00a0&#8211; Cachemire 2 fils &#8211; Le cachemire certifi\u00e9 Good Cashmere Standard\u00ae garantit une fibre produite dans le respect du bien-\u00eatre animal, de l\u2019environnement et des communaut\u00e9s locales.<\/p>\n","protected":false},"featured_media":3157420,"comment_status":"open","ping_status":"closed","template":"","meta":[],"product_brand":[6868],"product_cat":[],"product_tag":[],"acf":[],"_links":{"self":[{"href":"https:\/\/streetmarkets.fr\/app\/wp-json\/wp\/v2\/product\/3157419"}],"collection":[{"href":"https:\/\/streetmarkets.fr\/app\/wp-json\/wp\/v2\/product"}],"about":[{"href":"https:\/\/streetmarkets.fr\/app\/wp-json\/wp\/v2\/types\/product"}],"replies":[{"embeddable":true,"href":"https:\/\/streetmarkets.fr\/app\/wp-json\/wp\/v2\/comments?post=3157419"}],"wp:featuredmedia":[{"embeddable":true,"href":"https:\/\/streetmarkets.fr\/app\/wp-json\/wp\/v2\/media\/3157420"}],"wp:attachment":[{"href":"https:\/\/streetmarkets.fr\/app\/wp-json\/wp\/v2\/media?parent=3157419"}],"wp:term":[{"taxonomy":"product_brand","embeddable":true,"href":"https:\/\/streetmarkets.fr\/app\/wp-json\/wp\/v2\/product_brand?post=3157419"},{"taxonomy":"product_cat","embeddable":true,"href":"https:\/\/streetmarkets.fr\/app\/wp-json\/wp\/v2\/product_cat?post=3157419"},{"taxonomy":"product_tag","embeddable":true,"href":"https:\/\/streetmarkets.fr\/app\/wp-json\/wp\/v2\/product_tag?post=3157419"}],"curies":[{"name":"wp","href":"https:\/\/api.w.org\/{rel}","templated":true}]}}