{"id":3157400,"date":"2025-12-07T01:11:58","date_gmt":"2025-12-07T00:11:58","guid":{"rendered":"https:\/\/streetmarkets.fr\/app\/produit\/pull-cardigan-cachemire-brosse-broderie-s26-femme-ecru\/"},"modified":"2026-05-09T02:17:59","modified_gmt":"2026-05-09T00:17:59","slug":"pull-cardigan-cachemire-brosse-broderie-s26-femme-ecru","status":"publish","type":"product","link":"https:\/\/streetmarkets.fr\/app\/produit\/pull-cardigan-cachemire-brosse-broderie-s26-femme-ecru\/","title":{"rendered":"Pull Cardigan Cachemire Bross\u00e9 Broderie (S26\/ FEMME\/ ECRU)"},"content":{"rendered":"<p>Un cardigan en cachemire \u00e0 l\u2019allure moderne, sublim\u00e9 par sa texture en cachemire bross\u00e9 et ses finitions c\u00f4tel\u00e9es. <br \/>&#8211; Cardigan en 100% cachemire bross\u00e9 2 fils certifi\u00e9 GCS\u00a0<br \/>&#8211; Col Polo <br \/>&#8211; Logo Double F brod\u00e9<br \/>&#8211; Coupe ajust\u00e9e<br \/>&#8211; Le Good Cashmere Standard\u00ae (GCS) est un standard ind\u00e9pendant pour un cachemire plus durable et responsable, visant \u00e0 am\u00e9liorer le bien-\u00eatre des ch\u00e8vres cachemire, les conditions de travail des \u00e9leveurs et \u00e0 prot\u00e9ger l\u2019environnement.<\/p>\n","protected":false},"excerpt":{"rendered":"<p>Un cardigan en cachemire \u00e0 l\u2019allure moderne, sublim\u00e9 par sa texture en cachemire bross\u00e9 et ses finitions c\u00f4tel\u00e9es. &#8211; Cardigan en 100% cachemire bross\u00e9 2 fils certifi\u00e9 GCS\u00a0&#8211; Col Polo &#8211; Logo Double F brod\u00e9&#8211; Coupe ajust\u00e9e&#8211; Le Good Cashmere Standard\u00ae (GCS) est un standard ind\u00e9pendant pour un cachemire plus durable et responsable, visant \u00e0 [&hellip;]<\/p>\n","protected":false},"featured_media":3157401,"comment_status":"open","ping_status":"closed","template":"","meta":[],"product_brand":[6868],"product_cat":[],"product_tag":[],"acf":[],"_links":{"self":[{"href":"https:\/\/streetmarkets.fr\/app\/wp-json\/wp\/v2\/product\/3157400"}],"collection":[{"href":"https:\/\/streetmarkets.fr\/app\/wp-json\/wp\/v2\/product"}],"about":[{"href":"https:\/\/streetmarkets.fr\/app\/wp-json\/wp\/v2\/types\/product"}],"replies":[{"embeddable":true,"href":"https:\/\/streetmarkets.fr\/app\/wp-json\/wp\/v2\/comments?post=3157400"}],"wp:featuredmedia":[{"embeddable":true,"href":"https:\/\/streetmarkets.fr\/app\/wp-json\/wp\/v2\/media\/3157401"}],"wp:attachment":[{"href":"https:\/\/streetmarkets.fr\/app\/wp-json\/wp\/v2\/media?parent=3157400"}],"wp:term":[{"taxonomy":"product_brand","embeddable":true,"href":"https:\/\/streetmarkets.fr\/app\/wp-json\/wp\/v2\/product_brand?post=3157400"},{"taxonomy":"product_cat","embeddable":true,"href":"https:\/\/streetmarkets.fr\/app\/wp-json\/wp\/v2\/product_cat?post=3157400"},{"taxonomy":"product_tag","embeddable":true,"href":"https:\/\/streetmarkets.fr\/app\/wp-json\/wp\/v2\/product_tag?post=3157400"}],"curies":[{"name":"wp","href":"https:\/\/api.w.org\/{rel}","templated":true}]}}