{"id":3157391,"date":"2025-12-07T01:11:56","date_gmt":"2025-12-07T00:11:56","guid":{"rendered":"https:\/\/streetmarkets.fr\/app\/produit\/robe-cachemire-brosse-boutons-coeurs-s26-femme-navy\/"},"modified":"2026-05-11T01:54:07","modified_gmt":"2026-05-10T23:54:07","slug":"robe-cachemire-brosse-boutons-coeurs-s26-femme-navy","status":"publish","type":"product","link":"https:\/\/streetmarkets.fr\/app\/produit\/robe-cachemire-brosse-boutons-coeurs-s26-femme-navy\/","title":{"rendered":"Robe Cachemire Bross\u00e9 Boutons Coeurs (S26\/ FEMME\/ NAVY)"},"content":{"rendered":"<p>Une robe en maille au charme r\u00e9tro, avec son volume structur\u00e9, ses d\u00e9tails textur\u00e9s et sa rang\u00e9e de boutons c\u0153ur argent\u00e9s qui lui apportent une touche tr\u00e8s f\u00e9minine.\u00a0<br \/>&#8211; Robe en 100% cachemire 2 fils certifi\u00e9 GCS\u00a0<br \/>&#8211; Boutons argent\u00e9s en forme de c\u0153ur <br \/>&#8211; Maille bross\u00e9e c\u00f4tel\u00e9e <br \/>&#8211; Coupe ajust\u00e9e<br \/>&#8211; Le Good Cashmere Standard\u00ae (GCS) est un standard ind\u00e9pendant pour un cachemire plus durable et responsable, visant \u00e0 am\u00e9liorer le bien-\u00eatre des ch\u00e8vres cachemire, les conditions de travail des \u00e9leveurs et \u00e0 prot\u00e9ger l\u2019environnement.<\/p>\n","protected":false},"excerpt":{"rendered":"<p>Une robe en maille au charme r\u00e9tro, avec son volume structur\u00e9, ses d\u00e9tails textur\u00e9s et sa rang\u00e9e de boutons c\u0153ur argent\u00e9s qui lui apportent une touche tr\u00e8s f\u00e9minine.\u00a0&#8211; Robe en 100% cachemire 2 fils certifi\u00e9 GCS\u00a0&#8211; Boutons argent\u00e9s en forme de c\u0153ur &#8211; Maille bross\u00e9e c\u00f4tel\u00e9e &#8211; Coupe ajust\u00e9e&#8211; Le Good Cashmere Standard\u00ae (GCS) est [&hellip;]<\/p>\n","protected":false},"featured_media":3157392,"comment_status":"open","ping_status":"closed","template":"","meta":[],"product_brand":[6868],"product_cat":[],"product_tag":[],"acf":[],"_links":{"self":[{"href":"https:\/\/streetmarkets.fr\/app\/wp-json\/wp\/v2\/product\/3157391"}],"collection":[{"href":"https:\/\/streetmarkets.fr\/app\/wp-json\/wp\/v2\/product"}],"about":[{"href":"https:\/\/streetmarkets.fr\/app\/wp-json\/wp\/v2\/types\/product"}],"replies":[{"embeddable":true,"href":"https:\/\/streetmarkets.fr\/app\/wp-json\/wp\/v2\/comments?post=3157391"}],"wp:featuredmedia":[{"embeddable":true,"href":"https:\/\/streetmarkets.fr\/app\/wp-json\/wp\/v2\/media\/3157392"}],"wp:attachment":[{"href":"https:\/\/streetmarkets.fr\/app\/wp-json\/wp\/v2\/media?parent=3157391"}],"wp:term":[{"taxonomy":"product_brand","embeddable":true,"href":"https:\/\/streetmarkets.fr\/app\/wp-json\/wp\/v2\/product_brand?post=3157391"},{"taxonomy":"product_cat","embeddable":true,"href":"https:\/\/streetmarkets.fr\/app\/wp-json\/wp\/v2\/product_cat?post=3157391"},{"taxonomy":"product_tag","embeddable":true,"href":"https:\/\/streetmarkets.fr\/app\/wp-json\/wp\/v2\/product_tag?post=3157391"}],"curies":[{"name":"wp","href":"https:\/\/api.w.org\/{rel}","templated":true}]}}