{"id":3157299,"date":"2025-12-06T23:59:52","date_gmt":"2025-12-06T22:59:52","guid":{"rendered":"https:\/\/streetmarkets.fr\/app\/produit\/manchette-ovale-kaki\/"},"modified":"2026-05-12T00:59:01","modified_gmt":"2026-05-11T22:59:01","slug":"manchette-ovale-kaki","status":"publish","type":"product","link":"https:\/\/streetmarkets.fr\/app\/produit\/manchette-ovale-kaki\/","title":{"rendered":"Manchette Ovale Kaki"},"content":{"rendered":"<p>Manchette Ovale Kaki : Ligne affirm\u00e9e et contraste moderne !\u00a0<\/p>\n<p>Avec cette manchette ovale, on joue la carte du style graphique.<br data-start=\"271\" data-end=\"274\">Sa mati\u00e8re en ac\u00e9tate affiche une belle pr\u00e9sence, tandis que le motif central en acier inoxydable cr\u00e9e un joli contraste lumineux. L\u2019articulation \u00e0 ressort fait tout le travail : on ouvre, on glisse le poignet et on referme.\u00a0<\/p>\n<p>Ce\u00a0 donne du caract\u00e8re \u00e0 nos looks :<\/p>\n<p>\u2022 La pastille m\u00e9tallique au centre, sobre mais impactante.<br data-start=\"767\" data-end=\"770\">\u2022 Le m\u00e9canisme articul\u00e9 qui se ferme automatiquement.<br data-start=\"822\" data-end=\"825\" data-is-only-node=\"\">\u2022 Le confort de son int\u00e9rieur 6,5 cm, en taille unique.<\/p>\n<p>On aime l\u2019ouverture articul\u00e9e ultra-pratique, qui donne l\u2019impression que la manchette se met toute seule.<\/p>\n","protected":false},"excerpt":{"rendered":"<p>Manchette Ovale Kaki : Ligne affirm\u00e9e et contraste moderne !\u00a0 Avec cette manchette ovale, on joue la carte du style graphique.Sa mati\u00e8re en ac\u00e9tate affiche une belle pr\u00e9sence, tandis que le motif central en acier inoxydable cr\u00e9e un joli contraste lumineux. L\u2019articulation \u00e0 ressort fait tout le travail : on ouvre, on glisse le poignet [&hellip;]<\/p>\n","protected":false},"featured_media":3157300,"comment_status":"open","ping_status":"closed","template":"","meta":[],"product_brand":[],"product_cat":[],"product_tag":[],"acf":[],"_links":{"self":[{"href":"https:\/\/streetmarkets.fr\/app\/wp-json\/wp\/v2\/product\/3157299"}],"collection":[{"href":"https:\/\/streetmarkets.fr\/app\/wp-json\/wp\/v2\/product"}],"about":[{"href":"https:\/\/streetmarkets.fr\/app\/wp-json\/wp\/v2\/types\/product"}],"replies":[{"embeddable":true,"href":"https:\/\/streetmarkets.fr\/app\/wp-json\/wp\/v2\/comments?post=3157299"}],"wp:featuredmedia":[{"embeddable":true,"href":"https:\/\/streetmarkets.fr\/app\/wp-json\/wp\/v2\/media\/3157300"}],"wp:attachment":[{"href":"https:\/\/streetmarkets.fr\/app\/wp-json\/wp\/v2\/media?parent=3157299"}],"wp:term":[{"taxonomy":"product_brand","embeddable":true,"href":"https:\/\/streetmarkets.fr\/app\/wp-json\/wp\/v2\/product_brand?post=3157299"},{"taxonomy":"product_cat","embeddable":true,"href":"https:\/\/streetmarkets.fr\/app\/wp-json\/wp\/v2\/product_cat?post=3157299"},{"taxonomy":"product_tag","embeddable":true,"href":"https:\/\/streetmarkets.fr\/app\/wp-json\/wp\/v2\/product_tag?post=3157299"}],"curies":[{"name":"wp","href":"https:\/\/api.w.org\/{rel}","templated":true}]}}