{"id":3152234,"date":"2025-12-06T01:08:30","date_gmt":"2025-12-06T00:08:30","guid":{"rendered":"https:\/\/streetmarkets.fr\/app\/produit\/nouveau-re-done-t-shirt-save-our-parks-vintage-white-precommande\/"},"modified":"2026-02-18T01:04:18","modified_gmt":"2026-02-18T00:04:18","slug":"nouveau-re-done-t-shirt-save-our-parks-vintage-white-precommande","status":"publish","type":"product","link":"https:\/\/streetmarkets.fr\/app\/produit\/nouveau-re-done-t-shirt-save-our-parks-vintage-white-precommande\/","title":{"rendered":"Nouveau ! RE\/DONE T-shirt Save Our Parks Vintage White PR\u00c9COMMANDE !"},"content":{"rendered":"<p data-rte-preserve-empty=\"true\">PR\u00c9COMMANDE !<\/p>\n<p data-rte-preserve-empty=\"true\">\n<p data-rte-preserve-empty=\"true\">T-shirt en coton, Save Our Parcs en Vintage White, coupe ajust\u00e9e, encolure arrondie, manches courtes, coton tout doux. <\/p>\n<p data-rte-preserve-empty=\"true\">D\u00e9tail : 100% coton<\/p>\n","protected":false},"excerpt":{"rendered":"<p>PR\u00c9COMMANDE ! T-shirt en coton, Save Our Parcs en Vintage White, coupe ajust\u00e9e, encolure arrondie, manches courtes, coton tout doux. D\u00e9tail : 100% coton<\/p>\n","protected":false},"featured_media":3152235,"comment_status":"open","ping_status":"closed","template":"","meta":[],"product_brand":[],"product_cat":[],"product_tag":[],"acf":[],"_links":{"self":[{"href":"https:\/\/streetmarkets.fr\/app\/wp-json\/wp\/v2\/product\/3152234"}],"collection":[{"href":"https:\/\/streetmarkets.fr\/app\/wp-json\/wp\/v2\/product"}],"about":[{"href":"https:\/\/streetmarkets.fr\/app\/wp-json\/wp\/v2\/types\/product"}],"replies":[{"embeddable":true,"href":"https:\/\/streetmarkets.fr\/app\/wp-json\/wp\/v2\/comments?post=3152234"}],"wp:featuredmedia":[{"embeddable":true,"href":"https:\/\/streetmarkets.fr\/app\/wp-json\/wp\/v2\/media\/3152235"}],"wp:attachment":[{"href":"https:\/\/streetmarkets.fr\/app\/wp-json\/wp\/v2\/media?parent=3152234"}],"wp:term":[{"taxonomy":"product_brand","embeddable":true,"href":"https:\/\/streetmarkets.fr\/app\/wp-json\/wp\/v2\/product_brand?post=3152234"},{"taxonomy":"product_cat","embeddable":true,"href":"https:\/\/streetmarkets.fr\/app\/wp-json\/wp\/v2\/product_cat?post=3152234"},{"taxonomy":"product_tag","embeddable":true,"href":"https:\/\/streetmarkets.fr\/app\/wp-json\/wp\/v2\/product_tag?post=3152234"}],"curies":[{"name":"wp","href":"https:\/\/api.w.org\/{rel}","templated":true}]}}