{"id":3152099,"date":"2025-12-06T00:58:51","date_gmt":"2025-12-05T23:58:51","guid":{"rendered":"https:\/\/streetmarkets.fr\/app\/produit\/masque-de-nuit-sommeil-brode-en-satin-lundi-au-soleil\/"},"modified":"2026-05-13T01:59:01","modified_gmt":"2026-05-12T23:59:01","slug":"masque-de-nuit-sommeil-brode-en-satin-lundi-au-soleil","status":"publish","type":"product","link":"https:\/\/streetmarkets.fr\/app\/produit\/masque-de-nuit-sommeil-brode-en-satin-lundi-au-soleil\/","title":{"rendered":"Masque de nuit &amp; sommeil brod\u00e9 en satin &#8211; Lundi au Soleil"},"content":{"rendered":"<h2>Masque de nuit &amp; sommeil brod\u00e9 en satin &#8211; Lundi au Soleil<\/h2>\n<p><img decoding=\"async\" src=\"https:\/\/cdn.shopify.com\/s\/files\/1\/0593\/7093\/0335\/files\/LogoLundiausoleilPNG_480x480.jpg?v=1686154905\" alt=\"\"><img decoding=\"async\" alt=\"\" src=\"https:\/\/cdn.shopify.com\/s\/files\/1\/0593\/7093\/0335\/files\/Picto_Mode_Textile_480x480.jpg?v=1677763747\"><img decoding=\"async\" alt=\"\" src=\"https:\/\/cdn.shopify.com\/s\/files\/1\/0593\/7093\/0335\/files\/Picto_Bio_480x480.jpg?v=1677763747\"><\/p>\n<p class=\"cxmmr5t8 oygrvhab hcukyx3x c1et5uql o9v6fnle\"><span><\/span>Le <strong data-end=\"108\" data-start=\"75\">masque de nuit brod\u00e9 en satin<\/strong> de <strong data-end=\"131\" data-start=\"112\">Lundi au Soleil<\/strong> est l\u2019alli\u00e9 parfait pour des nuits paisibles et styl\u00e9es. Con\u00e7u pour bloquer efficacement la lumi\u00e8re et offrir un confort absolu, il accompagne vos moments de d\u00e9tente avec douceur. Son <strong data-end=\"367\" data-start=\"316\">tissu satin\u00e9 fluide et sa doublure en coton bio<\/strong> garantissent une sensation agr\u00e9able sur la peau, tout en ajoutant une touche d&#8217;\u00e9l\u00e9gance avec sa broderie d\u00e9licate.<\/p>\n<p data-end=\"518\" data-start=\"486\"><strong data-end=\"514\" data-start=\"490\">\u2728 Pourquoi l\u2019adopter ?<\/strong><br \/>\ud83c\udf3f Ultra-doux &amp; confortable : Satin soyeux \u00e0 l&#8217;ext\u00e9rieur, coton bio \u00e0 l&#8217;int\u00e9rieur<br data-end=\"609\" data-start=\"606\">\ud83c\udf19 Bloque efficacement la lumi\u00e8re : Id\u00e9al pour un sommeil profond et r\u00e9parateur<br data-end=\"697\" data-start=\"694\">\u2728 Broderie inspirante &amp; \u00e9l\u00e9gante : Chaque mod\u00e8le affiche un message unique<br data-end=\"780\" data-start=\"777\">\ud83c\uddea\ud83c\uddfa Fabrication europ\u00e9enne : Design\u00e9 \u00e0 Paris, confectionn\u00e9 avec soin en Pologne<br data-end=\"869\" data-start=\"866\">\ud83c\udf80 Maintien parfait : Bande \u00e9lastique ajust\u00e9e pour un port confortable sans serrer<\/p>\n<p data-end=\"518\" data-start=\"486\"><strong data-end=\"793\" data-start=\"766\">\ud83d\udd17 Compl\u00e9ter l\u2019ensemble<\/strong><br data-end=\"796\" data-start=\"793\"><a href=\"https:\/\/chez-hersee.fr\/products\/top-en-satin-brode-a-bretelles-reglables-lundi-au-soleil\">Top en satin brod\u00e9<\/a> et <a href=\"https:\/\/chez-hersee.fr\/products\/shorty-en-satin-brode-lundi-au-soleil\">Shorty en satin brod\u00e9<\/a><a href=\"https:\/\/chez-hersee.fr\/products\/masque-de-nuit-sommeil-brode-en-satin-lundi-au-soleil\"><\/a> en satin assortis.<\/p>\n<p data-end=\"1284\" data-start=\"1244\"><strong data-end=\"1282\" data-start=\"1248\">\ud83e\uddfc <\/strong><strong data-end=\"1282\" data-start=\"1248\">Entretien<br \/><\/strong>Lavage \u00e0 la main recommand\u00e9 pour pr\u00e9server la douceur du satin.\u00a0S\u00e9chage \u00e0 l\u2019air libre, \u00e9viter le s\u00e8che-linge.\u00a0Repassage doux, en \u00e9vitant la broderie<span><\/span><\/p>\n<div class=\"cxmmr5t8 oygrvhab hcukyx3x c1et5uql o9v6fnle\">\n<div class=\"cxmmr5t8 oygrvhab hcukyx3x c1et5uql o9v6fnle\">\n<div class=\"page\" title=\"Page 15\">\n<div class=\"section\">\n<div class=\"layoutArea\">\n<div class=\"column\">\n<h3><span>LUNDI AU SOLEIL<\/span><\/h3>\n<p>Au d\u00e9part directrice artistique, Vanessa lance Lundi au Soleil, une marque de v\u00eatements \u00e9thiques et responsables, pens\u00e9e comme de l&#8217;art-\u00e0-porter en voulant partager des messages positifs, ensoleill\u00e9s et cr\u00e9atifs.<br \/>Lundi au Soleil con\u00e7oit ses accessoires avec des mat\u00e9riaux de qualit\u00e9 et une production raisonn\u00e9e.<\/p>\n<h3>INFORMATION<\/h3>\n<p><span>Composition : 100 % polyester satin\u00e9, doublure int\u00e9rieure en coton bio<br \/>Taille unique : Convient \u00e0 toutes les morphologies gr\u00e2ce \u00e0 son \u00e9lastique souple<br \/>Fabrication : Design\u00e9 \u00e0 Paris, brod\u00e9 et confectionn\u00e9 en Pologne<br \/><\/span><\/p>\n<\/div>\n<\/div>\n<\/div>\n<\/div>\n<\/div>\n<\/div>\n","protected":false},"excerpt":{"rendered":"<p>Masque de nuit &amp; sommeil brod\u00e9 en satin &#8211; Lundi au Soleil Le masque de nuit brod\u00e9 en satin de Lundi au Soleil est l\u2019alli\u00e9 parfait pour des nuits paisibles et styl\u00e9es. Con\u00e7u pour bloquer efficacement la lumi\u00e8re et offrir un confort absolu, il accompagne vos moments de d\u00e9tente avec douceur. Son tissu satin\u00e9 fluide [&hellip;]<\/p>\n","protected":false},"featured_media":3152100,"comment_status":"open","ping_status":"closed","template":"","meta":[],"product_brand":[],"product_cat":[],"product_tag":[],"acf":[],"_links":{"self":[{"href":"https:\/\/streetmarkets.fr\/app\/wp-json\/wp\/v2\/product\/3152099"}],"collection":[{"href":"https:\/\/streetmarkets.fr\/app\/wp-json\/wp\/v2\/product"}],"about":[{"href":"https:\/\/streetmarkets.fr\/app\/wp-json\/wp\/v2\/types\/product"}],"replies":[{"embeddable":true,"href":"https:\/\/streetmarkets.fr\/app\/wp-json\/wp\/v2\/comments?post=3152099"}],"wp:featuredmedia":[{"embeddable":true,"href":"https:\/\/streetmarkets.fr\/app\/wp-json\/wp\/v2\/media\/3152100"}],"wp:attachment":[{"href":"https:\/\/streetmarkets.fr\/app\/wp-json\/wp\/v2\/media?parent=3152099"}],"wp:term":[{"taxonomy":"product_brand","embeddable":true,"href":"https:\/\/streetmarkets.fr\/app\/wp-json\/wp\/v2\/product_brand?post=3152099"},{"taxonomy":"product_cat","embeddable":true,"href":"https:\/\/streetmarkets.fr\/app\/wp-json\/wp\/v2\/product_cat?post=3152099"},{"taxonomy":"product_tag","embeddable":true,"href":"https:\/\/streetmarkets.fr\/app\/wp-json\/wp\/v2\/product_tag?post=3152099"}],"curies":[{"name":"wp","href":"https:\/\/api.w.org\/{rel}","templated":true}]}}