{"id":3152082,"date":"2025-12-06T00:47:13","date_gmt":"2025-12-05T23:47:13","guid":{"rendered":"https:\/\/streetmarkets.fr\/app\/produit\/trio-de-chaussettes-motif-oiseaux-pour-femme-en-coton-biologique\/"},"modified":"2026-05-11T01:44:38","modified_gmt":"2026-05-10T23:44:38","slug":"trio-de-chaussettes-motif-oiseaux-pour-femme-en-coton-biologique","status":"publish","type":"product","link":"https:\/\/streetmarkets.fr\/app\/produit\/trio-de-chaussettes-motif-oiseaux-pour-femme-en-coton-biologique\/","title":{"rendered":"Trio de chaussettes motif oiseaux pour femme en coton biologique"},"content":{"rendered":"<ul data-mce-fragment=\"1\">\n<li data-mce-fragment=\"1\">\n<span data-mce-fragment=\"1\">lot de 3\u00a0<\/span><strong data-mce-fragment=\"1\">paires<\/strong><span data-mce-fragment=\"1\">\u00a0<\/span>de chaussettes\u00a0<\/li>\n<li data-mce-fragment=\"1\"><span data-mce-fragment=\"1\">64,6% <strong>coton bio,<\/strong> 17,2% nylon <strong>recycl\u00e9,<\/strong> 16,6% polyester <strong>recycl\u00e9<\/strong> et 1,6% \u00e9lasthanne\u00a0<\/span><\/li>\n<li data-mce-fragment=\"1\"><span data-mce-fragment=\"1\">motifs oiseaux et fleurs\u00a0<\/span><\/li>\n<li data-mce-fragment=\"1\">tr\u00e8s confortable<\/li>\n<li data-mce-fragment=\"1\">\n<strong data-mce-fragment=\"1\">anti-bact\u00e9rien<\/strong><span data-mce-fragment=\"1\">\u00a0<\/span>et anti-fongique<\/li>\n<li data-mce-fragment=\"1\">taille<span data-mce-fragment=\"1\">\u00a0<\/span><strong data-mce-fragment=\"1\">unique<\/strong><span data-mce-fragment=\"1\"> 36\/40<\/span>\n<\/li>\n<li data-mce-fragment=\"1\">marque<span data-mce-fragment=\"1\">\u00a0<\/span><strong data-mce-fragment=\"1\">Thought<\/strong>\n<\/li>\n<li data-mce-fragment=\"1\">\n<strong data-mce-fragment=\"1\">best-seller<\/strong><span data-mce-fragment=\"1\">\u00a0<\/span>de la marque : id\u00e9e cadeau<\/li>\n<\/ul>\n","protected":false},"excerpt":{"rendered":"<p>lot de 3\u00a0paires\u00a0de chaussettes\u00a0 64,6% coton bio, 17,2% nylon recycl\u00e9, 16,6% polyester recycl\u00e9 et 1,6% \u00e9lasthanne\u00a0 motifs oiseaux et fleurs\u00a0 tr\u00e8s confortable anti-bact\u00e9rien\u00a0et anti-fongique taille\u00a0unique 36\/40 marque\u00a0Thought best-seller\u00a0de la marque : id\u00e9e cadeau<\/p>\n","protected":false},"featured_media":3152083,"comment_status":"open","ping_status":"closed","template":"","meta":[],"product_brand":[],"product_cat":[],"product_tag":[],"acf":[],"_links":{"self":[{"href":"https:\/\/streetmarkets.fr\/app\/wp-json\/wp\/v2\/product\/3152082"}],"collection":[{"href":"https:\/\/streetmarkets.fr\/app\/wp-json\/wp\/v2\/product"}],"about":[{"href":"https:\/\/streetmarkets.fr\/app\/wp-json\/wp\/v2\/types\/product"}],"replies":[{"embeddable":true,"href":"https:\/\/streetmarkets.fr\/app\/wp-json\/wp\/v2\/comments?post=3152082"}],"wp:featuredmedia":[{"embeddable":true,"href":"https:\/\/streetmarkets.fr\/app\/wp-json\/wp\/v2\/media\/3152083"}],"wp:attachment":[{"href":"https:\/\/streetmarkets.fr\/app\/wp-json\/wp\/v2\/media?parent=3152082"}],"wp:term":[{"taxonomy":"product_brand","embeddable":true,"href":"https:\/\/streetmarkets.fr\/app\/wp-json\/wp\/v2\/product_brand?post=3152082"},{"taxonomy":"product_cat","embeddable":true,"href":"https:\/\/streetmarkets.fr\/app\/wp-json\/wp\/v2\/product_cat?post=3152082"},{"taxonomy":"product_tag","embeddable":true,"href":"https:\/\/streetmarkets.fr\/app\/wp-json\/wp\/v2\/product_tag?post=3152082"}],"curies":[{"name":"wp","href":"https:\/\/api.w.org\/{rel}","templated":true}]}}