{"id":3152037,"date":"2025-12-06T00:28:01","date_gmt":"2025-12-05T23:28:01","guid":{"rendered":"https:\/\/streetmarkets.fr\/app\/produit\/pins-baby-rabbit-la-boutique-de-louise\/"},"modified":"2026-01-05T00:27:48","modified_gmt":"2026-01-04T23:27:48","slug":"pins-baby-rabbit-la-boutique-de-louise","status":"publish","type":"product","link":"https:\/\/streetmarkets.fr\/app\/produit\/pins-baby-rabbit-la-boutique-de-louise\/","title":{"rendered":"Pin&#039;s &#8211; Baby rabbit &#8211; La boutique de Louise"},"content":{"rendered":"<p>Pin&#8217;s\u00a0Baby rabbitTout droit sorti d\u2019un conte, leBaby Rabbit \u2013 Pin\u2019ssign\u00e9All the Ways to Sayapporte une touche tendre et po\u00e9tique \u00e0 vos tenues.Dor\u00e9 et \u00e9maill\u00e9 avec d\u00e9licatesse, ce petit lapin scintillant semble s\u2019\u00eatre \u00e9chapp\u00e9 d\u2019un sous-bois enchant\u00e9.Id\u00e9al sur une veste, un sac ou un pull, il diffuse une note de douceur et de bonne humeur, comme un rayon de soleil dans un matin d\u2019automne.Dimensions : 1.5 x 2 cmAll the ways to Say est une marque sp\u00e9cialis\u00e9e\u00a0en papeterie, bas\u00e9e en France et fond\u00e9e en 2015 par Claire Leina, illustratrice, directrice artistique et jeune maman.Elle d\u00e9veloppe des collections originales, travaille sur les combinaisons de couleurs et de dessins, et se concentre sur les mat\u00e9riaux de la plus haute qualit\u00e9 disponibles pour cr\u00e9er les meilleurs produits.Elle est aid\u00e9e par son mari Jean-Charles, qui g\u00e8re le d\u00e9veloppement de l\u2019entreprise, et leur petite fille, Tess, qui est charg\u00e9e de rire et de leur faire des c\u00e2lins quand ils en ont besoin.1% des ventes de la marque est revers\u00e9\u00a0\u00e0 la pr\u00e9servation et \u00e0 la restauration de l\u2019environnement naturel \u00e0 travers 1% POUR LA PLAN\u00c8TE, cr\u00e9\u00e9 par le fondateur de PATAGONIA en 2002.<\/p>\n","protected":false},"excerpt":{"rendered":"<p>Pin&#8217;s\u00a0Baby rabbitTout droit sorti d\u2019un conte, leBaby Rabbit \u2013 Pin\u2019ssign\u00e9All the Ways to Sayapporte une touche tendre et po\u00e9tique \u00e0 vos tenues.Dor\u00e9 et \u00e9maill\u00e9 avec d\u00e9licatesse, ce petit lapin scintillant semble s\u2019\u00eatre \u00e9chapp\u00e9 d\u2019un sous-bois enchant\u00e9.Id\u00e9al sur une veste, un sac ou un pull, il diffuse une note de douceur et de bonne humeur, comme [&hellip;]<\/p>\n","protected":false},"featured_media":3152038,"comment_status":"open","ping_status":"closed","template":"","meta":[],"product_brand":[7133],"product_cat":[],"product_tag":[],"acf":[],"_links":{"self":[{"href":"https:\/\/streetmarkets.fr\/app\/wp-json\/wp\/v2\/product\/3152037"}],"collection":[{"href":"https:\/\/streetmarkets.fr\/app\/wp-json\/wp\/v2\/product"}],"about":[{"href":"https:\/\/streetmarkets.fr\/app\/wp-json\/wp\/v2\/types\/product"}],"replies":[{"embeddable":true,"href":"https:\/\/streetmarkets.fr\/app\/wp-json\/wp\/v2\/comments?post=3152037"}],"wp:featuredmedia":[{"embeddable":true,"href":"https:\/\/streetmarkets.fr\/app\/wp-json\/wp\/v2\/media\/3152038"}],"wp:attachment":[{"href":"https:\/\/streetmarkets.fr\/app\/wp-json\/wp\/v2\/media?parent=3152037"}],"wp:term":[{"taxonomy":"product_brand","embeddable":true,"href":"https:\/\/streetmarkets.fr\/app\/wp-json\/wp\/v2\/product_brand?post=3152037"},{"taxonomy":"product_cat","embeddable":true,"href":"https:\/\/streetmarkets.fr\/app\/wp-json\/wp\/v2\/product_cat?post=3152037"},{"taxonomy":"product_tag","embeddable":true,"href":"https:\/\/streetmarkets.fr\/app\/wp-json\/wp\/v2\/product_tag?post=3152037"}],"curies":[{"name":"wp","href":"https:\/\/api.w.org\/{rel}","templated":true}]}}