{"id":3151985,"date":"2025-12-06T00:27:22","date_gmt":"2025-12-05T23:27:22","guid":{"rendered":"https:\/\/streetmarkets.fr\/app\/produit\/sac-shupatto-taille-m-umi-ocean-la-boutique-de-louise\/"},"modified":"2026-01-05T00:27:47","modified_gmt":"2026-01-04T23:27:47","slug":"sac-shupatto-taille-m-umi-ocean-la-boutique-de-louise","status":"publish","type":"product","link":"https:\/\/streetmarkets.fr\/app\/produit\/sac-shupatto-taille-m-umi-ocean-la-boutique-de-louise\/","title":{"rendered":"Sac Shupatto taille M &#8211; Umi (Ocean) &#8211; La boutique de Louise"},"content":{"rendered":"<p>Sac Shupatto taille M &#8211;\u00a0Umi (Ocean)Shupatto, marque japonaise, con\u00e7us par la soci\u00e9t\u00e9 Marna est reconnue pour ses sacs pliables innovants.Ces sacs se distinguent par leur facilit\u00e9 de pliage exceptionnelle : tirez simplement les deux extr\u00e9mit\u00e9s, et gr\u00e2ce \u00e0 une structure inspir\u00e9e de la mode, le sac s&#8217;effondre le long de son plissage. Il s&#8217;enroule ensuite facilement en un format compact id\u00e9al pour \u00eatre rang\u00e9 dans un sac \u00e0 main ou un tiroir.Marna a d\u00e9velopp\u00e9 les sacs Shupatto pour combler le d\u00e9ficit du march\u00e9 des sacs pliables \u00e9cologiques, \u00e9tudiant soigneusement le design, des couleurs ludiques \u00e0 la capacit\u00e9 de stockage. Fabriqu\u00e9s au japon, avec des mat\u00e9riaux de qualit\u00e9, ces sacs sont r\u00e9utilisables, ce qui permet de r\u00e9duire la consommation de plastique. Pour ce concept innovant, Marna a \u00e9t\u00e9 r\u00e9compens\u00e9e par des prix internationaux prestigieux, tels que les Red Dot et iF Design Awards.En plus d&#8217;\u00eatre une solution simple et \u00e9l\u00e9gante pour l&#8217;environnement, les sacs Shupatto sont \u00e9galement faciles \u00e0 nettoyer puisqu&#8217;ils sont lavables en machine.Dimensions sac pli\u00e9 : 6 x 6 cm.Dimensions sac d\u00e9pli\u00e9 : 30 x 35 cm.Capacit\u00e9 : 15 L \/ 5 Kg.<\/p>\n","protected":false},"excerpt":{"rendered":"<p>Sac Shupatto taille M &#8211;\u00a0Umi (Ocean)Shupatto, marque japonaise, con\u00e7us par la soci\u00e9t\u00e9 Marna est reconnue pour ses sacs pliables innovants.Ces sacs se distinguent par leur facilit\u00e9 de pliage exceptionnelle : tirez simplement les deux extr\u00e9mit\u00e9s, et gr\u00e2ce \u00e0 une structure inspir\u00e9e de la mode, le sac s&#8217;effondre le long de son plissage. Il s&#8217;enroule ensuite [&hellip;]<\/p>\n","protected":false},"featured_media":3151986,"comment_status":"open","ping_status":"closed","template":"","meta":[],"product_brand":[],"product_cat":[],"product_tag":[],"acf":[],"_links":{"self":[{"href":"https:\/\/streetmarkets.fr\/app\/wp-json\/wp\/v2\/product\/3151985"}],"collection":[{"href":"https:\/\/streetmarkets.fr\/app\/wp-json\/wp\/v2\/product"}],"about":[{"href":"https:\/\/streetmarkets.fr\/app\/wp-json\/wp\/v2\/types\/product"}],"replies":[{"embeddable":true,"href":"https:\/\/streetmarkets.fr\/app\/wp-json\/wp\/v2\/comments?post=3151985"}],"wp:featuredmedia":[{"embeddable":true,"href":"https:\/\/streetmarkets.fr\/app\/wp-json\/wp\/v2\/media\/3151986"}],"wp:attachment":[{"href":"https:\/\/streetmarkets.fr\/app\/wp-json\/wp\/v2\/media?parent=3151985"}],"wp:term":[{"taxonomy":"product_brand","embeddable":true,"href":"https:\/\/streetmarkets.fr\/app\/wp-json\/wp\/v2\/product_brand?post=3151985"},{"taxonomy":"product_cat","embeddable":true,"href":"https:\/\/streetmarkets.fr\/app\/wp-json\/wp\/v2\/product_cat?post=3151985"},{"taxonomy":"product_tag","embeddable":true,"href":"https:\/\/streetmarkets.fr\/app\/wp-json\/wp\/v2\/product_tag?post=3151985"}],"curies":[{"name":"wp","href":"https:\/\/api.w.org\/{rel}","templated":true}]}}