{"id":3151966,"date":"2025-12-06T00:27:18","date_gmt":"2025-12-05T23:27:18","guid":{"rendered":"https:\/\/streetmarkets.fr\/app\/produit\/boite-a-bijoux-dogs-la-boutique-de-louise\/"},"modified":"2026-01-05T00:27:23","modified_gmt":"2026-01-04T23:27:23","slug":"boite-a-bijoux-dogs-la-boutique-de-louise","status":"publish","type":"product","link":"https:\/\/streetmarkets.fr\/app\/produit\/boite-a-bijoux-dogs-la-boutique-de-louise\/","title":{"rendered":"Bo\u00eete \u00e0 bijoux Dogs &#8211; La boutique de Louise"},"content":{"rendered":"<p>Bo\u00eete \u00e0 bijoux\u00a0DogsMontrez votre amour pour les amis \u00e0 quatre pattes avec la Bo\u00eete \u00e0 bijoux Dogs.Alliant charme ludique et \u00e9l\u00e9gance au quotidien, cette bo\u00eete compacte est parfaite pour garder vos accessoires en s\u00e9curit\u00e9 et organis\u00e9s o\u00f9 que vous soyez.Cette jolie boite \u00e0 bijoux tr\u00e8s pratique s\u2019ouvre et se ferme gr\u00e2ce \u00e0 un double zip dor\u00e9 et dispose de nombreux compartiments \u00e0 l\u2019int\u00e9rieur.Ext\u00e9rieur en simili cuir, int\u00e9rieur doubl\u00e9 de coton.Section sup\u00e9rieure\u00a0: pr\u00e9sentoir pour boucles d\u2019oreilles ou bagues et un compartiment pour les cha\u00eenes.Section inf\u00e9rieure\u00a0: pochette refermable\u00a0en coton pour les grosses pi\u00e8ces ou colliers.Dimensions : 9.5 x 5.4 cm.All the ways to Say est une marque sp\u00e9cialis\u00e9e\u00a0en papeterie, bas\u00e9e en France et fond\u00e9e en 2015 par Claire Leina, illustratrice, directrice artistique et jeune maman.Elle d\u00e9veloppe des collections originales, travaille sur les combinaisons de couleurs et de dessins, et se concentre sur les mat\u00e9riaux de la plus haute qualit\u00e9 disponibles pour cr\u00e9er les meilleurs produits.Elle est aid\u00e9e par son mari Jean-Charles, qui g\u00e8re le d\u00e9veloppement de l\u2019entreprise, et leur petite fille, Tess, qui est charg\u00e9e de rire et de leur faire des c\u00e2lins quand ils en ont besoin.1% des ventes de la marque est revers\u00e9\u00a0\u00e0 la pr\u00e9servation et \u00e0 la restauration de l\u2019environnement naturel \u00e0 travers 1% POUR LA PLAN\u00c8TE, cr\u00e9\u00e9 par le fondateur de PATAGONIA en 2002.<\/p>\n","protected":false},"excerpt":{"rendered":"<p>Bo\u00eete \u00e0 bijoux\u00a0DogsMontrez votre amour pour les amis \u00e0 quatre pattes avec la Bo\u00eete \u00e0 bijoux Dogs.Alliant charme ludique et \u00e9l\u00e9gance au quotidien, cette bo\u00eete compacte est parfaite pour garder vos accessoires en s\u00e9curit\u00e9 et organis\u00e9s o\u00f9 que vous soyez.Cette jolie boite \u00e0 bijoux tr\u00e8s pratique s\u2019ouvre et se ferme gr\u00e2ce \u00e0 un double zip [&hellip;]<\/p>\n","protected":false},"featured_media":3151967,"comment_status":"open","ping_status":"closed","template":"","meta":[],"product_brand":[7133],"product_cat":[],"product_tag":[],"acf":[],"_links":{"self":[{"href":"https:\/\/streetmarkets.fr\/app\/wp-json\/wp\/v2\/product\/3151966"}],"collection":[{"href":"https:\/\/streetmarkets.fr\/app\/wp-json\/wp\/v2\/product"}],"about":[{"href":"https:\/\/streetmarkets.fr\/app\/wp-json\/wp\/v2\/types\/product"}],"replies":[{"embeddable":true,"href":"https:\/\/streetmarkets.fr\/app\/wp-json\/wp\/v2\/comments?post=3151966"}],"wp:featuredmedia":[{"embeddable":true,"href":"https:\/\/streetmarkets.fr\/app\/wp-json\/wp\/v2\/media\/3151967"}],"wp:attachment":[{"href":"https:\/\/streetmarkets.fr\/app\/wp-json\/wp\/v2\/media?parent=3151966"}],"wp:term":[{"taxonomy":"product_brand","embeddable":true,"href":"https:\/\/streetmarkets.fr\/app\/wp-json\/wp\/v2\/product_brand?post=3151966"},{"taxonomy":"product_cat","embeddable":true,"href":"https:\/\/streetmarkets.fr\/app\/wp-json\/wp\/v2\/product_cat?post=3151966"},{"taxonomy":"product_tag","embeddable":true,"href":"https:\/\/streetmarkets.fr\/app\/wp-json\/wp\/v2\/product_tag?post=3151966"}],"curies":[{"name":"wp","href":"https:\/\/api.w.org\/{rel}","templated":true}]}}