{"id":3151874,"date":"2025-12-06T00:27:07","date_gmt":"2025-12-05T23:27:07","guid":{"rendered":"https:\/\/streetmarkets.fr\/app\/produit\/boucles-doreilles-luria-la-boutique-de-louise\/"},"modified":"2026-01-05T00:27:22","modified_gmt":"2026-01-04T23:27:22","slug":"boucles-doreilles-luria-la-boutique-de-louise","status":"publish","type":"product","link":"https:\/\/streetmarkets.fr\/app\/produit\/boucles-doreilles-luria-la-boutique-de-louise\/","title":{"rendered":"Boucles d&#039;oreilles Luria &#8211; La boutique de Louise"},"content":{"rendered":"<p>Boucles d&#8217;oreilles dor\u00e9es \u00e0 puces en forme de\u00a0cr\u00e9ole \u00e9maill\u00e9e verte.Dimensions: 20 x 29 mm.Mati\u00e8re : acier inoxydable, mati\u00e8re hypoallerg\u00e9nique, r\u00e9sistante \u00e0 l&#8217;eau et au temps.Jeune marque parisienne, Shyloh puise son inspiration au gr\u00e9 de ses voyages et ses rencontres.D\u00e9sireuse de marier la finesse et\u00a0le naturel, elle est \u00e0 l&#8217;\u00e9coute des tendances actuelles.Tous ses bijoux sont en acier inoxydable, avec des pierres naturelles et ils\u00a0vous\u00a0suivront partout.<\/p>\n","protected":false},"excerpt":{"rendered":"<p>Boucles d&#8217;oreilles dor\u00e9es \u00e0 puces en forme de\u00a0cr\u00e9ole \u00e9maill\u00e9e verte.Dimensions: 20 x 29 mm.Mati\u00e8re : acier inoxydable, mati\u00e8re hypoallerg\u00e9nique, r\u00e9sistante \u00e0 l&#8217;eau et au temps.Jeune marque parisienne, Shyloh puise son inspiration au gr\u00e9 de ses voyages et ses rencontres.D\u00e9sireuse de marier la finesse et\u00a0le naturel, elle est \u00e0 l&#8217;\u00e9coute des tendances actuelles.Tous ses bijoux sont [&hellip;]<\/p>\n","protected":false},"featured_media":3151875,"comment_status":"open","ping_status":"closed","template":"","meta":[],"product_brand":[],"product_cat":[],"product_tag":[],"acf":[],"_links":{"self":[{"href":"https:\/\/streetmarkets.fr\/app\/wp-json\/wp\/v2\/product\/3151874"}],"collection":[{"href":"https:\/\/streetmarkets.fr\/app\/wp-json\/wp\/v2\/product"}],"about":[{"href":"https:\/\/streetmarkets.fr\/app\/wp-json\/wp\/v2\/types\/product"}],"replies":[{"embeddable":true,"href":"https:\/\/streetmarkets.fr\/app\/wp-json\/wp\/v2\/comments?post=3151874"}],"wp:featuredmedia":[{"embeddable":true,"href":"https:\/\/streetmarkets.fr\/app\/wp-json\/wp\/v2\/media\/3151875"}],"wp:attachment":[{"href":"https:\/\/streetmarkets.fr\/app\/wp-json\/wp\/v2\/media?parent=3151874"}],"wp:term":[{"taxonomy":"product_brand","embeddable":true,"href":"https:\/\/streetmarkets.fr\/app\/wp-json\/wp\/v2\/product_brand?post=3151874"},{"taxonomy":"product_cat","embeddable":true,"href":"https:\/\/streetmarkets.fr\/app\/wp-json\/wp\/v2\/product_cat?post=3151874"},{"taxonomy":"product_tag","embeddable":true,"href":"https:\/\/streetmarkets.fr\/app\/wp-json\/wp\/v2\/product_tag?post=3151874"}],"curies":[{"name":"wp","href":"https:\/\/api.w.org\/{rel}","templated":true}]}}