{"id":3151855,"date":"2025-12-06T00:27:05","date_gmt":"2025-12-05T23:27:05","guid":{"rendered":"https:\/\/streetmarkets.fr\/app\/produit\/bague-chanez-noir-la-boutique-de-louise\/"},"modified":"2026-01-05T00:27:22","modified_gmt":"2026-01-04T23:27:22","slug":"bague-chanez-noir-la-boutique-de-louise","status":"publish","type":"product","link":"https:\/\/streetmarkets.fr\/app\/produit\/bague-chanez-noir-la-boutique-de-louise\/","title":{"rendered":"Bague Chanez noir &#8211; La boutique de Louise"},"content":{"rendered":"<p>Grande bague\u00a0toute fine avec un \u00e9mail noir.Hauteur de la bague : 25 mm.Bague r\u00e9glable T52 \u00e0 T56.Mati\u00e8re : acier inoxydable, mati\u00e8re hypoallerg\u00e9nique, r\u00e9sistante \u00e0 l&#8217;eau et au temps.Jeune marque parisienne, Shyloh puise son inspiration au gr\u00e9 de ses voyages et ses rencontres.D\u00e9sireuse de marier la finesse et\u00a0le naturel, elle est \u00e0 l&#8217;\u00e9coute des tendances actuelles.Tous ses bijoux sont en acier inoxydable, avec des pierres naturelles et ils\u00a0vous\u00a0suivront partout.<\/p>\n","protected":false},"excerpt":{"rendered":"<p>Grande bague\u00a0toute fine avec un \u00e9mail noir.Hauteur de la bague : 25 mm.Bague r\u00e9glable T52 \u00e0 T56.Mati\u00e8re : acier inoxydable, mati\u00e8re hypoallerg\u00e9nique, r\u00e9sistante \u00e0 l&#8217;eau et au temps.Jeune marque parisienne, Shyloh puise son inspiration au gr\u00e9 de ses voyages et ses rencontres.D\u00e9sireuse de marier la finesse et\u00a0le naturel, elle est \u00e0 l&#8217;\u00e9coute des tendances actuelles.Tous [&hellip;]<\/p>\n","protected":false},"featured_media":3151856,"comment_status":"open","ping_status":"closed","template":"","meta":[],"product_brand":[],"product_cat":[],"product_tag":[],"acf":[],"_links":{"self":[{"href":"https:\/\/streetmarkets.fr\/app\/wp-json\/wp\/v2\/product\/3151855"}],"collection":[{"href":"https:\/\/streetmarkets.fr\/app\/wp-json\/wp\/v2\/product"}],"about":[{"href":"https:\/\/streetmarkets.fr\/app\/wp-json\/wp\/v2\/types\/product"}],"replies":[{"embeddable":true,"href":"https:\/\/streetmarkets.fr\/app\/wp-json\/wp\/v2\/comments?post=3151855"}],"wp:featuredmedia":[{"embeddable":true,"href":"https:\/\/streetmarkets.fr\/app\/wp-json\/wp\/v2\/media\/3151856"}],"wp:attachment":[{"href":"https:\/\/streetmarkets.fr\/app\/wp-json\/wp\/v2\/media?parent=3151855"}],"wp:term":[{"taxonomy":"product_brand","embeddable":true,"href":"https:\/\/streetmarkets.fr\/app\/wp-json\/wp\/v2\/product_brand?post=3151855"},{"taxonomy":"product_cat","embeddable":true,"href":"https:\/\/streetmarkets.fr\/app\/wp-json\/wp\/v2\/product_cat?post=3151855"},{"taxonomy":"product_tag","embeddable":true,"href":"https:\/\/streetmarkets.fr\/app\/wp-json\/wp\/v2\/product_tag?post=3151855"}],"curies":[{"name":"wp","href":"https:\/\/api.w.org\/{rel}","templated":true}]}}