{"id":3151766,"date":"2025-12-05T07:42:49","date_gmt":"2025-12-05T06:42:49","guid":{"rendered":"https:\/\/streetmarkets.fr\/app\/produit\/mitaines-cable-ecru-koon\/"},"modified":"2026-05-15T08:39:40","modified_gmt":"2026-05-15T06:39:40","slug":"mitaines-cable-ecru-koon","status":"publish","type":"product","link":"https:\/\/streetmarkets.fr\/app\/produit\/mitaines-cable-ecru-koon\/","title":{"rendered":"Mitaines c\u00e2ble \u00e9cru &#8211; Koon"},"content":{"rendered":"<p>Mitaines 100% cachemire 6 fils torsad\u00e9es \u00e9cru<\/p>\n<div id=\"product-description-short-270\" class=\"product-description-short typo sm-bottom\">\n<p>Chaudes et douces on ne peut plus les quitter&#8230;<\/p>\n<\/div>\n<p>id\u00e9al en alternative aux gants.\u00a0<\/p>\n<p>Couleur : Torsad\u00e9 \u00e9cru<\/p>\n<p>\u00a0<\/p>\n<p><\/p>\n","protected":false},"excerpt":{"rendered":"<p>Mitaines 100% cachemire 6 fils torsad\u00e9es \u00e9cru Chaudes et douces on ne peut plus les quitter&#8230; id\u00e9al en alternative aux gants.\u00a0 Couleur : Torsad\u00e9 \u00e9cru \u00a0<\/p>\n","protected":false},"featured_media":3151767,"comment_status":"open","ping_status":"closed","template":"","meta":[],"product_brand":[],"product_cat":[],"product_tag":[],"acf":[],"_links":{"self":[{"href":"https:\/\/streetmarkets.fr\/app\/wp-json\/wp\/v2\/product\/3151766"}],"collection":[{"href":"https:\/\/streetmarkets.fr\/app\/wp-json\/wp\/v2\/product"}],"about":[{"href":"https:\/\/streetmarkets.fr\/app\/wp-json\/wp\/v2\/types\/product"}],"replies":[{"embeddable":true,"href":"https:\/\/streetmarkets.fr\/app\/wp-json\/wp\/v2\/comments?post=3151766"}],"wp:featuredmedia":[{"embeddable":true,"href":"https:\/\/streetmarkets.fr\/app\/wp-json\/wp\/v2\/media\/3151767"}],"wp:attachment":[{"href":"https:\/\/streetmarkets.fr\/app\/wp-json\/wp\/v2\/media?parent=3151766"}],"wp:term":[{"taxonomy":"product_brand","embeddable":true,"href":"https:\/\/streetmarkets.fr\/app\/wp-json\/wp\/v2\/product_brand?post=3151766"},{"taxonomy":"product_cat","embeddable":true,"href":"https:\/\/streetmarkets.fr\/app\/wp-json\/wp\/v2\/product_cat?post=3151766"},{"taxonomy":"product_tag","embeddable":true,"href":"https:\/\/streetmarkets.fr\/app\/wp-json\/wp\/v2\/product_tag?post=3151766"}],"curies":[{"name":"wp","href":"https:\/\/api.w.org\/{rel}","templated":true}]}}