{"id":3151753,"date":"2025-12-05T07:42:48","date_gmt":"2025-12-05T06:42:48","guid":{"rendered":"https:\/\/streetmarkets.fr\/app\/produit\/boucles-elixir-emeraude-hanka-in\/"},"modified":"2026-04-10T08:39:46","modified_gmt":"2026-04-10T06:39:46","slug":"boucles-elixir-emeraude-hanka-in","status":"publish","type":"product","link":"https:\/\/streetmarkets.fr\/app\/produit\/boucles-elixir-emeraude-hanka-in\/","title":{"rendered":"Boucles Elixir \u00e9meraude &#8211; Hanka In"},"content":{"rendered":"<p>Paire de boucles mixant perles facett\u00e9es en \u00e9meraude, perles grise et zircons blancs<\/p>\n<p>longueur : 3,5 cm<\/p>\n<p><strong>Cr\u00e9atrice fran\u00e7aise<\/strong>, les bijoux sont confectionn\u00e9s en atelier parisien.<\/p>\n","protected":false},"excerpt":{"rendered":"<p>Paire de boucles mixant perles facett\u00e9es en \u00e9meraude, perles grise et zircons blancs longueur : 3,5 cm Cr\u00e9atrice fran\u00e7aise, les bijoux sont confectionn\u00e9s en atelier parisien.<\/p>\n","protected":false},"featured_media":3151754,"comment_status":"open","ping_status":"closed","template":"","meta":[],"product_brand":[],"product_cat":[],"product_tag":[],"acf":[],"_links":{"self":[{"href":"https:\/\/streetmarkets.fr\/app\/wp-json\/wp\/v2\/product\/3151753"}],"collection":[{"href":"https:\/\/streetmarkets.fr\/app\/wp-json\/wp\/v2\/product"}],"about":[{"href":"https:\/\/streetmarkets.fr\/app\/wp-json\/wp\/v2\/types\/product"}],"replies":[{"embeddable":true,"href":"https:\/\/streetmarkets.fr\/app\/wp-json\/wp\/v2\/comments?post=3151753"}],"wp:featuredmedia":[{"embeddable":true,"href":"https:\/\/streetmarkets.fr\/app\/wp-json\/wp\/v2\/media\/3151754"}],"wp:attachment":[{"href":"https:\/\/streetmarkets.fr\/app\/wp-json\/wp\/v2\/media?parent=3151753"}],"wp:term":[{"taxonomy":"product_brand","embeddable":true,"href":"https:\/\/streetmarkets.fr\/app\/wp-json\/wp\/v2\/product_brand?post=3151753"},{"taxonomy":"product_cat","embeddable":true,"href":"https:\/\/streetmarkets.fr\/app\/wp-json\/wp\/v2\/product_cat?post=3151753"},{"taxonomy":"product_tag","embeddable":true,"href":"https:\/\/streetmarkets.fr\/app\/wp-json\/wp\/v2\/product_tag?post=3151753"}],"curies":[{"name":"wp","href":"https:\/\/api.w.org\/{rel}","templated":true}]}}