{"id":3151710,"date":"2025-12-05T07:42:42","date_gmt":"2025-12-05T06:42:42","guid":{"rendered":"https:\/\/streetmarkets.fr\/app\/produit\/jonc-viny-dore-hanka-in\/"},"modified":"2026-05-12T08:39:22","modified_gmt":"2026-05-12T06:39:22","slug":"jonc-viny-dore-hanka-in","status":"publish","type":"product","link":"https:\/\/streetmarkets.fr\/app\/produit\/jonc-viny-dore-hanka-in\/","title":{"rendered":"Jonc Viny dor\u00e9 &#8211; Hanka In"},"content":{"rendered":"<p>Jonc Viny dor\u00e9, torsad\u00e9, ultra l\u00e9ger, ravissant \u00e0 porter en duo avec le jonc argent\u00e9\u00a0\u00a0<\/p>\n<p><strong style=\"font-family: -apple-system, BlinkMacSystemFont, 'San Francisco', 'Segoe UI', Roboto, 'Helvetica Neue', sans-serif;font-size: 0.875rem\">Cr\u00e9atrice fran\u00e7aise<\/strong><span style=\"font-family: -apple-system, BlinkMacSystemFont, 'San Francisco', 'Segoe UI', Roboto, 'Helvetica Neue', sans-serif;font-size: 0.875rem\"> Hanka In<\/span><\/p>\n<p>Les mod\u00e8les sont dessin\u00e9s et fabriqu\u00e9s en France.<\/p>\n","protected":false},"excerpt":{"rendered":"<p>Jonc Viny dor\u00e9, torsad\u00e9, ultra l\u00e9ger, ravissant \u00e0 porter en duo avec le jonc argent\u00e9\u00a0\u00a0 Cr\u00e9atrice fran\u00e7aise Hanka In Les mod\u00e8les sont dessin\u00e9s et fabriqu\u00e9s en France.<\/p>\n","protected":false},"featured_media":3151711,"comment_status":"open","ping_status":"closed","template":"","meta":[],"product_brand":[],"product_cat":[],"product_tag":[],"acf":[],"_links":{"self":[{"href":"https:\/\/streetmarkets.fr\/app\/wp-json\/wp\/v2\/product\/3151710"}],"collection":[{"href":"https:\/\/streetmarkets.fr\/app\/wp-json\/wp\/v2\/product"}],"about":[{"href":"https:\/\/streetmarkets.fr\/app\/wp-json\/wp\/v2\/types\/product"}],"replies":[{"embeddable":true,"href":"https:\/\/streetmarkets.fr\/app\/wp-json\/wp\/v2\/comments?post=3151710"}],"wp:featuredmedia":[{"embeddable":true,"href":"https:\/\/streetmarkets.fr\/app\/wp-json\/wp\/v2\/media\/3151711"}],"wp:attachment":[{"href":"https:\/\/streetmarkets.fr\/app\/wp-json\/wp\/v2\/media?parent=3151710"}],"wp:term":[{"taxonomy":"product_brand","embeddable":true,"href":"https:\/\/streetmarkets.fr\/app\/wp-json\/wp\/v2\/product_brand?post=3151710"},{"taxonomy":"product_cat","embeddable":true,"href":"https:\/\/streetmarkets.fr\/app\/wp-json\/wp\/v2\/product_cat?post=3151710"},{"taxonomy":"product_tag","embeddable":true,"href":"https:\/\/streetmarkets.fr\/app\/wp-json\/wp\/v2\/product_tag?post=3151710"}],"curies":[{"name":"wp","href":"https:\/\/api.w.org\/{rel}","templated":true}]}}