{"id":3139487,"date":"2025-12-04T00:27:41","date_gmt":"2025-12-03T23:27:41","guid":{"rendered":"https:\/\/streetmarkets.fr\/app\/produit\/set-mug-et-chaussettes-good-books-la-boutique-de-louise\/"},"modified":"2026-01-05T00:27:47","modified_gmt":"2026-01-04T23:27:47","slug":"set-mug-et-chaussettes-good-books-la-boutique-de-louise","status":"publish","type":"product","link":"https:\/\/streetmarkets.fr\/app\/produit\/set-mug-et-chaussettes-good-books-la-boutique-de-louise\/","title":{"rendered":"Set Mug et Chaussettes &quot;Good Books&quot; &#8211; La boutique de Louise"},"content":{"rendered":"<p>Set Mug et Chaussettes\u00a0&#8220;Good Books&#8221;Installez-vous confortablement avec ce set comprenant une tasse en c\u00e9ramique et des chaussettes toutes moelleuses, arborant la phrase\u00a0&#8220;Good Books, warm tea, fuzzy socks&#8221;.Parfait pour\u00a0cet hiver pour\u00a0se blottir avec une tasse de th\u00e9 et un bon livre.Capacit\u00e9 de 450 ml.Ne passe pas au lave-vaisselle ni au micro-ondes.Dimensions tasse :11 x 14 x 9,5\u00a0cm.Mati\u00e8re : c\u00e9ramique.Con\u00e7u par Something Different dans le cadre de la gamme The Book Club.Fond\u00e9e par la PDG Jane Wallace-Jones, Something Different a commenc\u00e9 au d\u00e9but des ann\u00e9es 1990 dans les ventes de chaussures et voitures locales au Royaume -Uni.Le sens aigu de Jane pour les\u00a0produits\u00a0cadeaux uniques et sa passion pour la vente l\u2019ont amen\u00e9e \u00e0 n\u00e9gocier sur les march\u00e9s\u00a0internationaux, puis \u00e0 exploiter plusieurs unit\u00e9s dans le sud du Pays de Galles.La marque propose de nombreuses gammes dans la d\u00e9coration allant du gothique aux produits saisonniers pour no\u00ebl ou Halloween.<\/p>\n","protected":false},"excerpt":{"rendered":"<p>Set Mug et Chaussettes\u00a0&#8220;Good Books&#8221;Installez-vous confortablement avec ce set comprenant une tasse en c\u00e9ramique et des chaussettes toutes moelleuses, arborant la phrase\u00a0&#8220;Good Books, warm tea, fuzzy socks&#8221;.Parfait pour\u00a0cet hiver pour\u00a0se blottir avec une tasse de th\u00e9 et un bon livre.Capacit\u00e9 de 450 ml.Ne passe pas au lave-vaisselle ni au micro-ondes.Dimensions tasse :11 x 14 x [&hellip;]<\/p>\n","protected":false},"featured_media":3139488,"comment_status":"open","ping_status":"closed","template":"","meta":[],"product_brand":[],"product_cat":[],"product_tag":[],"acf":[],"_links":{"self":[{"href":"https:\/\/streetmarkets.fr\/app\/wp-json\/wp\/v2\/product\/3139487"}],"collection":[{"href":"https:\/\/streetmarkets.fr\/app\/wp-json\/wp\/v2\/product"}],"about":[{"href":"https:\/\/streetmarkets.fr\/app\/wp-json\/wp\/v2\/types\/product"}],"replies":[{"embeddable":true,"href":"https:\/\/streetmarkets.fr\/app\/wp-json\/wp\/v2\/comments?post=3139487"}],"wp:featuredmedia":[{"embeddable":true,"href":"https:\/\/streetmarkets.fr\/app\/wp-json\/wp\/v2\/media\/3139488"}],"wp:attachment":[{"href":"https:\/\/streetmarkets.fr\/app\/wp-json\/wp\/v2\/media?parent=3139487"}],"wp:term":[{"taxonomy":"product_brand","embeddable":true,"href":"https:\/\/streetmarkets.fr\/app\/wp-json\/wp\/v2\/product_brand?post=3139487"},{"taxonomy":"product_cat","embeddable":true,"href":"https:\/\/streetmarkets.fr\/app\/wp-json\/wp\/v2\/product_cat?post=3139487"},{"taxonomy":"product_tag","embeddable":true,"href":"https:\/\/streetmarkets.fr\/app\/wp-json\/wp\/v2\/product_tag?post=3139487"}],"curies":[{"name":"wp","href":"https:\/\/api.w.org\/{rel}","templated":true}]}}