{"id":3139441,"date":"2025-12-04T00:27:29","date_gmt":"2025-12-03T23:27:29","guid":{"rendered":"https:\/\/streetmarkets.fr\/app\/produit\/paillettes-tagadamour-la-boutique-de-louise\/"},"modified":"2026-01-05T00:27:47","modified_gmt":"2026-01-04T23:27:47","slug":"paillettes-tagadamour-la-boutique-de-louise","status":"publish","type":"product","link":"https:\/\/streetmarkets.fr\/app\/produit\/paillettes-tagadamour-la-boutique-de-louise\/","title":{"rendered":"Paillettes Tagadamour &#8211; La boutique de Louise"},"content":{"rendered":"<p>Paillettes\u00a0TagadamourUn m\u00e9lange de paillettes \u00e0 base de plantesTagadamour aux couleurs rouge framboise et dor\u00e9es, et de toutes les tailles pour toujours plus de brillance !Elles sont :- Garanties \u00e0 99% sans plastique- Vegan- Sans nanoparticules, ni allerg\u00e8nes, ni OGM, ni CMR.Maquillez vos yeux, vos joues, colorez vos cheveux ou votre barbe, mettez de la couleur partout sur votre corps pour passer des soir\u00e9es inoubliables !COMMENT APPLIQUER LES PAILLETTES ?1. Choisissez vos\u00a0paillettes pr\u00e9f\u00e9r\u00e9es.2. Appliquez le\u00a0baume de karit\u00e9 sur quelques zones cibl\u00e9es au pinceau.3. S\u00e9lectionnez avec votre pinceau\u00a0quelques paillettes\u00a0et d\u00e9posez-les une \u00e0 une sur les zones souhait\u00e9es.Le pot de 5ml vous permettra de r\u00e9aliser environ une vingtaine de make-up de festivals.Vous pouvez les utiliser o\u00f9 vous le souhaitez, sur votre visage (avec pr\u00e9caution autour des yeux), votre corps, vos cheveux, vos ongles&#8230; Mais aussi, dans les loisirs cr\u00e9atifs, la fabrication de cosm\u00e9tiques maison comme les bougies, les savons&#8230; \u00c0 vous de choisir !Leur\u00a0mission : vous faire briller sans polluer!Comme Si Si La Paillette, on pense que la vie est plus belle avec des paillettes.Le hic : les paillettes classiques, du plastique et c\u2019est pas fantastique !C\u2019est pourquoi\u00a0la marque\u00a0a cr\u00e9\u00e9\u00a0des paillettes \u00e0 base de plantes, pour rendre la f\u00eate et le maquillage plus \u00e9co-responsables.Au travers de\u00a0leurs\u00a0produits,\u00a0elles\u00a0d\u00e9fendent chaque jour des valeurs qui\u00a0leur\u00a0sont ch\u00e8res : l\u2019\u00e9cologie, l\u2019inclusivit\u00e9 et la f\u00eate.<\/p>\n","protected":false},"excerpt":{"rendered":"<p>Paillettes\u00a0TagadamourUn m\u00e9lange de paillettes \u00e0 base de plantesTagadamour aux couleurs rouge framboise et dor\u00e9es, et de toutes les tailles pour toujours plus de brillance !Elles sont :- Garanties \u00e0 99% sans plastique- Vegan- Sans nanoparticules, ni allerg\u00e8nes, ni OGM, ni CMR.Maquillez vos yeux, vos joues, colorez vos cheveux ou votre barbe, mettez de la couleur [&hellip;]<\/p>\n","protected":false},"featured_media":3139442,"comment_status":"open","ping_status":"closed","template":"","meta":[],"product_brand":[],"product_cat":[],"product_tag":[],"acf":[],"_links":{"self":[{"href":"https:\/\/streetmarkets.fr\/app\/wp-json\/wp\/v2\/product\/3139441"}],"collection":[{"href":"https:\/\/streetmarkets.fr\/app\/wp-json\/wp\/v2\/product"}],"about":[{"href":"https:\/\/streetmarkets.fr\/app\/wp-json\/wp\/v2\/types\/product"}],"replies":[{"embeddable":true,"href":"https:\/\/streetmarkets.fr\/app\/wp-json\/wp\/v2\/comments?post=3139441"}],"wp:featuredmedia":[{"embeddable":true,"href":"https:\/\/streetmarkets.fr\/app\/wp-json\/wp\/v2\/media\/3139442"}],"wp:attachment":[{"href":"https:\/\/streetmarkets.fr\/app\/wp-json\/wp\/v2\/media?parent=3139441"}],"wp:term":[{"taxonomy":"product_brand","embeddable":true,"href":"https:\/\/streetmarkets.fr\/app\/wp-json\/wp\/v2\/product_brand?post=3139441"},{"taxonomy":"product_cat","embeddable":true,"href":"https:\/\/streetmarkets.fr\/app\/wp-json\/wp\/v2\/product_cat?post=3139441"},{"taxonomy":"product_tag","embeddable":true,"href":"https:\/\/streetmarkets.fr\/app\/wp-json\/wp\/v2\/product_tag?post=3139441"}],"curies":[{"name":"wp","href":"https:\/\/api.w.org\/{rel}","templated":true}]}}