{"id":3139431,"date":"2025-12-04T00:27:27","date_gmt":"2025-12-03T23:27:27","guid":{"rendered":"https:\/\/streetmarkets.fr\/app\/produit\/pochoir-cosmique-la-boutique-de-louise\/"},"modified":"2026-01-05T00:27:47","modified_gmt":"2026-01-04T23:27:47","slug":"pochoir-cosmique-la-boutique-de-louise","status":"publish","type":"product","link":"https:\/\/streetmarkets.fr\/app\/produit\/pochoir-cosmique-la-boutique-de-louise\/","title":{"rendered":"Pochoir Cosmique &#8211; La boutique de Louise"},"content":{"rendered":"<p>Pochoir CosmiqueConnectez-vous aux astres avec le pochoir cosmique !Etoile, lune et soleil sont les formes id\u00e9ales pour des\u00a0tatouages paillet\u00e9s\u00a0qui illumineront vos festivals, anniversaires et soir\u00e9es paillet\u00e9es.Cr\u00e9ez d\u2019incroyables tatouages paillet\u00e9s avec le Pochoir Cosmique de Si Si La Paillette !Comment utiliser le pochoir ?1. D\u00e9collez le pochoir de son support et positionnez-le sur votre peau.2. Appliquez votre gel paillet\u00e9 directement sur la surface \u00e0 pailleter. Si vous utilisez des paillettes libres, appliquez le baume au karit\u00e9, puis d\u00e9posez les paillettes.3. d\u00e9collez doucement votre pochoir de votre peau, essuyez-le et replacez-le sur son support.Votre pochoir se r\u00e9utilise 3 fois sans ajout de colle. Au-del\u00e0, vous pourrez le r\u00e9utiliser en appliquant du Baume Applicateur Karit\u00e9 pour le faire adh\u00e9rer \u00e0 la peau.Pour d\u00e9maquiller votre tatouage temporaire, il suffit de laver votre peau \u00e0 l\u2019eau ti\u00e8de et au savon.Fabriqu\u00e9 en France.Test\u00e9 sous contr\u00f4le dermatologique.Leur\u00a0mission : vous faire briller sans polluer!Comme Si Si La Paillette, on pense que la vie est plus belle avec des paillettes.Le hic : les paillettes classiques, du plastique et c\u2019est pas fantastique !C\u2019est pourquoi\u00a0la marque\u00a0a cr\u00e9\u00e9\u00a0des paillettes \u00e0 base de plantes, pour rendre la f\u00eate et le maquillage plus \u00e9co-responsables.Au travers de\u00a0leurs\u00a0produits,\u00a0elles\u00a0d\u00e9fendent chaque jour des valeurs qui\u00a0leur\u00a0sont ch\u00e8res : l\u2019\u00e9cologie, l\u2019inclusivit\u00e9 et la f\u00eate.<\/p>\n","protected":false},"excerpt":{"rendered":"<p>Pochoir CosmiqueConnectez-vous aux astres avec le pochoir cosmique !Etoile, lune et soleil sont les formes id\u00e9ales pour des\u00a0tatouages paillet\u00e9s\u00a0qui illumineront vos festivals, anniversaires et soir\u00e9es paillet\u00e9es.Cr\u00e9ez d\u2019incroyables tatouages paillet\u00e9s avec le Pochoir Cosmique de Si Si La Paillette !Comment utiliser le pochoir ?1. D\u00e9collez le pochoir de son support et positionnez-le sur votre peau.2. Appliquez [&hellip;]<\/p>\n","protected":false},"featured_media":3139432,"comment_status":"open","ping_status":"closed","template":"","meta":[],"product_brand":[],"product_cat":[],"product_tag":[],"acf":[],"_links":{"self":[{"href":"https:\/\/streetmarkets.fr\/app\/wp-json\/wp\/v2\/product\/3139431"}],"collection":[{"href":"https:\/\/streetmarkets.fr\/app\/wp-json\/wp\/v2\/product"}],"about":[{"href":"https:\/\/streetmarkets.fr\/app\/wp-json\/wp\/v2\/types\/product"}],"replies":[{"embeddable":true,"href":"https:\/\/streetmarkets.fr\/app\/wp-json\/wp\/v2\/comments?post=3139431"}],"wp:featuredmedia":[{"embeddable":true,"href":"https:\/\/streetmarkets.fr\/app\/wp-json\/wp\/v2\/media\/3139432"}],"wp:attachment":[{"href":"https:\/\/streetmarkets.fr\/app\/wp-json\/wp\/v2\/media?parent=3139431"}],"wp:term":[{"taxonomy":"product_brand","embeddable":true,"href":"https:\/\/streetmarkets.fr\/app\/wp-json\/wp\/v2\/product_brand?post=3139431"},{"taxonomy":"product_cat","embeddable":true,"href":"https:\/\/streetmarkets.fr\/app\/wp-json\/wp\/v2\/product_cat?post=3139431"},{"taxonomy":"product_tag","embeddable":true,"href":"https:\/\/streetmarkets.fr\/app\/wp-json\/wp\/v2\/product_tag?post=3139431"}],"curies":[{"name":"wp","href":"https:\/\/api.w.org\/{rel}","templated":true}]}}