{"id":3139378,"date":"2025-12-04T00:26:50","date_gmt":"2025-12-03T23:26:50","guid":{"rendered":"https:\/\/streetmarkets.fr\/app\/produit\/collier-solea-la-boutique-de-louise\/"},"modified":"2026-01-05T00:27:22","modified_gmt":"2026-01-04T23:27:22","slug":"collier-solea-la-boutique-de-louise","status":"publish","type":"product","link":"https:\/\/streetmarkets.fr\/app\/produit\/collier-solea-la-boutique-de-louise\/","title":{"rendered":"Collier Sol\u00e9a &#8211; La boutique de Louise"},"content":{"rendered":"<p>Collier Sol\u00e9aCollier sur cha\u00eene en acier inoxydable compos\u00e9 de divers pendentifs (soleil, coeur, lune, fleur \u00e9maill\u00e9e, \u00e9toile et tr\u00e8fle).Longueur de la cha\u00eene r\u00e9glable : 40 + 5 cm.Garantie sans nickel, sans cadmium, sans sel de plomb.R\u00e9siste \u00e0 l\u2019eau et\u00a0au temps.Bohm est une marque parisienne de bijoux en acier inoxydable, r\u00e9sistant au temps et \u00e0 l&#8217;eau.Alliant des mod\u00e8les tr\u00e8s modes et des pierres naturelles, la femme Bohm est \u00e0 la fois authentique et\u00a0originale avec un temp\u00e9rament passionn\u00e9 et un caract\u00e8re affirm\u00e9.<\/p>\n","protected":false},"excerpt":{"rendered":"<p>Collier Sol\u00e9aCollier sur cha\u00eene en acier inoxydable compos\u00e9 de divers pendentifs (soleil, coeur, lune, fleur \u00e9maill\u00e9e, \u00e9toile et tr\u00e8fle).Longueur de la cha\u00eene r\u00e9glable : 40 + 5 cm.Garantie sans nickel, sans cadmium, sans sel de plomb.R\u00e9siste \u00e0 l\u2019eau et\u00a0au temps.Bohm est une marque parisienne de bijoux en acier inoxydable, r\u00e9sistant au temps et \u00e0 l&#8217;eau.Alliant [&hellip;]<\/p>\n","protected":false},"featured_media":3139379,"comment_status":"open","ping_status":"closed","template":"","meta":[],"product_brand":[],"product_cat":[],"product_tag":[],"acf":[],"_links":{"self":[{"href":"https:\/\/streetmarkets.fr\/app\/wp-json\/wp\/v2\/product\/3139378"}],"collection":[{"href":"https:\/\/streetmarkets.fr\/app\/wp-json\/wp\/v2\/product"}],"about":[{"href":"https:\/\/streetmarkets.fr\/app\/wp-json\/wp\/v2\/types\/product"}],"replies":[{"embeddable":true,"href":"https:\/\/streetmarkets.fr\/app\/wp-json\/wp\/v2\/comments?post=3139378"}],"wp:featuredmedia":[{"embeddable":true,"href":"https:\/\/streetmarkets.fr\/app\/wp-json\/wp\/v2\/media\/3139379"}],"wp:attachment":[{"href":"https:\/\/streetmarkets.fr\/app\/wp-json\/wp\/v2\/media?parent=3139378"}],"wp:term":[{"taxonomy":"product_brand","embeddable":true,"href":"https:\/\/streetmarkets.fr\/app\/wp-json\/wp\/v2\/product_brand?post=3139378"},{"taxonomy":"product_cat","embeddable":true,"href":"https:\/\/streetmarkets.fr\/app\/wp-json\/wp\/v2\/product_cat?post=3139378"},{"taxonomy":"product_tag","embeddable":true,"href":"https:\/\/streetmarkets.fr\/app\/wp-json\/wp\/v2\/product_tag?post=3139378"}],"curies":[{"name":"wp","href":"https:\/\/api.w.org\/{rel}","templated":true}]}}