{"id":3119256,"date":"2025-11-30T07:42:33","date_gmt":"2025-11-30T06:42:33","guid":{"rendered":"https:\/\/streetmarkets.fr\/app\/produit\/bracelet-paloma-dore-perle-blanche-pyrite-hanka-in\/"},"modified":"2026-05-10T08:39:02","modified_gmt":"2026-05-10T06:39:02","slug":"bracelet-paloma-dore-perle-blanche-pyrite-hanka-in","status":"publish","type":"product","link":"https:\/\/streetmarkets.fr\/app\/produit\/bracelet-paloma-dore-perle-blanche-pyrite-hanka-in\/","title":{"rendered":"Bracelet Paloma dor\u00e9 perle blanche pyrite &#8211; Hanka In"},"content":{"rendered":"<p>Bracelet avec chaine dor\u00e9e avec en son centre une perle blanche entour\u00e9e de zircons blancs et pyrite facett\u00e9e.\u00a0\u00a0<\/p>\n<p>Dimensions : 16cm + 3 cm de rallonge\u00a0<\/p>\n<p>Cr\u00e9atrice fran\u00e7aise, bijoux dessin\u00e9s et mont\u00e9s en atelier parisien.\u00a0<\/p>\n<p data-mce-fragment=\"1\">\u00a0<\/p>\n","protected":false},"excerpt":{"rendered":"<p>Bracelet avec chaine dor\u00e9e avec en son centre une perle blanche entour\u00e9e de zircons blancs et pyrite facett\u00e9e.\u00a0\u00a0 Dimensions : 16cm + 3 cm de rallonge\u00a0 Cr\u00e9atrice fran\u00e7aise, bijoux dessin\u00e9s et mont\u00e9s en atelier parisien.\u00a0 \u00a0<\/p>\n","protected":false},"featured_media":3119257,"comment_status":"open","ping_status":"closed","template":"","meta":[],"product_brand":[],"product_cat":[],"product_tag":[],"acf":[],"_links":{"self":[{"href":"https:\/\/streetmarkets.fr\/app\/wp-json\/wp\/v2\/product\/3119256"}],"collection":[{"href":"https:\/\/streetmarkets.fr\/app\/wp-json\/wp\/v2\/product"}],"about":[{"href":"https:\/\/streetmarkets.fr\/app\/wp-json\/wp\/v2\/types\/product"}],"replies":[{"embeddable":true,"href":"https:\/\/streetmarkets.fr\/app\/wp-json\/wp\/v2\/comments?post=3119256"}],"wp:featuredmedia":[{"embeddable":true,"href":"https:\/\/streetmarkets.fr\/app\/wp-json\/wp\/v2\/media\/3119257"}],"wp:attachment":[{"href":"https:\/\/streetmarkets.fr\/app\/wp-json\/wp\/v2\/media?parent=3119256"}],"wp:term":[{"taxonomy":"product_brand","embeddable":true,"href":"https:\/\/streetmarkets.fr\/app\/wp-json\/wp\/v2\/product_brand?post=3119256"},{"taxonomy":"product_cat","embeddable":true,"href":"https:\/\/streetmarkets.fr\/app\/wp-json\/wp\/v2\/product_cat?post=3119256"},{"taxonomy":"product_tag","embeddable":true,"href":"https:\/\/streetmarkets.fr\/app\/wp-json\/wp\/v2\/product_tag?post=3119256"}],"curies":[{"name":"wp","href":"https:\/\/api.w.org\/{rel}","templated":true}]}}