{"id":3119247,"date":"2025-11-30T07:42:32","date_gmt":"2025-11-30T06:42:32","guid":{"rendered":"https:\/\/streetmarkets.fr\/app\/produit\/broche-tour-eiffel-macon-lesquoy\/"},"modified":"2026-04-10T08:39:37","modified_gmt":"2026-04-10T06:39:37","slug":"broche-tour-eiffel-macon-lesquoy","status":"publish","type":"product","link":"https:\/\/streetmarkets.fr\/app\/produit\/broche-tour-eiffel-macon-lesquoy\/","title":{"rendered":"Broche Tour eiffel &#8211; Macon &amp; Lesquoy"},"content":{"rendered":"<p><span>Broche Tour-Effets<\/span><br \/><span>Le phare de Paris<\/span><br \/><span>Taille : environ 7,9&#215;4,2cm<\/span><\/p>\n<p><span>Dessin\u00e9es et brod\u00e9es \u00e0 la main avec soin en atelier au Pakistan,\u00a0<\/span><br \/><span>Porteuses de messages et d\u2019attention, elles savent s\u00e9duire en toutes occasions. D\u00e9cal\u00e9es, elles seront la touche d&#8217;originalit\u00e9 de votre tenue.\u00a0\u00a0<\/span><\/p>\n","protected":false},"excerpt":{"rendered":"<p>Broche Tour-EffetsLe phare de ParisTaille : environ 7,9&#215;4,2cm Dessin\u00e9es et brod\u00e9es \u00e0 la main avec soin en atelier au Pakistan,\u00a0Porteuses de messages et d\u2019attention, elles savent s\u00e9duire en toutes occasions. D\u00e9cal\u00e9es, elles seront la touche d&#8217;originalit\u00e9 de votre tenue.\u00a0\u00a0<\/p>\n","protected":false},"featured_media":3119248,"comment_status":"open","ping_status":"closed","template":"","meta":[],"product_brand":[],"product_cat":[],"product_tag":[],"acf":[],"_links":{"self":[{"href":"https:\/\/streetmarkets.fr\/app\/wp-json\/wp\/v2\/product\/3119247"}],"collection":[{"href":"https:\/\/streetmarkets.fr\/app\/wp-json\/wp\/v2\/product"}],"about":[{"href":"https:\/\/streetmarkets.fr\/app\/wp-json\/wp\/v2\/types\/product"}],"replies":[{"embeddable":true,"href":"https:\/\/streetmarkets.fr\/app\/wp-json\/wp\/v2\/comments?post=3119247"}],"wp:featuredmedia":[{"embeddable":true,"href":"https:\/\/streetmarkets.fr\/app\/wp-json\/wp\/v2\/media\/3119248"}],"wp:attachment":[{"href":"https:\/\/streetmarkets.fr\/app\/wp-json\/wp\/v2\/media?parent=3119247"}],"wp:term":[{"taxonomy":"product_brand","embeddable":true,"href":"https:\/\/streetmarkets.fr\/app\/wp-json\/wp\/v2\/product_brand?post=3119247"},{"taxonomy":"product_cat","embeddable":true,"href":"https:\/\/streetmarkets.fr\/app\/wp-json\/wp\/v2\/product_cat?post=3119247"},{"taxonomy":"product_tag","embeddable":true,"href":"https:\/\/streetmarkets.fr\/app\/wp-json\/wp\/v2\/product_tag?post=3119247"}],"curies":[{"name":"wp","href":"https:\/\/api.w.org\/{rel}","templated":true}]}}