{"id":3119241,"date":"2025-11-30T07:42:31","date_gmt":"2025-11-30T06:42:31","guid":{"rendered":"https:\/\/streetmarkets.fr\/app\/produit\/paire-de-mini-creoles-torsadees-dorees-hanka-in\/"},"modified":"2026-05-10T08:39:02","modified_gmt":"2026-05-10T06:39:02","slug":"paire-de-mini-creoles-torsadees-dorees-hanka-in","status":"publish","type":"product","link":"https:\/\/streetmarkets.fr\/app\/produit\/paire-de-mini-creoles-torsadees-dorees-hanka-in\/","title":{"rendered":"Paire de mini cr\u00e9oles torsad\u00e9es dor\u00e9es &#8211; Hanka In"},"content":{"rendered":"<p>Paire de mini cr\u00e9oles torsad\u00e9es graphiques<\/p>\n<p>couleur : dor\u00e9e\u00a0<\/p>\n<p>Hauteur : 1,3 cm<\/p>\n<p><strong>Cr\u00e9atrice fran\u00e7aise<\/strong>, les bijoux sont confectionn\u00e9s en atelier parisien.<\/p>\n","protected":false},"excerpt":{"rendered":"<p>Paire de mini cr\u00e9oles torsad\u00e9es graphiques couleur : dor\u00e9e\u00a0 Hauteur : 1,3 cm Cr\u00e9atrice fran\u00e7aise, les bijoux sont confectionn\u00e9s en atelier parisien.<\/p>\n","protected":false},"featured_media":3119242,"comment_status":"open","ping_status":"closed","template":"","meta":[],"product_brand":[],"product_cat":[],"product_tag":[],"acf":[],"_links":{"self":[{"href":"https:\/\/streetmarkets.fr\/app\/wp-json\/wp\/v2\/product\/3119241"}],"collection":[{"href":"https:\/\/streetmarkets.fr\/app\/wp-json\/wp\/v2\/product"}],"about":[{"href":"https:\/\/streetmarkets.fr\/app\/wp-json\/wp\/v2\/types\/product"}],"replies":[{"embeddable":true,"href":"https:\/\/streetmarkets.fr\/app\/wp-json\/wp\/v2\/comments?post=3119241"}],"wp:featuredmedia":[{"embeddable":true,"href":"https:\/\/streetmarkets.fr\/app\/wp-json\/wp\/v2\/media\/3119242"}],"wp:attachment":[{"href":"https:\/\/streetmarkets.fr\/app\/wp-json\/wp\/v2\/media?parent=3119241"}],"wp:term":[{"taxonomy":"product_brand","embeddable":true,"href":"https:\/\/streetmarkets.fr\/app\/wp-json\/wp\/v2\/product_brand?post=3119241"},{"taxonomy":"product_cat","embeddable":true,"href":"https:\/\/streetmarkets.fr\/app\/wp-json\/wp\/v2\/product_cat?post=3119241"},{"taxonomy":"product_tag","embeddable":true,"href":"https:\/\/streetmarkets.fr\/app\/wp-json\/wp\/v2\/product_tag?post=3119241"}],"curies":[{"name":"wp","href":"https:\/\/api.w.org\/{rel}","templated":true}]}}