{"id":3114340,"date":"2025-11-29T23:58:45","date_gmt":"2025-11-29T22:58:45","guid":{"rendered":"https:\/\/streetmarkets.fr\/app\/produit\/bague-floraison\/"},"modified":"2026-05-12T00:58:37","modified_gmt":"2026-05-11T22:58:37","slug":"bague-floraison","status":"publish","type":"product","link":"https:\/\/streetmarkets.fr\/app\/produit\/bague-floraison\/","title":{"rendered":"Bague Floraison"},"content":{"rendered":"<p>Bague Floraison : L\u2019histoire d\u2019une fleur en plein essor !<br data-start=\"158\" data-end=\"161\">Inspir\u00e9e des fleurs-clochettes vertes de l\u2019Euphorbe charentaise, cette bague plaqu\u00e9e or 3 microns \u00e9voque la beaut\u00e9 d\u2019une floraison \u00e0 chaque \u00e9tape de sa vie. Du bourgeon \u00e0 l\u2019\u00e9panouissement, le motif retrace avec po\u00e9sie la croissance d\u2019une plante discr\u00e8te et solaire.<\/p>\n<p>Son design tout en rondeur et en finesse habille la main d\u2019un souffle v\u00e9g\u00e9tal, \u00e0 la fois doux et affirm\u00e9. Un bijou qu\u2019on porte comme un clin d\u2019\u0153il \u00e0 la nature et \u00e0 sa capacit\u00e9 de renouveau.<\/p>\n<p>On aime :<br data-start=\"637\" data-end=\"640\">\u2022 Laiton plaqu\u00e9 or 3 microns.<br data-start=\"668\" data-end=\"671\">\u2022 Motif floral inspir\u00e9 de l\u2019Euphorbe.<br data-start=\"707\" data-end=\"710\">\u2022 Ajustable pour un confort sur-mesure.<br data-start=\"748\" data-end=\"751\">\u2022 Fabriqu\u00e9e entre La Rochelle et la r\u00e9gion parisienne.<br data-start=\"804\" data-end=\"807\">\u2022 Dimensions du motif : 2,2 x 1,5 cm.<\/p>\n","protected":false},"excerpt":{"rendered":"<p>Bague Floraison : L\u2019histoire d\u2019une fleur en plein essor !Inspir\u00e9e des fleurs-clochettes vertes de l\u2019Euphorbe charentaise, cette bague plaqu\u00e9e or 3 microns \u00e9voque la beaut\u00e9 d\u2019une floraison \u00e0 chaque \u00e9tape de sa vie. Du bourgeon \u00e0 l\u2019\u00e9panouissement, le motif retrace avec po\u00e9sie la croissance d\u2019une plante discr\u00e8te et solaire. Son design tout en rondeur et [&hellip;]<\/p>\n","protected":false},"featured_media":3114341,"comment_status":"open","ping_status":"closed","template":"","meta":[],"product_brand":[],"product_cat":[],"product_tag":[],"acf":[],"_links":{"self":[{"href":"https:\/\/streetmarkets.fr\/app\/wp-json\/wp\/v2\/product\/3114340"}],"collection":[{"href":"https:\/\/streetmarkets.fr\/app\/wp-json\/wp\/v2\/product"}],"about":[{"href":"https:\/\/streetmarkets.fr\/app\/wp-json\/wp\/v2\/types\/product"}],"replies":[{"embeddable":true,"href":"https:\/\/streetmarkets.fr\/app\/wp-json\/wp\/v2\/comments?post=3114340"}],"wp:featuredmedia":[{"embeddable":true,"href":"https:\/\/streetmarkets.fr\/app\/wp-json\/wp\/v2\/media\/3114341"}],"wp:attachment":[{"href":"https:\/\/streetmarkets.fr\/app\/wp-json\/wp\/v2\/media?parent=3114340"}],"wp:term":[{"taxonomy":"product_brand","embeddable":true,"href":"https:\/\/streetmarkets.fr\/app\/wp-json\/wp\/v2\/product_brand?post=3114340"},{"taxonomy":"product_cat","embeddable":true,"href":"https:\/\/streetmarkets.fr\/app\/wp-json\/wp\/v2\/product_cat?post=3114340"},{"taxonomy":"product_tag","embeddable":true,"href":"https:\/\/streetmarkets.fr\/app\/wp-json\/wp\/v2\/product_tag?post=3114340"}],"curies":[{"name":"wp","href":"https:\/\/api.w.org\/{rel}","templated":true}]}}