{"id":3114331,"date":"2025-11-29T05:02:00","date_gmt":"2025-11-29T04:02:00","guid":{"rendered":"https:\/\/streetmarkets.fr\/app\/produit\/jacquemus-cross-blazer-with-asymmetrical-design\/"},"modified":"2026-04-22T05:49:28","modified_gmt":"2026-04-22T03:49:28","slug":"jacquemus-cross-blazer-with-asymmetrical-design","status":"publish","type":"product","link":"https:\/\/streetmarkets.fr\/app\/produit\/jacquemus-cross-blazer-with-asymmetrical-design\/","title":{"rendered":"JACQUEMUS &#8211; Cross blazer with asymmetrical design"},"content":{"rendered":"<p>Brand :&nbsp;JACQUEMUS<\/p>\n<p>&#8220;Le Raphia&#8221;<\/p>\n<p>Cross blazer with asymmetrical design<\/p>\n<p>Wide notched lapels, shoulder pads<\/p>\n<p>Button placket, front welt pocket and front lap pocket&nbsp;<\/p>\n<p>Made In Romania<\/p>\n<p>&nbsp;<\/p>\n<p>Compositions : Linen \/ Viscose \/ Polyester&nbsp;<\/p>\n<p>Lining : Acetate \/ Cotton \/ Elasthan<\/p>\n<p>&nbsp;<\/p>\n<p>Dimensions :&nbsp;<br \/>Shoulders : 18 inches&nbsp;<\/p>\n<p>Bust : 38 inches&nbsp;<\/p>\n<p>Waist : 36 inches&nbsp;<\/p>\n<p>Hips : 36&nbsp;inches<\/p>\n<p>Lenght : 32 inches&nbsp;<\/p>\n<p>&nbsp;<\/p>\n<p>Condition : Excellent&nbsp;<\/p>\n<p>&nbsp;<\/p>\n<p>CONDITION GUIDE: <\/p>\n<p>English<\/p>\n<p>Pristine<\/p>\n<p>Item is in perfect condition with no signs of wear. Often includes original tags, packaging, and documentation.<\/p>\n<p>\nExcellent<\/p>\n<p>Very minimal signs of wear, often only noticeable upon close inspection. No significant scratches, stains, or damage.<\/p>\n<p>\nVery Good<\/p>\n<p>Light wear that is noticeable but not significant. Minor scratches, small marks, or slight fading may be present.<\/p>\n<p>\nGood<\/p>\n<p>Visible signs of wear such as scratches, stains, or minor damage. Still functional and aesthetically pleasing.<\/p>\n<p>Fair<\/p>\n<p>Noticeable and significant signs of wear. Functional, but with obvious defects or damage that may require repair.<\/p>\n<p>Fran\u00e7ais<\/p>\n<p>En parfait \u00e9tat<\/p>\n<p>L&#8217;article est en parfait \u00e9tat et ne pr\u00e9sente aucun signe d&#8217;usure. Il comprend souvent les \u00e9tiquettes, l&#8217;emballage et la documentation d&#8217;origine.<\/p>\n<p>\nExcellent<\/p>\n<p>Signes d&#8217;usure tr\u00e8s minimes, souvent perceptibles uniquement lors d&#8217;un examen approfondi. Pas de rayures, de taches ou de dommages importants.<\/p>\n<p>\nTr\u00e8s bon<\/p>\n<p>L\u00e9g\u00e8re usure perceptible mais non significative. Des rayures mineures, de petites marques ou une l\u00e9g\u00e8re d\u00e9coloration peuvent \u00eatre pr\u00e9sentes.<\/p>\n<p>\nBon<\/p>\n<p>Signes d&#8217;usure visibles tels que des rayures, des taches ou des dommages mineurs. Encore fonctionnel et esth\u00e9tiquement plaisant.<\/p>\n<p>Moyen<\/p>\n<p>Signes d&#8217;usure visibles et importants. Fonctionnel, mais avec des d\u00e9fauts ou des dommages \u00e9vidents qui peuvent n\u00e9cessiter des r\u00e9parations.<\/p>\n<p><\/p>\n","protected":false},"excerpt":{"rendered":"<p>Brand :&nbsp;JACQUEMUS &#8220;Le Raphia&#8221; Cross blazer with asymmetrical design Wide notched lapels, shoulder pads Button placket, front welt pocket and front lap pocket&nbsp; Made In Romania &nbsp; Compositions : Linen \/ Viscose \/ Polyester&nbsp; Lining : Acetate \/ Cotton \/ Elasthan &nbsp; Dimensions :&nbsp;Shoulders : 18 inches&nbsp; Bust : 38 inches&nbsp; Waist : 36 inches&nbsp; [&hellip;]<\/p>\n","protected":false},"featured_media":3114332,"comment_status":"open","ping_status":"closed","template":"","meta":[],"product_brand":[],"product_cat":[],"product_tag":[],"acf":[],"_links":{"self":[{"href":"https:\/\/streetmarkets.fr\/app\/wp-json\/wp\/v2\/product\/3114331"}],"collection":[{"href":"https:\/\/streetmarkets.fr\/app\/wp-json\/wp\/v2\/product"}],"about":[{"href":"https:\/\/streetmarkets.fr\/app\/wp-json\/wp\/v2\/types\/product"}],"replies":[{"embeddable":true,"href":"https:\/\/streetmarkets.fr\/app\/wp-json\/wp\/v2\/comments?post=3114331"}],"wp:featuredmedia":[{"embeddable":true,"href":"https:\/\/streetmarkets.fr\/app\/wp-json\/wp\/v2\/media\/3114332"}],"wp:attachment":[{"href":"https:\/\/streetmarkets.fr\/app\/wp-json\/wp\/v2\/media?parent=3114331"}],"wp:term":[{"taxonomy":"product_brand","embeddable":true,"href":"https:\/\/streetmarkets.fr\/app\/wp-json\/wp\/v2\/product_brand?post=3114331"},{"taxonomy":"product_cat","embeddable":true,"href":"https:\/\/streetmarkets.fr\/app\/wp-json\/wp\/v2\/product_cat?post=3114331"},{"taxonomy":"product_tag","embeddable":true,"href":"https:\/\/streetmarkets.fr\/app\/wp-json\/wp\/v2\/product_tag?post=3114331"}],"curies":[{"name":"wp","href":"https:\/\/api.w.org\/{rel}","templated":true}]}}