{"id":3108941,"date":"2025-11-29T00:31:04","date_gmt":"2025-11-28T23:31:04","guid":{"rendered":"https:\/\/streetmarkets.fr\/app\/produit\/trio-de-pins-spicy\/"},"modified":"2026-05-11T01:17:15","modified_gmt":"2026-05-10T23:17:15","slug":"trio-de-pins-spicy","status":"publish","type":"product","link":"https:\/\/streetmarkets.fr\/app\/produit\/trio-de-pins-spicy\/","title":{"rendered":"Trio de Pin&#8217;s Spicy"},"content":{"rendered":"<h4><a title=\"Collection All The Ways To Say\" href=\"\/collections\/all-the-ways-to-say\"><strong>Collection\u00a0All The Ways To Say<\/strong><\/a><\/h4>\n<p><span><\/span>Pin&#8217;s en laiton dor\u00e9 et \u00e9maill\u00e9<\/p>\n","protected":false},"excerpt":{"rendered":"<p>Collection\u00a0All The Ways To Say Pin&#8217;s en laiton dor\u00e9 et \u00e9maill\u00e9<\/p>\n","protected":false},"featured_media":3108942,"comment_status":"open","ping_status":"closed","template":"","meta":[],"product_brand":[],"product_cat":[],"product_tag":[],"acf":[],"_links":{"self":[{"href":"https:\/\/streetmarkets.fr\/app\/wp-json\/wp\/v2\/product\/3108941"}],"collection":[{"href":"https:\/\/streetmarkets.fr\/app\/wp-json\/wp\/v2\/product"}],"about":[{"href":"https:\/\/streetmarkets.fr\/app\/wp-json\/wp\/v2\/types\/product"}],"replies":[{"embeddable":true,"href":"https:\/\/streetmarkets.fr\/app\/wp-json\/wp\/v2\/comments?post=3108941"}],"wp:featuredmedia":[{"embeddable":true,"href":"https:\/\/streetmarkets.fr\/app\/wp-json\/wp\/v2\/media\/3108942"}],"wp:attachment":[{"href":"https:\/\/streetmarkets.fr\/app\/wp-json\/wp\/v2\/media?parent=3108941"}],"wp:term":[{"taxonomy":"product_brand","embeddable":true,"href":"https:\/\/streetmarkets.fr\/app\/wp-json\/wp\/v2\/product_brand?post=3108941"},{"taxonomy":"product_cat","embeddable":true,"href":"https:\/\/streetmarkets.fr\/app\/wp-json\/wp\/v2\/product_cat?post=3108941"},{"taxonomy":"product_tag","embeddable":true,"href":"https:\/\/streetmarkets.fr\/app\/wp-json\/wp\/v2\/product_tag?post=3108941"}],"curies":[{"name":"wp","href":"https:\/\/api.w.org\/{rel}","templated":true}]}}