{"id":3108929,"date":"2025-11-29T00:31:03","date_gmt":"2025-11-28T23:31:03","guid":{"rendered":"https:\/\/streetmarkets.fr\/app\/produit\/porte-cartes-green-cliff\/"},"modified":"2026-05-02T01:19:08","modified_gmt":"2026-05-01T23:19:08","slug":"porte-cartes-green-cliff","status":"publish","type":"product","link":"https:\/\/streetmarkets.fr\/app\/produit\/porte-cartes-green-cliff\/","title":{"rendered":"Porte-cartes Green Cliff"},"content":{"rendered":"<h4><strong><a href=\"\/collections\/all-the-ways-to-say\" title=\"Collection All The Ways To Say\">Collection All The Ways To Say<\/a><\/strong><\/h4>\n<p>Un compagnon \u00e9l\u00e9gant pour organiser vos cartes !<\/p>\n<p>Fabriqu\u00e9 en cuir PU de haute qualit\u00e9<\/p>\n<p>Dimensions : 8cm x 10,7cm<\/p>\n","protected":false},"excerpt":{"rendered":"<p>Collection All The Ways To Say Un compagnon \u00e9l\u00e9gant pour organiser vos cartes ! Fabriqu\u00e9 en cuir PU de haute qualit\u00e9 Dimensions : 8cm x 10,7cm<\/p>\n","protected":false},"featured_media":3108930,"comment_status":"open","ping_status":"closed","template":"","meta":[],"product_brand":[],"product_cat":[],"product_tag":[],"acf":[],"_links":{"self":[{"href":"https:\/\/streetmarkets.fr\/app\/wp-json\/wp\/v2\/product\/3108929"}],"collection":[{"href":"https:\/\/streetmarkets.fr\/app\/wp-json\/wp\/v2\/product"}],"about":[{"href":"https:\/\/streetmarkets.fr\/app\/wp-json\/wp\/v2\/types\/product"}],"replies":[{"embeddable":true,"href":"https:\/\/streetmarkets.fr\/app\/wp-json\/wp\/v2\/comments?post=3108929"}],"wp:featuredmedia":[{"embeddable":true,"href":"https:\/\/streetmarkets.fr\/app\/wp-json\/wp\/v2\/media\/3108930"}],"wp:attachment":[{"href":"https:\/\/streetmarkets.fr\/app\/wp-json\/wp\/v2\/media?parent=3108929"}],"wp:term":[{"taxonomy":"product_brand","embeddable":true,"href":"https:\/\/streetmarkets.fr\/app\/wp-json\/wp\/v2\/product_brand?post=3108929"},{"taxonomy":"product_cat","embeddable":true,"href":"https:\/\/streetmarkets.fr\/app\/wp-json\/wp\/v2\/product_cat?post=3108929"},{"taxonomy":"product_tag","embeddable":true,"href":"https:\/\/streetmarkets.fr\/app\/wp-json\/wp\/v2\/product_tag?post=3108929"}],"curies":[{"name":"wp","href":"https:\/\/api.w.org\/{rel}","templated":true}]}}