{"id":3108914,"date":"2025-11-29T00:31:01","date_gmt":"2025-11-28T23:31:01","guid":{"rendered":"https:\/\/streetmarkets.fr\/app\/produit\/pins-under-my-umbrella-xl\/"},"modified":"2026-04-08T01:17:38","modified_gmt":"2026-04-07T23:17:38","slug":"pins-under-my-umbrella-xl","status":"publish","type":"product","link":"https:\/\/streetmarkets.fr\/app\/produit\/pins-under-my-umbrella-xl\/","title":{"rendered":"Pin&#8217;s Under my Umbrella XL"},"content":{"rendered":"<h4><a href=\"\/collections\/all-the-ways-to-say\" title=\"Collection All The Ways To Say\"><strong>Collection\u00a0All The Ways To Say<\/strong><\/a><\/h4>\n<p><span><\/span>Pin&#8217;s en laiton dor\u00e9 et \u00e9maill\u00e9<\/p>\n","protected":false},"excerpt":{"rendered":"<p>Collection\u00a0All The Ways To Say Pin&#8217;s en laiton dor\u00e9 et \u00e9maill\u00e9<\/p>\n","protected":false},"featured_media":3108915,"comment_status":"open","ping_status":"closed","template":"","meta":[],"product_brand":[],"product_cat":[],"product_tag":[],"acf":[],"_links":{"self":[{"href":"https:\/\/streetmarkets.fr\/app\/wp-json\/wp\/v2\/product\/3108914"}],"collection":[{"href":"https:\/\/streetmarkets.fr\/app\/wp-json\/wp\/v2\/product"}],"about":[{"href":"https:\/\/streetmarkets.fr\/app\/wp-json\/wp\/v2\/types\/product"}],"replies":[{"embeddable":true,"href":"https:\/\/streetmarkets.fr\/app\/wp-json\/wp\/v2\/comments?post=3108914"}],"wp:featuredmedia":[{"embeddable":true,"href":"https:\/\/streetmarkets.fr\/app\/wp-json\/wp\/v2\/media\/3108915"}],"wp:attachment":[{"href":"https:\/\/streetmarkets.fr\/app\/wp-json\/wp\/v2\/media?parent=3108914"}],"wp:term":[{"taxonomy":"product_brand","embeddable":true,"href":"https:\/\/streetmarkets.fr\/app\/wp-json\/wp\/v2\/product_brand?post=3108914"},{"taxonomy":"product_cat","embeddable":true,"href":"https:\/\/streetmarkets.fr\/app\/wp-json\/wp\/v2\/product_cat?post=3108914"},{"taxonomy":"product_tag","embeddable":true,"href":"https:\/\/streetmarkets.fr\/app\/wp-json\/wp\/v2\/product_tag?post=3108914"}],"curies":[{"name":"wp","href":"https:\/\/api.w.org\/{rel}","templated":true}]}}