{"id":3108877,"date":"2025-11-29T00:30:57","date_gmt":"2025-11-28T23:30:57","guid":{"rendered":"https:\/\/streetmarkets.fr\/app\/produit\/boite-a-bijoux-green-cliff\/"},"modified":"2026-05-06T01:17:59","modified_gmt":"2026-05-05T23:17:59","slug":"boite-a-bijoux-green-cliff","status":"publish","type":"product","link":"https:\/\/streetmarkets.fr\/app\/produit\/boite-a-bijoux-green-cliff\/","title":{"rendered":"Bo\u00eete \u00e0 Bijoux Green Cliff"},"content":{"rendered":"<h4><strong><a href=\"\/collections\/all-the-ways-to-say\" title=\"Collection All The Ways To Say\">Collection All The Ways To Say<\/a><\/strong><\/h4>\n<p>Un joli et \u00e9l\u00e9gant compagnon\u00a0pour tous vos d\u00e9placements !<\/p>\n<ul>\n<li>\n<strong>Mat\u00e9riaux de qualit\u00e9 :<\/strong> Ext\u00e9rieur en cuir PU avec int\u00e9rieur doubl\u00e9 de coton doux.<\/li>\n<li>\n<strong>Section sup\u00e9rieure :<\/strong> Pr\u00e9sentoir pour boucles d\u2019oreilles et bagues.<\/li>\n<li>\n<strong>Section inf\u00e9rieure :<\/strong> Poche refermable pour prot\u00e9ger vos tr\u00e9sors.<\/li>\n<li>\n<strong>Dimensions id\u00e9ales :<\/strong> \u00d8 9,5 x 5,4 cm (3,8\u2033 x 2,2\u2033).<\/li>\n<li style=\"font-weight: bold\"><strong>Bijoux non-inclus.<\/strong><\/li>\n<\/ul>\n","protected":false},"excerpt":{"rendered":"<p>Collection All The Ways To Say Un joli et \u00e9l\u00e9gant compagnon\u00a0pour tous vos d\u00e9placements ! Mat\u00e9riaux de qualit\u00e9 : Ext\u00e9rieur en cuir PU avec int\u00e9rieur doubl\u00e9 de coton doux. Section sup\u00e9rieure : Pr\u00e9sentoir pour boucles d\u2019oreilles et bagues. Section inf\u00e9rieure : Poche refermable pour prot\u00e9ger vos tr\u00e9sors. Dimensions id\u00e9ales : \u00d8 9,5 x 5,4 cm [&hellip;]<\/p>\n","protected":false},"featured_media":3108878,"comment_status":"open","ping_status":"closed","template":"","meta":[],"product_brand":[],"product_cat":[],"product_tag":[],"acf":[],"_links":{"self":[{"href":"https:\/\/streetmarkets.fr\/app\/wp-json\/wp\/v2\/product\/3108877"}],"collection":[{"href":"https:\/\/streetmarkets.fr\/app\/wp-json\/wp\/v2\/product"}],"about":[{"href":"https:\/\/streetmarkets.fr\/app\/wp-json\/wp\/v2\/types\/product"}],"replies":[{"embeddable":true,"href":"https:\/\/streetmarkets.fr\/app\/wp-json\/wp\/v2\/comments?post=3108877"}],"wp:featuredmedia":[{"embeddable":true,"href":"https:\/\/streetmarkets.fr\/app\/wp-json\/wp\/v2\/media\/3108878"}],"wp:attachment":[{"href":"https:\/\/streetmarkets.fr\/app\/wp-json\/wp\/v2\/media?parent=3108877"}],"wp:term":[{"taxonomy":"product_brand","embeddable":true,"href":"https:\/\/streetmarkets.fr\/app\/wp-json\/wp\/v2\/product_brand?post=3108877"},{"taxonomy":"product_cat","embeddable":true,"href":"https:\/\/streetmarkets.fr\/app\/wp-json\/wp\/v2\/product_cat?post=3108877"},{"taxonomy":"product_tag","embeddable":true,"href":"https:\/\/streetmarkets.fr\/app\/wp-json\/wp\/v2\/product_tag?post=3108877"}],"curies":[{"name":"wp","href":"https:\/\/api.w.org\/{rel}","templated":true}]}}