{"id":3108843,"date":"2025-11-29T00:30:44","date_gmt":"2025-11-28T23:30:44","guid":{"rendered":"https:\/\/streetmarkets.fr\/app\/produit\/t-shirt-le-musical\/"},"modified":"2026-05-06T01:17:46","modified_gmt":"2026-05-05T23:17:46","slug":"t-shirt-le-musical","status":"publish","type":"product","link":"https:\/\/streetmarkets.fr\/app\/produit\/t-shirt-le-musical\/","title":{"rendered":"T-Shirt Le Musical"},"content":{"rendered":"<p><span><strong><a href=\"https:\/\/french-touche-paris.myshopify.com\/collections\/lamer-superieur\" title=\"Collection L'Amer Sup\u00e9rieur\">Collection L&#8217;Amer Sup\u00e9rieur<\/a><\/strong><\/span><\/p>\n<p>T-shirt mixte<br \/>Brod\u00e9 \u00e0 Nancy<\/p>\n<ul>\n<li>100% coton bio<\/li>\n<li>Issu du commerce \u00e9quitable<\/li>\n<li>Ethique sur toute la chaine de production: certifi\u00e9 GOTS, Okeo Tex,<br \/>Fair Wear Foundation, PETA\n<\/li>\n<\/ul>\n<p>Lavage en machine \u00e0 30\u00b0 sur l&#8217;envers<br \/>S\u00e8che-linge d\u00e9conseill\u00e9<\/p>\n","protected":false},"excerpt":{"rendered":"<p>Collection L&#8217;Amer Sup\u00e9rieur T-shirt mixteBrod\u00e9 \u00e0 Nancy 100% coton bio Issu du commerce \u00e9quitable Ethique sur toute la chaine de production: certifi\u00e9 GOTS, Okeo Tex,Fair Wear Foundation, PETA Lavage en machine \u00e0 30\u00b0 sur l&#8217;enversS\u00e8che-linge d\u00e9conseill\u00e9<\/p>\n","protected":false},"featured_media":3108844,"comment_status":"open","ping_status":"closed","template":"","meta":[],"product_brand":[],"product_cat":[],"product_tag":[],"acf":[],"_links":{"self":[{"href":"https:\/\/streetmarkets.fr\/app\/wp-json\/wp\/v2\/product\/3108843"}],"collection":[{"href":"https:\/\/streetmarkets.fr\/app\/wp-json\/wp\/v2\/product"}],"about":[{"href":"https:\/\/streetmarkets.fr\/app\/wp-json\/wp\/v2\/types\/product"}],"replies":[{"embeddable":true,"href":"https:\/\/streetmarkets.fr\/app\/wp-json\/wp\/v2\/comments?post=3108843"}],"wp:featuredmedia":[{"embeddable":true,"href":"https:\/\/streetmarkets.fr\/app\/wp-json\/wp\/v2\/media\/3108844"}],"wp:attachment":[{"href":"https:\/\/streetmarkets.fr\/app\/wp-json\/wp\/v2\/media?parent=3108843"}],"wp:term":[{"taxonomy":"product_brand","embeddable":true,"href":"https:\/\/streetmarkets.fr\/app\/wp-json\/wp\/v2\/product_brand?post=3108843"},{"taxonomy":"product_cat","embeddable":true,"href":"https:\/\/streetmarkets.fr\/app\/wp-json\/wp\/v2\/product_cat?post=3108843"},{"taxonomy":"product_tag","embeddable":true,"href":"https:\/\/streetmarkets.fr\/app\/wp-json\/wp\/v2\/product_tag?post=3108843"}],"curies":[{"name":"wp","href":"https:\/\/api.w.org\/{rel}","templated":true}]}}