{"id":3108455,"date":"2025-11-28T23:43:27","date_gmt":"2025-11-28T22:43:27","guid":{"rendered":"https:\/\/streetmarkets.fr\/app\/produit\/mariniere-ecru-indigo-mixte\/"},"modified":"2026-05-12T00:42:41","modified_gmt":"2026-05-11T22:42:41","slug":"mariniere-ecru-indigo-mixte","status":"publish","type":"product","link":"https:\/\/streetmarkets.fr\/app\/produit\/mariniere-ecru-indigo-mixte\/","title":{"rendered":"Marini\u00e8re \u00c9cru \/ Indigo mixte"},"content":{"rendered":"<p>Cette marini\u00e8re \u00e9cru \/ indigo est facile \u00e0 marier avec votre vestiaire, pour un look chic et \u00e9l\u00e9gant, et surtout tr\u00e8s confortable gr\u00e2ce au 100% coton lourd.<\/p>\n<p>La marini\u00e8re \u00e9cru \/ indigo en coton lourd.\u00a0<\/p>\n<p>La marini\u00e8re en coton lourd : un classique ind\u00e9modable du style fran\u00e7ais.<\/p>\n<\/p>\n<p>Symbole de la France depuis de nombreuses d\u00e9cennies, ce v\u00eatement historique et iconique se d\u00e9cline dans une large gamme de couleurs.<\/p>\n<\/p>\n<p>La rayure bleu indigo rappelle les origines maritimes de cette marini\u00e8re.<\/p>\n<\/p>\n<p>Cette marini\u00e8re \u00e9cru \/ indigo s&#8217;harmonise facilement avec votre garde-robe, ajoutant une touche de chic, d&#8217;\u00e9l\u00e9gance et surtout de confort gr\u00e2ce \u00e0 son tissu 100% coton lourd.<\/p>\n<\/p>\n<p>Depuis 1939, Orcival perp\u00e9tue les codes intemporels de la marini\u00e8re :<\/p>\n<\/p>\n<p>&#8211; Col bateau pour une allure authentique.<\/p>\n<p>&#8211; Coupe droite qui conserve sa forme au fil du temps.<\/p>\n<p>&#8211; Blason brod\u00e9 avec la c\u00e9l\u00e8bre abeille.<\/p>\n<p>&#8211; Fabriqu\u00e9e \u00e0 100% en France par les talentueuses ouvri\u00e8res.<\/p>\n<p>&#8211; Tissu 100% coton lourd pour une qualit\u00e9 irr\u00e9prochable.<\/p>\n<p>D\u00e9couvrez d\u00e8s maintenant la marini\u00e8re Orcival et ajoutez une touche d&#8217;\u00e9l\u00e9gance \u00e0 votre style avec ce v\u00eatement marin fran\u00e7ais authentique. Sa fabrication soign\u00e9e, son histoire et son design embl\u00e9matique en font un incontournable de votre garde-robe.<\/p>\n<\/p>\n<p>Achetez d\u00e8s maintenant et profitez du meilleur de la mode fran\u00e7aise.<\/p><\/p>\n","protected":false},"excerpt":{"rendered":"<p>Cette marini\u00e8re \u00e9cru \/ indigo est facile \u00e0 marier avec votre vestiaire, pour un look chic et \u00e9l\u00e9gant, et surtout tr\u00e8s confortable gr\u00e2ce au 100% coton lourd. La marini\u00e8re \u00e9cru \/ indigo en coton lourd.\u00a0 La marini\u00e8re en coton lourd : un classique ind\u00e9modable du style fran\u00e7ais. Symbole de la France depuis de nombreuses d\u00e9cennies, [&hellip;]<\/p>\n","protected":false},"featured_media":3108456,"comment_status":"open","ping_status":"closed","template":"","meta":[],"product_brand":[],"product_cat":[],"product_tag":[],"acf":[],"_links":{"self":[{"href":"https:\/\/streetmarkets.fr\/app\/wp-json\/wp\/v2\/product\/3108455"}],"collection":[{"href":"https:\/\/streetmarkets.fr\/app\/wp-json\/wp\/v2\/product"}],"about":[{"href":"https:\/\/streetmarkets.fr\/app\/wp-json\/wp\/v2\/types\/product"}],"replies":[{"embeddable":true,"href":"https:\/\/streetmarkets.fr\/app\/wp-json\/wp\/v2\/comments?post=3108455"}],"wp:featuredmedia":[{"embeddable":true,"href":"https:\/\/streetmarkets.fr\/app\/wp-json\/wp\/v2\/media\/3108456"}],"wp:attachment":[{"href":"https:\/\/streetmarkets.fr\/app\/wp-json\/wp\/v2\/media?parent=3108455"}],"wp:term":[{"taxonomy":"product_brand","embeddable":true,"href":"https:\/\/streetmarkets.fr\/app\/wp-json\/wp\/v2\/product_brand?post=3108455"},{"taxonomy":"product_cat","embeddable":true,"href":"https:\/\/streetmarkets.fr\/app\/wp-json\/wp\/v2\/product_cat?post=3108455"},{"taxonomy":"product_tag","embeddable":true,"href":"https:\/\/streetmarkets.fr\/app\/wp-json\/wp\/v2\/product_tag?post=3108455"}],"curies":[{"name":"wp","href":"https:\/\/api.w.org\/{rel}","templated":true}]}}