{"id":3108444,"date":"2025-11-28T07:42:55","date_gmt":"2025-11-28T06:42:55","guid":{"rendered":"https:\/\/streetmarkets.fr\/app\/produit\/foulard-triangle-prisme-vert-ma-poesie\/"},"modified":"2026-04-17T08:39:28","modified_gmt":"2026-04-17T06:39:28","slug":"foulard-triangle-prisme-vert-ma-poesie","status":"publish","type":"product","link":"https:\/\/streetmarkets.fr\/app\/produit\/foulard-triangle-prisme-vert-ma-poesie\/","title":{"rendered":"Foulard Triangle Prisme Vert &#8211; Ma Po\u00e9sie"},"content":{"rendered":"<p>Le foulard Prisme reprend l\u2019un des motifs les plus embl\u00e9matiques de Mapo\u00e9sie.<\/p>\n<p>Imprim\u00e9 sur un triangle en soie fluide et l\u00e9g\u00e8re, il d\u00e9ploie un jeu optique de lignes et de couleurs, inspir\u00e9 de l\u2019art cin\u00e9tique.<\/p>\n<p>Entre vibration graphique et finesse du tissu, cette pi\u00e8ce singuli\u00e8re se porte aussi bien nou\u00e9e autour du cou, dans les cheveux ou en accessoire de style.<\/p>\n<p>Un foulard iconique, pour une allure artistique et contemporaine.<\/p>\n","protected":false},"excerpt":{"rendered":"<p>Le foulard Prisme reprend l\u2019un des motifs les plus embl\u00e9matiques de Mapo\u00e9sie. Imprim\u00e9 sur un triangle en soie fluide et l\u00e9g\u00e8re, il d\u00e9ploie un jeu optique de lignes et de couleurs, inspir\u00e9 de l\u2019art cin\u00e9tique. Entre vibration graphique et finesse du tissu, cette pi\u00e8ce singuli\u00e8re se porte aussi bien nou\u00e9e autour du cou, dans les [&hellip;]<\/p>\n","protected":false},"featured_media":3108445,"comment_status":"open","ping_status":"closed","template":"","meta":[],"product_brand":[],"product_cat":[],"product_tag":[],"acf":[],"_links":{"self":[{"href":"https:\/\/streetmarkets.fr\/app\/wp-json\/wp\/v2\/product\/3108444"}],"collection":[{"href":"https:\/\/streetmarkets.fr\/app\/wp-json\/wp\/v2\/product"}],"about":[{"href":"https:\/\/streetmarkets.fr\/app\/wp-json\/wp\/v2\/types\/product"}],"replies":[{"embeddable":true,"href":"https:\/\/streetmarkets.fr\/app\/wp-json\/wp\/v2\/comments?post=3108444"}],"wp:featuredmedia":[{"embeddable":true,"href":"https:\/\/streetmarkets.fr\/app\/wp-json\/wp\/v2\/media\/3108445"}],"wp:attachment":[{"href":"https:\/\/streetmarkets.fr\/app\/wp-json\/wp\/v2\/media?parent=3108444"}],"wp:term":[{"taxonomy":"product_brand","embeddable":true,"href":"https:\/\/streetmarkets.fr\/app\/wp-json\/wp\/v2\/product_brand?post=3108444"},{"taxonomy":"product_cat","embeddable":true,"href":"https:\/\/streetmarkets.fr\/app\/wp-json\/wp\/v2\/product_cat?post=3108444"},{"taxonomy":"product_tag","embeddable":true,"href":"https:\/\/streetmarkets.fr\/app\/wp-json\/wp\/v2\/product_tag?post=3108444"}],"curies":[{"name":"wp","href":"https:\/\/api.w.org\/{rel}","templated":true}]}}