{"id":3108427,"date":"2025-11-28T07:42:53","date_gmt":"2025-11-28T06:42:53","guid":{"rendered":"https:\/\/streetmarkets.fr\/app\/produit\/collier-serena-sigal\/"},"modified":"2026-05-15T08:39:30","modified_gmt":"2026-05-15T06:39:30","slug":"collier-serena-sigal","status":"publish","type":"product","link":"https:\/\/streetmarkets.fr\/app\/produit\/collier-serena-sigal\/","title":{"rendered":"Collier Serena &#8211; Sigal"},"content":{"rendered":"<ul>\n<li>\n<p><span>Le collier Serena combine des perles argent\u00e9es aux reflets miroir, des \u00e9l\u00e9ments tubulaires dor\u00e9s et des anneaux orn\u00e9 de pierres claires, alternant les teintes et les textures.<\/span>\n<\/li>\n<li>\n<\/li>\n<li>Collier en laiton plaqu\u00e9 en or 24 carats\u00a0<\/li>\n<li>Perles et anneaux plaqu\u00e9s en argent\u00a0<span><\/span>\n<\/li>\n<li><span>Perles en oxyde de zirconium plaqu\u00e9 en or 24 carats<\/span><\/li>\n<\/ul>\n","protected":false},"excerpt":{"rendered":"<p>Le collier Serena combine des perles argent\u00e9es aux reflets miroir, des \u00e9l\u00e9ments tubulaires dor\u00e9s et des anneaux orn\u00e9 de pierres claires, alternant les teintes et les textures. Collier en laiton plaqu\u00e9 en or 24 carats\u00a0 Perles et anneaux plaqu\u00e9s en argent\u00a0 Perles en oxyde de zirconium plaqu\u00e9 en or 24 carats<\/p>\n","protected":false},"featured_media":3108428,"comment_status":"open","ping_status":"closed","template":"","meta":[],"product_brand":[],"product_cat":[],"product_tag":[],"acf":[],"_links":{"self":[{"href":"https:\/\/streetmarkets.fr\/app\/wp-json\/wp\/v2\/product\/3108427"}],"collection":[{"href":"https:\/\/streetmarkets.fr\/app\/wp-json\/wp\/v2\/product"}],"about":[{"href":"https:\/\/streetmarkets.fr\/app\/wp-json\/wp\/v2\/types\/product"}],"replies":[{"embeddable":true,"href":"https:\/\/streetmarkets.fr\/app\/wp-json\/wp\/v2\/comments?post=3108427"}],"wp:featuredmedia":[{"embeddable":true,"href":"https:\/\/streetmarkets.fr\/app\/wp-json\/wp\/v2\/media\/3108428"}],"wp:attachment":[{"href":"https:\/\/streetmarkets.fr\/app\/wp-json\/wp\/v2\/media?parent=3108427"}],"wp:term":[{"taxonomy":"product_brand","embeddable":true,"href":"https:\/\/streetmarkets.fr\/app\/wp-json\/wp\/v2\/product_brand?post=3108427"},{"taxonomy":"product_cat","embeddable":true,"href":"https:\/\/streetmarkets.fr\/app\/wp-json\/wp\/v2\/product_cat?post=3108427"},{"taxonomy":"product_tag","embeddable":true,"href":"https:\/\/streetmarkets.fr\/app\/wp-json\/wp\/v2\/product_tag?post=3108427"}],"curies":[{"name":"wp","href":"https:\/\/api.w.org\/{rel}","templated":true}]}}