{"id":3077407,"date":"2025-11-23T07:42:27","date_gmt":"2025-11-23T06:42:27","guid":{"rendered":"https:\/\/streetmarkets.fr\/app\/produit\/sautoir-andromeda-aigue-marine-bohemian-rhapsodie\/"},"modified":"2026-05-05T08:39:21","modified_gmt":"2026-05-05T06:39:21","slug":"sautoir-andromeda-aigue-marine-bohemian-rhapsodie","status":"publish","type":"product","link":"https:\/\/streetmarkets.fr\/app\/produit\/sautoir-andromeda-aigue-marine-bohemian-rhapsodie\/","title":{"rendered":"Sautoir Andromeda aigue marine &#8211; Bohemian Rhapsodie"},"content":{"rendered":"<p data-rte-preserve-empty=\"true\"><span>ANDROMEDA est en Aigue marine, perles, zircons, pompons en argent plaqu\u00e9 or et rubis.<\/span><\/p>\n<p data-rte-preserve-empty=\"true\">L\u2019aigue marine est une pierre apaisante qui maintiendrait l&#8217;unit\u00e9 du couple. Elle permettrait de calmer les tensions nerveuses et l&#8217;anxi\u00e9t\u00e9. Elle est \u00e9galement connue pour donner du courage et favoriser la communication.<\/p>\n<p data-rte-preserve-empty=\"true\"><span>Mesure :\u00a0 73cm<\/span><\/p>\n<p class=\"\">Cr\u00e9atrice fran\u00e7aise : Bohemian Rhapsodie\u00a0<\/p>\n","protected":false},"excerpt":{"rendered":"<p>ANDROMEDA est en Aigue marine, perles, zircons, pompons en argent plaqu\u00e9 or et rubis. L\u2019aigue marine est une pierre apaisante qui maintiendrait l&#8217;unit\u00e9 du couple. Elle permettrait de calmer les tensions nerveuses et l&#8217;anxi\u00e9t\u00e9. Elle est \u00e9galement connue pour donner du courage et favoriser la communication. Mesure :\u00a0 73cm Cr\u00e9atrice fran\u00e7aise : Bohemian Rhapsodie\u00a0<\/p>\n","protected":false},"featured_media":3077408,"comment_status":"open","ping_status":"closed","template":"","meta":[],"product_brand":[],"product_cat":[],"product_tag":[],"acf":[],"_links":{"self":[{"href":"https:\/\/streetmarkets.fr\/app\/wp-json\/wp\/v2\/product\/3077407"}],"collection":[{"href":"https:\/\/streetmarkets.fr\/app\/wp-json\/wp\/v2\/product"}],"about":[{"href":"https:\/\/streetmarkets.fr\/app\/wp-json\/wp\/v2\/types\/product"}],"replies":[{"embeddable":true,"href":"https:\/\/streetmarkets.fr\/app\/wp-json\/wp\/v2\/comments?post=3077407"}],"wp:featuredmedia":[{"embeddable":true,"href":"https:\/\/streetmarkets.fr\/app\/wp-json\/wp\/v2\/media\/3077408"}],"wp:attachment":[{"href":"https:\/\/streetmarkets.fr\/app\/wp-json\/wp\/v2\/media?parent=3077407"}],"wp:term":[{"taxonomy":"product_brand","embeddable":true,"href":"https:\/\/streetmarkets.fr\/app\/wp-json\/wp\/v2\/product_brand?post=3077407"},{"taxonomy":"product_cat","embeddable":true,"href":"https:\/\/streetmarkets.fr\/app\/wp-json\/wp\/v2\/product_cat?post=3077407"},{"taxonomy":"product_tag","embeddable":true,"href":"https:\/\/streetmarkets.fr\/app\/wp-json\/wp\/v2\/product_tag?post=3077407"}],"curies":[{"name":"wp","href":"https:\/\/api.w.org\/{rel}","templated":true}]}}