{"id":3063168,"date":"2025-11-22T00:30:54","date_gmt":"2025-11-21T23:30:54","guid":{"rendered":"https:\/\/streetmarkets.fr\/app\/produit\/amulette-lou\/"},"modified":"2026-05-09T01:17:17","modified_gmt":"2026-05-08T23:17:17","slug":"amulette-lou","status":"publish","type":"product","link":"https:\/\/streetmarkets.fr\/app\/produit\/amulette-lou\/","title":{"rendered":"Amulette Lou"},"content":{"rendered":"<div>\n <a title=\"Collection Alix D. Reynis\" href=\"\/collections\/alix-d-reynis\"><strong>Collection Alix D. Reynis<\/strong><\/a>\n<\/div>\n<div>\n<strong><\/strong>\n<\/div>\n<div>\n<span>Pendentif amulette en vermeil (argent plaqu\u00e9 or 5 microns) et kyanite bleue \u00e0 glisser sur un bracelet ou collier.<\/span>\n<\/div>\n<div><\/div>\n<div>Dimension : 1,5 cm.<\/div>\n<div><\/div>\n<div>\n<p><strong><em>L&#8217;amulette est vendue seule.<\/em><\/strong><\/p>\n<\/div>\n<p class=\"\">Les bijoux Alix D. Reynis sont livr\u00e9s dans une jolie boite et accompagn\u00e9s d&#8217;un certificat d&#8217;authenticit\u00e9 qui t\u00e9moigne de la teneur en m\u00e9taux pr\u00e9cieux et de la d\u00e9nomination des pierres utilis\u00e9es.<\/p>\n<p><span>:: Conseils d&#8217;entretien de vos bijoux en vermeil ::<\/span><br \/><em>&#8220;Afin de conserver vos bijoux en vermeil en parfait \u00e9tat, il est d\u00e9conseill\u00e9 de les porter lorsque vous dormez, vous baignez ou faites du sport. La patine peut venir \u00e0 s&#8217;estomper avec le temps, et est consid\u00e9r\u00e9e comme de l\u2019usure naturelle. La rapidit\u00e9 avec laquelle celle-ci dispara\u00eet d\u00e9pend de la fa\u00e7on dont le bijou est entretenu.<\/em><br \/><em>Nous vous conseillons de les ranger \u00e0 l\u2019abri de l\u2019humidit\u00e9, et de ne pas utiliser de produit nettoyant ou solvant.&#8221;<\/em><\/p>\n","protected":false},"excerpt":{"rendered":"<p>Collection Alix D. Reynis Pendentif amulette en vermeil (argent plaqu\u00e9 or 5 microns) et kyanite bleue \u00e0 glisser sur un bracelet ou collier. Dimension : 1,5 cm. L&#8217;amulette est vendue seule. Les bijoux Alix D. Reynis sont livr\u00e9s dans une jolie boite et accompagn\u00e9s d&#8217;un certificat d&#8217;authenticit\u00e9 qui t\u00e9moigne de la teneur en m\u00e9taux pr\u00e9cieux [&hellip;]<\/p>\n","protected":false},"featured_media":3063169,"comment_status":"open","ping_status":"closed","template":"","meta":[],"product_brand":[],"product_cat":[],"product_tag":[],"acf":[],"_links":{"self":[{"href":"https:\/\/streetmarkets.fr\/app\/wp-json\/wp\/v2\/product\/3063168"}],"collection":[{"href":"https:\/\/streetmarkets.fr\/app\/wp-json\/wp\/v2\/product"}],"about":[{"href":"https:\/\/streetmarkets.fr\/app\/wp-json\/wp\/v2\/types\/product"}],"replies":[{"embeddable":true,"href":"https:\/\/streetmarkets.fr\/app\/wp-json\/wp\/v2\/comments?post=3063168"}],"wp:featuredmedia":[{"embeddable":true,"href":"https:\/\/streetmarkets.fr\/app\/wp-json\/wp\/v2\/media\/3063169"}],"wp:attachment":[{"href":"https:\/\/streetmarkets.fr\/app\/wp-json\/wp\/v2\/media?parent=3063168"}],"wp:term":[{"taxonomy":"product_brand","embeddable":true,"href":"https:\/\/streetmarkets.fr\/app\/wp-json\/wp\/v2\/product_brand?post=3063168"},{"taxonomy":"product_cat","embeddable":true,"href":"https:\/\/streetmarkets.fr\/app\/wp-json\/wp\/v2\/product_cat?post=3063168"},{"taxonomy":"product_tag","embeddable":true,"href":"https:\/\/streetmarkets.fr\/app\/wp-json\/wp\/v2\/product_tag?post=3063168"}],"curies":[{"name":"wp","href":"https:\/\/api.w.org\/{rel}","templated":true}]}}