{"id":3063128,"date":"2025-11-22T00:30:51","date_gmt":"2025-11-21T23:30:51","guid":{"rendered":"https:\/\/streetmarkets.fr\/app\/produit\/bracelet-talia-rubis\/"},"modified":"2026-05-11T01:17:01","modified_gmt":"2026-05-10T23:17:01","slug":"bracelet-talia-rubis","status":"publish","type":"product","link":"https:\/\/streetmarkets.fr\/app\/produit\/bracelet-talia-rubis\/","title":{"rendered":"Bracelet Talia Rubis"},"content":{"rendered":"<p class=\"\"><a title=\"Collection Alix D. Reynis\" href=\"\/collections\/alix-d-reynis\"><strong>Collection Alix D. Reynis<\/strong><\/a><\/p>\n<p class=\"\"><span>Bracelet souple en vermeil (argent plaqu\u00e9 or 5 microns) et rubis \u00e0 porter seul ou \u00e0 accessoiriser avec une ou plusieurs amulettes.<\/span><\/p>\n<p class=\"\"><span> <em>Pierres cr\u00e9\u00e9es selon un proc\u00e9d\u00e9 verrier traditionnel, s\u00e9lectionn\u00e9es pour leur \u00e9clat profond et leur transparence unique.<\/em><\/span><\/p>\n<p class=\"\">Longueur : 34 cm.<\/p>\n<p><strong><em>Le bracelet est vendu seul.<\/em><\/strong><\/p>\n<p class=\"\">Les bijoux Alix D. Reynis sont livr\u00e9s dans une jolie boite et accompagn\u00e9s d&#8217;un certificat d&#8217;authenticit\u00e9 qui t\u00e9moigne de la teneur en m\u00e9taux pr\u00e9cieux et de la d\u00e9nomination des pierres utilis\u00e9es.<\/p>\n<p><span>:: Conseils d&#8217;entretien de vos bijoux en vermeil ::<br \/><em>&#8220;Afin de conserver vos bijoux en vermeil en parfait \u00e9tat, il est d\u00e9conseill\u00e9 de les porter lorsque vous dormez, vous baignez ou faites du sport. La patine peut venir \u00e0 s&#8217;estomper avec le temps, et est consid\u00e9r\u00e9e comme de l\u2019usure naturelle. La rapidit\u00e9 avec laquelle celle-ci dispara\u00eet d\u00e9pend de la fa\u00e7on dont le bijou est entretenu.<\/em><br \/><em>Nous vous conseillons de les ranger \u00e0 l\u2019abri de l\u2019humidit\u00e9, et de ne pas utiliser de produit nettoyant ou solvant.&#8221;<\/em><br \/><\/span><\/p>\n","protected":false},"excerpt":{"rendered":"<p>Collection Alix D. Reynis Bracelet souple en vermeil (argent plaqu\u00e9 or 5 microns) et rubis \u00e0 porter seul ou \u00e0 accessoiriser avec une ou plusieurs amulettes. Pierres cr\u00e9\u00e9es selon un proc\u00e9d\u00e9 verrier traditionnel, s\u00e9lectionn\u00e9es pour leur \u00e9clat profond et leur transparence unique. Longueur : 34 cm. Le bracelet est vendu seul. Les bijoux Alix D. [&hellip;]<\/p>\n","protected":false},"featured_media":3063129,"comment_status":"open","ping_status":"closed","template":"","meta":[],"product_brand":[],"product_cat":[],"product_tag":[],"acf":[],"_links":{"self":[{"href":"https:\/\/streetmarkets.fr\/app\/wp-json\/wp\/v2\/product\/3063128"}],"collection":[{"href":"https:\/\/streetmarkets.fr\/app\/wp-json\/wp\/v2\/product"}],"about":[{"href":"https:\/\/streetmarkets.fr\/app\/wp-json\/wp\/v2\/types\/product"}],"replies":[{"embeddable":true,"href":"https:\/\/streetmarkets.fr\/app\/wp-json\/wp\/v2\/comments?post=3063128"}],"wp:featuredmedia":[{"embeddable":true,"href":"https:\/\/streetmarkets.fr\/app\/wp-json\/wp\/v2\/media\/3063129"}],"wp:attachment":[{"href":"https:\/\/streetmarkets.fr\/app\/wp-json\/wp\/v2\/media?parent=3063128"}],"wp:term":[{"taxonomy":"product_brand","embeddable":true,"href":"https:\/\/streetmarkets.fr\/app\/wp-json\/wp\/v2\/product_brand?post=3063128"},{"taxonomy":"product_cat","embeddable":true,"href":"https:\/\/streetmarkets.fr\/app\/wp-json\/wp\/v2\/product_cat?post=3063128"},{"taxonomy":"product_tag","embeddable":true,"href":"https:\/\/streetmarkets.fr\/app\/wp-json\/wp\/v2\/product_tag?post=3063128"}],"curies":[{"name":"wp","href":"https:\/\/api.w.org\/{rel}","templated":true}]}}