{"id":3050560,"date":"2025-11-20T00:29:00","date_gmt":"2025-11-19T23:29:00","guid":{"rendered":"https:\/\/streetmarkets.fr\/app\/produit\/french-disorder-chemise-pablo-tobacco\/"},"modified":"2025-12-14T00:29:19","modified_gmt":"2025-12-13T23:29:19","slug":"french-disorder-chemise-pablo-tobacco","status":"publish","type":"product","link":"https:\/\/streetmarkets.fr\/app\/produit\/french-disorder-chemise-pablo-tobacco\/","title":{"rendered":"French Disorder &#8211; Chemise Pablo Tobacco"},"content":{"rendered":"<p>Avec sa coupe style cubain et son fit d\u00e9contract\u00e9, la chemise Pablo, d\u00e9velopp\u00e9e dans une \u00e9ponge ultra douce, fluide et respirante, est id\u00e9ale en version plage ou easywear.<\/p>\n<p>&#8211; Confectionn\u00e9 au Portugal<br \/>\n&#8211; Fit d\u00e9contract\u00e9<br \/>\n&#8211; maille \u00e9ponge fluide et douce<br \/>\n&#8211; Col cubain<br \/>\n&#8211; Fermeture boutonn\u00e9e<br \/>\n&#8211; Boutons grav\u00e9s FD<br \/>\n&#8211; Manches courtes<br \/>\n&#8211; Broderie rainbow signature ton sur ton<br \/>\n&#8211; Pr\u00e9lav\u00e9 pour \u00e9viter tout risque de d\u00e9coloration et de r\u00e9tr\u00e9cissement<\/p>\n<p>Molleton \u00e9ponge 200-210gr 100% coton premium<\/p>\n","protected":false},"excerpt":{"rendered":"<p>Avec sa coupe style cubain et son fit d\u00e9contract\u00e9, la chemise Pablo, d\u00e9velopp\u00e9e dans une \u00e9ponge ultra douce, fluide et respirante, est id\u00e9ale en version plage ou easywear. &#8211; Confectionn\u00e9 au Portugal &#8211; Fit d\u00e9contract\u00e9 &#8211; maille \u00e9ponge fluide et douce &#8211; Col cubain &#8211; Fermeture boutonn\u00e9e &#8211; Boutons grav\u00e9s FD &#8211; Manches courtes &#8211; [&hellip;]<\/p>\n","protected":false},"featured_media":3050561,"comment_status":"open","ping_status":"closed","template":"","meta":[],"product_brand":[],"product_cat":[],"product_tag":[],"acf":[],"_links":{"self":[{"href":"https:\/\/streetmarkets.fr\/app\/wp-json\/wp\/v2\/product\/3050560"}],"collection":[{"href":"https:\/\/streetmarkets.fr\/app\/wp-json\/wp\/v2\/product"}],"about":[{"href":"https:\/\/streetmarkets.fr\/app\/wp-json\/wp\/v2\/types\/product"}],"replies":[{"embeddable":true,"href":"https:\/\/streetmarkets.fr\/app\/wp-json\/wp\/v2\/comments?post=3050560"}],"wp:featuredmedia":[{"embeddable":true,"href":"https:\/\/streetmarkets.fr\/app\/wp-json\/wp\/v2\/media\/3050561"}],"wp:attachment":[{"href":"https:\/\/streetmarkets.fr\/app\/wp-json\/wp\/v2\/media?parent=3050560"}],"wp:term":[{"taxonomy":"product_brand","embeddable":true,"href":"https:\/\/streetmarkets.fr\/app\/wp-json\/wp\/v2\/product_brand?post=3050560"},{"taxonomy":"product_cat","embeddable":true,"href":"https:\/\/streetmarkets.fr\/app\/wp-json\/wp\/v2\/product_cat?post=3050560"},{"taxonomy":"product_tag","embeddable":true,"href":"https:\/\/streetmarkets.fr\/app\/wp-json\/wp\/v2\/product_tag?post=3050560"}],"curies":[{"name":"wp","href":"https:\/\/api.w.org\/{rel}","templated":true}]}}