{"id":3050553,"date":"2025-11-20T00:29:00","date_gmt":"2025-11-19T23:29:00","guid":{"rendered":"https:\/\/streetmarkets.fr\/app\/produit\/french-disorder-short-venice-tobacco\/"},"modified":"2025-12-14T00:29:19","modified_gmt":"2025-12-13T23:29:19","slug":"french-disorder-short-venice-tobacco","status":"publish","type":"product","link":"https:\/\/streetmarkets.fr\/app\/produit\/french-disorder-short-venice-tobacco\/","title":{"rendered":"French Disorder &#8211; Short Venice Tobacco"},"content":{"rendered":"<p>Retrouver le short Venice en \u00e9ponge fluide et ultra douce pour un confort absolu et un style qui va faire des envieux. Avec ses couleurs de saison, il est id\u00e9al pour chiller \u00e0 la maison ou en version plage.<\/p>\n<p>&#8211; Confectionn\u00e9 au Portugal<br \/>\n&#8211; Coupe droite d\u00e9contract\u00e9e<br \/>\n&#8211; Maille \u00e9ponge fluide et douce<br \/>\n&#8211; Taille avec \u00e9lastique confortable et cordon d&#8217;ajustement<br \/>\n&#8211; Deux poches lat\u00e9rales<br \/>\n&#8211; Une poche arri\u00e8re<br \/>\n&#8211; Broderie rainbow signature<br \/>\n&#8211; Pr\u00e9lav\u00e9 pour \u00e9viter tout risque de d\u00e9coloration et de r\u00e9tr\u00e9cissement<\/p>\n<p>Molleton \u00e9ponge 200-210gr 100% coton premium<\/p>\n","protected":false},"excerpt":{"rendered":"<p>Retrouver le short Venice en \u00e9ponge fluide et ultra douce pour un confort absolu et un style qui va faire des envieux. Avec ses couleurs de saison, il est id\u00e9al pour chiller \u00e0 la maison ou en version plage. &#8211; Confectionn\u00e9 au Portugal &#8211; Coupe droite d\u00e9contract\u00e9e &#8211; Maille \u00e9ponge fluide et douce &#8211; Taille [&hellip;]<\/p>\n","protected":false},"featured_media":3050554,"comment_status":"open","ping_status":"closed","template":"","meta":[],"product_brand":[],"product_cat":[],"product_tag":[],"acf":[],"_links":{"self":[{"href":"https:\/\/streetmarkets.fr\/app\/wp-json\/wp\/v2\/product\/3050553"}],"collection":[{"href":"https:\/\/streetmarkets.fr\/app\/wp-json\/wp\/v2\/product"}],"about":[{"href":"https:\/\/streetmarkets.fr\/app\/wp-json\/wp\/v2\/types\/product"}],"replies":[{"embeddable":true,"href":"https:\/\/streetmarkets.fr\/app\/wp-json\/wp\/v2\/comments?post=3050553"}],"wp:featuredmedia":[{"embeddable":true,"href":"https:\/\/streetmarkets.fr\/app\/wp-json\/wp\/v2\/media\/3050554"}],"wp:attachment":[{"href":"https:\/\/streetmarkets.fr\/app\/wp-json\/wp\/v2\/media?parent=3050553"}],"wp:term":[{"taxonomy":"product_brand","embeddable":true,"href":"https:\/\/streetmarkets.fr\/app\/wp-json\/wp\/v2\/product_brand?post=3050553"},{"taxonomy":"product_cat","embeddable":true,"href":"https:\/\/streetmarkets.fr\/app\/wp-json\/wp\/v2\/product_cat?post=3050553"},{"taxonomy":"product_tag","embeddable":true,"href":"https:\/\/streetmarkets.fr\/app\/wp-json\/wp\/v2\/product_tag?post=3050553"}],"curies":[{"name":"wp","href":"https:\/\/api.w.org\/{rel}","templated":true}]}}